{"id":866,"date":"2019-05-13T14:56:04","date_gmt":"2019-05-13T14:56:04","guid":{"rendered":"https:\/\/www.rabattcorner.ch\/cashback\/?page_id=866"},"modified":"2026-02-23T09:32:38","modified_gmt":"2026-02-23T09:32:38","slug":"5-raisons-dutiliser-le-cashback-pour-economiser","status":"publish","type":"page","link":"https:\/\/www.rabattcorner.ch\/cashback\/fr\/5-raisons-dutiliser-le-cashback-pour-economiser\/","title":{"rendered":"5 raisons de profiter de cashback pour \u00e9conomiser"},"content":{"rendered":"\n<p>Nouvelle tendance venue tout droit des Etats-Unis, le cashback est un montant que tu r\u00e9cup\u00e8res apr\u00e8s avoir effectu\u00e9 un achat. En Suisse, <a href=\"https:\/\/www.rabattcorner.ch\/fr\/\">Rabattcorner.ch<\/a> est leader sur ce march\u00e9 et te permet de r\u00e9cup\u00e9rer du cash sur tous tes achats en ligne. Quel est l\u2019int\u00e9r\u00eat exactement? Pourquoi utiliser une telle plateforme? Voici 5 raisons de penser cashback pour faire des \u00e9conomies.<\/p>\n\n\n\n<h3 class=\"wp-block-heading\">1. Tu r\u00e9cup\u00e8res jusqu\u2019\u00e0 25% de cash sur tes achats<\/h3>\n\n\n\n<p>En passant par la plateforme de cashback, tu peux r\u00e9cup\u00e9rer jusqu\u2019\u00e0 25% du montant de tes achats, soit \u00bc de tes d\u00e9penses. Une personne achetant fr\u00e9quemment en ligne peut ainsi se voir rembourser plusieurs centaines de francs par an. <\/p>\n\n\n\n<h3 class=\"wp-block-heading\">2. Tu peux profiter de cashback dans plus de 790 boutiques en ligne<\/h3>\n\n\n\n<p>Tu b\u00e9n\u00e9ficies de cashback sur tous tes achats dans plus de 790 boutiques en ligne sp\u00e9cialis\u00e9es dans le voyage, la mode, l\u2019high-tech, l\u2019\u00e9lectrom\u00e9nager\u2026 Parmi les boutiques les plus connues, tu retrouves Booking.com, Media Markt, Microspot, Saranza.ch ou encore Dosenbach.<\/p>\n\n\n\n<h3 class=\"wp-block-heading\">3. L&#8217;inscription est 100% gratuite<\/h3>\n\n\n\n<p>L\u2019inscription et l\u2019utilisation de la plateforme de cashback Rabattcorner sont gratuites. Celle-ci est financ\u00e9e gr\u00e2ce aux commissions qu\u2019elle re\u00e7oit de ses partenaires lorsqu\u2019une commande est effectu\u00e9e via sa plateforme. L\u2019utilisateur ne paye aucun frais de service.<\/p>\n\n\n\n<h3 class=\"wp-block-heading\">4. L&#8217;activation du cashback se fait en un clic<\/h3>\n\n\n\n<p>Apr\u00e8s t\u2019\u00eatre inscrit sur Rabattcorner, choisis ta boutique en ligne et effectue tes achats, comme d\u2019habitude. Tu recevras alors automatiquement ton cashback sur ton compte utilisateur. D\u00e8s CHF 20.- cumul\u00e9s, tu peux demander le versement en un clic sur ton compte bancaire ou Paypal. &nbsp;&nbsp;<\/p>\n\n\n\n<h3 class=\"wp-block-heading\">5. Tu peux cumuler le cashback avec des bons de r\u00e9duction et des promotions <\/h3>\n\n\n\n<p>En plus de cashback, tu peux cumuler des bons de r\u00e9duction et des offres promotionnelles valables dans les boutiques partenaires. Tu profites ainsi des meilleurs prix et \u00e9conomises significativement sur chacune de tes commandes en ligne. <\/p>\n\n\n\n<p>Faire des \u00e9conomies n\u2019aura jamais \u00e9t\u00e9 aussi simple! En adoptant la plateforme de cashback Rabattcorner, chaque achat se transforme en bonnes affaires. Rapide et fiable, la soci\u00e9t\u00e9 zurichoise a d\u00e9j\u00e0 rembours\u00e9 plus de 3 millions de francs \u00e0 ses utilisateurs depuis sa cr\u00e9ation en 2014. Alors pourquoi s\u2019en priver?<\/p>\n\n\n\n<figure class=\"wp-block-embed is-type-video is-provider-vimeo wp-block-embed-vimeo wp-embed-aspect-1-1 wp-has-aspect-ratio\"><div class=\"wp-block-embed__wrapper\">\n<iframe loading=\"lazy\" title=\"Comment gagner du cashback avec Rabattcorner ?\" src=\"https:\/\/player.vimeo.com\/video\/718608219?dnt=1&amp;app_id=122963\" width=\"500\" height=\"391\" frameborder=\"0\" allow=\"autoplay; fullscreen; picture-in-picture; clipboard-write; encrypted-media; web-share\" referrerpolicy=\"strict-origin-when-cross-origin\"><\/iframe>\n<\/div><\/figure>\n\n\n\n<div class=\"wp-block-button\"><a class=\"wp-block-button__link has-white-color has-text-color has-background has-link-color wp-element-button\" href=\"https:\/\/www.rabattcorner.ch\/fr\/register\" style=\"background-color:#36af45\">S&#8217;inscrire gratuitement<\/a><\/div>\n","protected":false},"excerpt":{"rendered":"<p>Nouvelle tendance venue tout droit des Etats-Unis, le cashback est un montant que tu r\u00e9cup\u00e8res apr\u00e8s avoir effectu\u00e9 un achat. En Suisse, Rabattcorner.ch est leader sur ce march\u00e9 et te permet de r\u00e9cup\u00e9rer du cash sur tous tes achats en ligne. Quel est l\u2019int\u00e9r\u00eat exactement? Pourquoi utiliser une telle plateforme? Voici 5 raisons de penser [&hellip;]<\/p>\n","protected":false},"author":3,"featured_media":1973,"parent":0,"menu_order":0,"comment_status":"closed","ping_status":"closed","template":"templates\/template-additional.php","meta":{"footnotes":""},"class_list":["post-866","page","type-page","status-publish","has-post-thumbnail","hentry"],"yoast_head":"<!-- This site is optimized with the Yoast SEO plugin v27.1.1 - https:\/\/yoast.com\/product\/yoast-seo-wordpress\/ -->\n<title>5 raisons de profiter de cashback pour \u00e9conomiser - Rabattcorner - Cashback<\/title>\n<meta name=\"description\" content=\"Le cashback est un montant que tu r\u00e9cup\u00e8res apr\u00e8s avoir effectu\u00e9 un achat. Quel est l\u2019int\u00e9r\u00eat? Voici 5 raisons de penser cashback pour faire des \u00e9conomies.\" \/>\n<meta name=\"robots\" content=\"index, follow, max-snippet:-1, max-image-preview:large, max-video-preview:-1\" \/>\n<link rel=\"canonical\" href=\"https:\/\/www.rabattcorner.ch\/cashback\/fr\/5-raisons-dutiliser-le-cashback-pour-economiser\/\" \/>\n<meta property=\"og:locale\" content=\"de_DE\" \/>\n<meta property=\"og:type\" content=\"article\" \/>\n<meta property=\"og:title\" content=\"5 raisons de profiter de cashback pour \u00e9conomiser - Rabattcorner - Cashback\" \/>\n<meta property=\"og:description\" content=\"Le cashback est un montant que tu r\u00e9cup\u00e8res apr\u00e8s avoir effectu\u00e9 un achat. Quel est l\u2019int\u00e9r\u00eat? Voici 5 raisons de penser cashback pour faire des \u00e9conomies.\" \/>\n<meta property=\"og:url\" content=\"https:\/\/www.rabattcorner.ch\/cashback\/fr\/5-raisons-dutiliser-le-cashback-pour-economiser\/\" \/>\n<meta property=\"og:site_name\" content=\"Rabattcorner - Cashback\" \/>\n<meta property=\"article:publisher\" content=\"https:\/\/www.facebook.com\/rabattcorner\" \/>\n<meta property=\"article:modified_time\" content=\"2026-02-23T09:32:38+00:00\" \/>\n<meta property=\"og:image\" content=\"https:\/\/www.rabattcorner.ch\/cashback\/wp-content\/uploads\/2019\/09\/5-raisons-de-profiter-de-cashback-pour-economiser.jpg\" \/>\n\t<meta property=\"og:image:width\" content=\"1920\" \/>\n\t<meta property=\"og:image:height\" content=\"1080\" \/>\n\t<meta property=\"og:image:type\" content=\"image\/jpeg\" \/>\n<meta name=\"twitter:card\" content=\"summary_large_image\" \/>\n<meta name=\"twitter:site\" content=\"@rabattcorner\" \/>\n<meta name=\"twitter:label1\" content=\"Gesch\u00e4tzte Lesezeit\" \/>\n\t<meta name=\"twitter:data1\" content=\"2\u00a0Minuten\" \/>\n<script type=\"application\/ld+json\" class=\"yoast-schema-graph\">{\"@context\":\"https:\/\/schema.org\",\"@graph\":[{\"@type\":\"WebPage\",\"@id\":\"https:\/\/www.rabattcorner.ch\/cashback\/fr\/5-raisons-dutiliser-le-cashback-pour-economiser\/\",\"url\":\"https:\/\/www.rabattcorner.ch\/cashback\/fr\/5-raisons-dutiliser-le-cashback-pour-economiser\/\",\"name\":\"5 raisons de profiter de cashback pour \u00e9conomiser - Rabattcorner - Cashback\",\"isPartOf\":{\"@id\":\"https:\/\/www.rabattcorner.ch\/cashback\/#website\"},\"primaryImageOfPage\":{\"@id\":\"https:\/\/www.rabattcorner.ch\/cashback\/fr\/5-raisons-dutiliser-le-cashback-pour-economiser\/#primaryimage\"},\"image\":{\"@id\":\"https:\/\/www.rabattcorner.ch\/cashback\/fr\/5-raisons-dutiliser-le-cashback-pour-economiser\/#primaryimage\"},\"thumbnailUrl\":\"https:\/\/www.rabattcorner.ch\/cashback\/wp-content\/uploads\/2019\/09\/5-raisons-de-profiter-de-cashback-pour-economiser.jpg\",\"datePublished\":\"2019-05-13T14:56:04+00:00\",\"dateModified\":\"2026-02-23T09:32:38+00:00\",\"description\":\"Le cashback est un montant que tu r\u00e9cup\u00e8res apr\u00e8s avoir effectu\u00e9 un achat. Quel est l\u2019int\u00e9r\u00eat? Voici 5 raisons de penser cashback pour faire des \u00e9conomies.\",\"breadcrumb\":{\"@id\":\"https:\/\/www.rabattcorner.ch\/cashback\/fr\/5-raisons-dutiliser-le-cashback-pour-economiser\/#breadcrumb\"},\"inLanguage\":\"de-CH\",\"potentialAction\":[{\"@type\":\"ReadAction\",\"target\":[\"https:\/\/www.rabattcorner.ch\/cashback\/fr\/5-raisons-dutiliser-le-cashback-pour-economiser\/\"]}]},{\"@type\":\"ImageObject\",\"inLanguage\":\"de-CH\",\"@id\":\"https:\/\/www.rabattcorner.ch\/cashback\/fr\/5-raisons-dutiliser-le-cashback-pour-economiser\/#primaryimage\",\"url\":\"https:\/\/www.rabattcorner.ch\/cashback\/wp-content\/uploads\/2019\/09\/5-raisons-de-profiter-de-cashback-pour-economiser.jpg\",\"contentUrl\":\"https:\/\/www.rabattcorner.ch\/cashback\/wp-content\/uploads\/2019\/09\/5-raisons-de-profiter-de-cashback-pour-economiser.jpg\",\"width\":1920,\"height\":1080},{\"@type\":\"BreadcrumbList\",\"@id\":\"https:\/\/www.rabattcorner.ch\/cashback\/fr\/5-raisons-dutiliser-le-cashback-pour-economiser\/#breadcrumb\",\"itemListElement\":[{\"@type\":\"ListItem\",\"position\":1,\"name\":\"Cashback\",\"item\":\"https:\/\/www.rabattcorner.ch\/cashback\/\"},{\"@type\":\"ListItem\",\"position\":2,\"name\":\"5 raisons de profiter de cashback pour \u00e9conomiser\"}]},{\"@type\":\"WebSite\",\"@id\":\"https:\/\/www.rabattcorner.ch\/cashback\/#website\",\"url\":\"https:\/\/www.rabattcorner.ch\/cashback\/\",\"name\":\"Rabattcorner - Cashback\",\"description\":\"Erhalte Cashback f\u00fcr deine Online-Eink\u00e4ufe\",\"alternateName\":\"Rabattcorner\",\"potentialAction\":[{\"@type\":\"SearchAction\",\"target\":{\"@type\":\"EntryPoint\",\"urlTemplate\":\"https:\/\/www.rabattcorner.ch\/cashback\/?s={search_term_string}\"},\"query-input\":{\"@type\":\"PropertyValueSpecification\",\"valueRequired\":true,\"valueName\":\"search_term_string\"}}],\"inLanguage\":\"de-CH\"}]}<\/script>\n<!-- \/ Yoast SEO plugin. -->","yoast_head_json":{"title":"5 raisons de profiter de cashback pour \u00e9conomiser - Rabattcorner - Cashback","description":"Le cashback est un montant que tu r\u00e9cup\u00e8res apr\u00e8s avoir effectu\u00e9 un achat. Quel est l\u2019int\u00e9r\u00eat? Voici 5 raisons de penser cashback pour faire des \u00e9conomies.","robots":{"index":"index","follow":"follow","max-snippet":"max-snippet:-1","max-image-preview":"max-image-preview:large","max-video-preview":"max-video-preview:-1"},"canonical":"https:\/\/www.rabattcorner.ch\/cashback\/fr\/5-raisons-dutiliser-le-cashback-pour-economiser\/","og_locale":"de_DE","og_type":"article","og_title":"5 raisons de profiter de cashback pour \u00e9conomiser - Rabattcorner - Cashback","og_description":"Le cashback est un montant que tu r\u00e9cup\u00e8res apr\u00e8s avoir effectu\u00e9 un achat. Quel est l\u2019int\u00e9r\u00eat? Voici 5 raisons de penser cashback pour faire des \u00e9conomies.","og_url":"https:\/\/www.rabattcorner.ch\/cashback\/fr\/5-raisons-dutiliser-le-cashback-pour-economiser\/","og_site_name":"Rabattcorner - Cashback","article_publisher":"https:\/\/www.facebook.com\/rabattcorner","article_modified_time":"2026-02-23T09:32:38+00:00","og_image":[{"width":1920,"height":1080,"url":"https:\/\/www.rabattcorner.ch\/cashback\/wp-content\/uploads\/2019\/09\/5-raisons-de-profiter-de-cashback-pour-economiser.jpg","type":"image\/jpeg"}],"twitter_card":"summary_large_image","twitter_site":"@rabattcorner","twitter_misc":{"Gesch\u00e4tzte Lesezeit":"2\u00a0Minuten"},"schema":{"@context":"https:\/\/schema.org","@graph":[{"@type":"WebPage","@id":"https:\/\/www.rabattcorner.ch\/cashback\/fr\/5-raisons-dutiliser-le-cashback-pour-economiser\/","url":"https:\/\/www.rabattcorner.ch\/cashback\/fr\/5-raisons-dutiliser-le-cashback-pour-economiser\/","name":"5 raisons de profiter de cashback pour \u00e9conomiser - Rabattcorner - Cashback","isPartOf":{"@id":"https:\/\/www.rabattcorner.ch\/cashback\/#website"},"primaryImageOfPage":{"@id":"https:\/\/www.rabattcorner.ch\/cashback\/fr\/5-raisons-dutiliser-le-cashback-pour-economiser\/#primaryimage"},"image":{"@id":"https:\/\/www.rabattcorner.ch\/cashback\/fr\/5-raisons-dutiliser-le-cashback-pour-economiser\/#primaryimage"},"thumbnailUrl":"https:\/\/www.rabattcorner.ch\/cashback\/wp-content\/uploads\/2019\/09\/5-raisons-de-profiter-de-cashback-pour-economiser.jpg","datePublished":"2019-05-13T14:56:04+00:00","dateModified":"2026-02-23T09:32:38+00:00","description":"Le cashback est un montant que tu r\u00e9cup\u00e8res apr\u00e8s avoir effectu\u00e9 un achat. Quel est l\u2019int\u00e9r\u00eat? Voici 5 raisons de penser cashback pour faire des \u00e9conomies.","breadcrumb":{"@id":"https:\/\/www.rabattcorner.ch\/cashback\/fr\/5-raisons-dutiliser-le-cashback-pour-economiser\/#breadcrumb"},"inLanguage":"de-CH","potentialAction":[{"@type":"ReadAction","target":["https:\/\/www.rabattcorner.ch\/cashback\/fr\/5-raisons-dutiliser-le-cashback-pour-economiser\/"]}]},{"@type":"ImageObject","inLanguage":"de-CH","@id":"https:\/\/www.rabattcorner.ch\/cashback\/fr\/5-raisons-dutiliser-le-cashback-pour-economiser\/#primaryimage","url":"https:\/\/www.rabattcorner.ch\/cashback\/wp-content\/uploads\/2019\/09\/5-raisons-de-profiter-de-cashback-pour-economiser.jpg","contentUrl":"https:\/\/www.rabattcorner.ch\/cashback\/wp-content\/uploads\/2019\/09\/5-raisons-de-profiter-de-cashback-pour-economiser.jpg","width":1920,"height":1080},{"@type":"BreadcrumbList","@id":"https:\/\/www.rabattcorner.ch\/cashback\/fr\/5-raisons-dutiliser-le-cashback-pour-economiser\/#breadcrumb","itemListElement":[{"@type":"ListItem","position":1,"name":"Cashback","item":"https:\/\/www.rabattcorner.ch\/cashback\/"},{"@type":"ListItem","position":2,"name":"5 raisons de profiter de cashback pour \u00e9conomiser"}]},{"@type":"WebSite","@id":"https:\/\/www.rabattcorner.ch\/cashback\/#website","url":"https:\/\/www.rabattcorner.ch\/cashback\/","name":"Rabattcorner - Cashback","description":"Erhalte Cashback f\u00fcr deine Online-Eink\u00e4ufe","alternateName":"Rabattcorner","potentialAction":[{"@type":"SearchAction","target":{"@type":"EntryPoint","urlTemplate":"https:\/\/www.rabattcorner.ch\/cashback\/?s={search_term_string}"},"query-input":{"@type":"PropertyValueSpecification","valueRequired":true,"valueName":"search_term_string"}}],"inLanguage":"de-CH"}]}},"lang":"fr","translations":{"fr":866,"de":875,"en":7230},"pll_sync_post":[],"_links":{"self":[{"href":"https:\/\/www.rabattcorner.ch\/cashback\/wp-json\/wp\/v2\/pages\/866","targetHints":{"allow":["GET"]}}],"collection":[{"href":"https:\/\/www.rabattcorner.ch\/cashback\/wp-json\/wp\/v2\/pages"}],"about":[{"href":"https:\/\/www.rabattcorner.ch\/cashback\/wp-json\/wp\/v2\/types\/page"}],"author":[{"embeddable":true,"href":"https:\/\/www.rabattcorner.ch\/cashback\/wp-json\/wp\/v2\/users\/3"}],"replies":[{"embeddable":true,"href":"https:\/\/www.rabattcorner.ch\/cashback\/wp-json\/wp\/v2\/comments?post=866"}],"version-history":[{"count":23,"href":"https:\/\/www.rabattcorner.ch\/cashback\/wp-json\/wp\/v2\/pages\/866\/revisions"}],"predecessor-version":[{"id":7235,"href":"https:\/\/www.rabattcorner.ch\/cashback\/wp-json\/wp\/v2\/pages\/866\/revisions\/7235"}],"wp:featuredmedia":[{"embeddable":true,"href":"https:\/\/www.rabattcorner.ch\/cashback\/wp-json\/wp\/v2\/media\/1973"}],"wp:attachment":[{"href":"https:\/\/www.rabattcorner.ch\/cashback\/wp-json\/wp\/v2\/media?parent=866"}],"curies":[{"name":"wp","href":"https:\/\/api.w.org\/{rel}","templated":true}]}}