{"id":528,"date":"2019-04-09T10:55:10","date_gmt":"2019-04-09T10:55:10","guid":{"rendered":"https:\/\/www.rabattcorner.ch\/cashback\/?page_id=528"},"modified":"2026-01-28T13:56:48","modified_gmt":"2026-01-28T13:56:48","slug":"mentions-legales","status":"publish","type":"page","link":"https:\/\/www.rabattcorner.ch\/cashback\/fr\/mentions-legales\/","title":{"rendered":"Mentions l\u00e9gales"},"content":{"rendered":"\n<h2 class=\"wp-block-heading\">EXCLUSION DE RESPONSABILIT\u00c9<\/h2>\n\n\n\n<h4 class=\"wp-block-heading\">Responsabilit\u00e9 pour les contenus:<\/h4>\n\n\n\n<p>Les contenus de notre site Internet ont \u00e9t\u00e9 cr\u00e9\u00e9s avec un grand soin. Nous ne fournissons cependant aucune garantie quant \u00e0 l\u2019authenticit\u00e9, l\u2019int\u00e9gralit\u00e9 et l\u2019actualit\u00e9 des contenus. L\u2019utilisation des informations de nos pages se fait \u00e0 ton propre risque et selon ta propre responsabilit\u00e9. Nous te recommandons, avant d\u2019utiliser ces informations, de contr\u00f4ler leur authenticit\u00e9, leur int\u00e9gralit\u00e9 et leur actualit\u00e9. En respect des dispositions l\u00e9gales, nous ne sommes pas tenus de surveiller ni de contr\u00f4ler les informations externes transmises par des tiers ou enregistr\u00e9es par ceux-ci sur nos pages du point de vue d\u2019une activit\u00e9 ill\u00e9gale. Cependant, nous \u00e9liminerons imm\u00e9diatement de tels contenus si nous avons connaissance d\u2019une violation de droit ou d\u2019un manquement \u00e0 une loi. Merci de nous aider \u00e0 \u00e9liminer rapidement ces manquements en nous en informant.<\/p>\n\n\n\n<h4 class=\"wp-block-heading\">Responsabilit\u00e9 pour les hyperliens:<\/h4>\n\n\n\n<p>Notre offre contient des liens vers des sites Internet externes de tiers sur lesquels nous n\u2019avons aucune influence quant aux contenus et \u00e0 la pr\u00e9sentation future. Nous ne pouvons ainsi fournir aucune garantie pour ces contenus externes et d\u00e9clinons toute responsabilit\u00e9 \u00e0 leur \u00e9gard. Seul le fournisseur correspondant des sites Internet li\u00e9s ou l\u2019exploitant des sites Internet est responsable du contenu des sites li\u00e9s. La mise en place d\u2019hyperliens vers des sites Internet de tiers ne signifie pas que nous faisons n\u00f4tre leur contenu. Les sites Internet li\u00e9s sont contr\u00f4l\u00e9s du point de vue d\u2019\u00e9ventuelles infractions au moment de leur mise en place. Aucun contenu en infraction n\u2019a \u00e9t\u00e9 constat\u00e9 au moment de la mise en lien. Un contr\u00f4le permanent du contenu de ces sites n\u2019est cependant pas possible sans indices concrets d\u2019une infraction. Lorsque des infractions correspondantes sont constat\u00e9es, nous supprimons imm\u00e9diatement de tels liens.<\/p>\n\n\n\n<h4 class=\"wp-block-heading\">Droit d\u2019auteur:<\/h4>\n\n\n\n<p>Les contenus et \u0153uvres de ces pages cr\u00e9\u00e9s par nos soins ou pour nous sont soumis aux dispositions l\u00e9gales sur les droits d\u2019auteur ou les droits de protection de prestation apparent\u00e9s. Toute reproduction, tout traitement, toute diffusion et tout type d\u2019utilisation non express\u00e9ment autoris\u00e9s par la loi sous-entendent l\u2019accord \u00e9crit pr\u00e9alable du d\u00e9tenteur correspondant du droit. Les t\u00e9l\u00e9chargements et copies de ces pages sont uniquement autoris\u00e9s \u00e0 des fins priv\u00e9es et non commerciales. Si les contenus de cette page n\u2019ont pas \u00e9t\u00e9 cr\u00e9\u00e9s par nos soins ou pour nous, les droits de propri\u00e9t\u00e9 intellectuelle des tiers sont respect\u00e9s. Si tu remarques cependant la violation d\u2019un droit d\u2019auteur, merci de nous en informer. Lorsque nous constatons des infractions correspondantes, nous supprimons imm\u00e9diatement ces contenus.<\/p>\n\n\n\n<h4 class=\"wp-block-heading\">Sous r\u00e9serve de modifications:<\/h4>\n\n\n\n<p>Nous nous r\u00e9servons le droit de modifier \u00e0 tout moment nos sites Internet.<\/p>\n","protected":false},"excerpt":{"rendered":"<p>EXCLUSION DE RESPONSABILIT\u00c9 Responsabilit\u00e9 pour les contenus: Les contenus de notre site Internet ont \u00e9t\u00e9 cr\u00e9\u00e9s avec un grand soin. Nous ne fournissons cependant aucune garantie quant \u00e0 l\u2019authenticit\u00e9, l\u2019int\u00e9gralit\u00e9 et l\u2019actualit\u00e9 des contenus. L\u2019utilisation des informations de nos pages se fait \u00e0 ton propre risque et selon ta propre responsabilit\u00e9. Nous te recommandons, avant [&hellip;]<\/p>\n","protected":false},"author":1,"featured_media":0,"parent":0,"menu_order":0,"comment_status":"closed","ping_status":"closed","template":"templates\/template-impressum.php","meta":{"footnotes":""},"class_list":["post-528","page","type-page","status-publish","hentry"],"yoast_head":"<!-- This site is optimized with the Yoast SEO plugin v27.1.1 - https:\/\/yoast.com\/product\/yoast-seo-wordpress\/ -->\n<title>Mentions l\u00e9gales - Rabattcorner - Cashback<\/title>\n<meta name=\"description\" content=\"Le contenu de notre site est soumis aux dispositions l\u00e9gales sur les droits d\u2019auteur et la protection intellectuelle. Toute reproduction n&#039;est pas autoris\u00e9e.\" \/>\n<meta name=\"robots\" content=\"index, follow, max-snippet:-1, max-image-preview:large, max-video-preview:-1\" \/>\n<link rel=\"canonical\" href=\"https:\/\/www.rabattcorner.ch\/cashback\/fr\/mentions-legales\/\" \/>\n<meta property=\"og:locale\" content=\"de_DE\" \/>\n<meta property=\"og:type\" content=\"article\" \/>\n<meta property=\"og:title\" content=\"Mentions l\u00e9gales - Rabattcorner - Cashback\" \/>\n<meta property=\"og:description\" content=\"Le contenu de notre site est soumis aux dispositions l\u00e9gales sur les droits d\u2019auteur et la protection intellectuelle. Toute reproduction n&#039;est pas autoris\u00e9e.\" \/>\n<meta property=\"og:url\" content=\"https:\/\/www.rabattcorner.ch\/cashback\/fr\/mentions-legales\/\" \/>\n<meta property=\"og:site_name\" content=\"Rabattcorner - Cashback\" \/>\n<meta property=\"article:publisher\" content=\"https:\/\/www.facebook.com\/rabattcorner\" \/>\n<meta property=\"article:modified_time\" content=\"2026-01-28T13:56:48+00:00\" \/>\n<meta property=\"og:image\" content=\"https:\/\/www.rabattcorner.ch\/cashback\/wp-content\/uploads\/2019\/02\/favicon_master.png\" \/>\n\t<meta property=\"og:image:width\" content=\"512\" \/>\n\t<meta property=\"og:image:height\" content=\"512\" \/>\n\t<meta property=\"og:image:type\" content=\"image\/png\" \/>\n<meta name=\"twitter:card\" content=\"summary_large_image\" \/>\n<meta name=\"twitter:site\" content=\"@rabattcorner\" \/>\n<meta name=\"twitter:label1\" content=\"Gesch\u00e4tzte Lesezeit\" \/>\n\t<meta name=\"twitter:data1\" content=\"2\u00a0Minuten\" \/>\n<script type=\"application\/ld+json\" class=\"yoast-schema-graph\">{\"@context\":\"https:\/\/schema.org\",\"@graph\":[{\"@type\":\"WebPage\",\"@id\":\"https:\/\/www.rabattcorner.ch\/cashback\/fr\/mentions-legales\/\",\"url\":\"https:\/\/www.rabattcorner.ch\/cashback\/fr\/mentions-legales\/\",\"name\":\"Mentions l\u00e9gales - Rabattcorner - Cashback\",\"isPartOf\":{\"@id\":\"https:\/\/www.rabattcorner.ch\/cashback\/#website\"},\"datePublished\":\"2019-04-09T10:55:10+00:00\",\"dateModified\":\"2026-01-28T13:56:48+00:00\",\"description\":\"Le contenu de notre site est soumis aux dispositions l\u00e9gales sur les droits d\u2019auteur et la protection intellectuelle. Toute reproduction n'est pas autoris\u00e9e.\",\"breadcrumb\":{\"@id\":\"https:\/\/www.rabattcorner.ch\/cashback\/fr\/mentions-legales\/#breadcrumb\"},\"inLanguage\":\"de-CH\",\"potentialAction\":[{\"@type\":\"ReadAction\",\"target\":[\"https:\/\/www.rabattcorner.ch\/cashback\/fr\/mentions-legales\/\"]}]},{\"@type\":\"BreadcrumbList\",\"@id\":\"https:\/\/www.rabattcorner.ch\/cashback\/fr\/mentions-legales\/#breadcrumb\",\"itemListElement\":[{\"@type\":\"ListItem\",\"position\":1,\"name\":\"Cashback\",\"item\":\"https:\/\/www.rabattcorner.ch\/cashback\/\"},{\"@type\":\"ListItem\",\"position\":2,\"name\":\"Mentions l\u00e9gales\"}]},{\"@type\":\"WebSite\",\"@id\":\"https:\/\/www.rabattcorner.ch\/cashback\/#website\",\"url\":\"https:\/\/www.rabattcorner.ch\/cashback\/\",\"name\":\"Rabattcorner - Cashback\",\"description\":\"Erhalte Cashback f\u00fcr deine Online-Eink\u00e4ufe\",\"alternateName\":\"Rabattcorner\",\"potentialAction\":[{\"@type\":\"SearchAction\",\"target\":{\"@type\":\"EntryPoint\",\"urlTemplate\":\"https:\/\/www.rabattcorner.ch\/cashback\/?s={search_term_string}\"},\"query-input\":{\"@type\":\"PropertyValueSpecification\",\"valueRequired\":true,\"valueName\":\"search_term_string\"}}],\"inLanguage\":\"de-CH\"}]}<\/script>\n<!-- \/ Yoast SEO plugin. -->","yoast_head_json":{"title":"Mentions l\u00e9gales - Rabattcorner - Cashback","description":"Le contenu de notre site est soumis aux dispositions l\u00e9gales sur les droits d\u2019auteur et la protection intellectuelle. Toute reproduction n'est pas autoris\u00e9e.","robots":{"index":"index","follow":"follow","max-snippet":"max-snippet:-1","max-image-preview":"max-image-preview:large","max-video-preview":"max-video-preview:-1"},"canonical":"https:\/\/www.rabattcorner.ch\/cashback\/fr\/mentions-legales\/","og_locale":"de_DE","og_type":"article","og_title":"Mentions l\u00e9gales - Rabattcorner - Cashback","og_description":"Le contenu de notre site est soumis aux dispositions l\u00e9gales sur les droits d\u2019auteur et la protection intellectuelle. Toute reproduction n'est pas autoris\u00e9e.","og_url":"https:\/\/www.rabattcorner.ch\/cashback\/fr\/mentions-legales\/","og_site_name":"Rabattcorner - Cashback","article_publisher":"https:\/\/www.facebook.com\/rabattcorner","article_modified_time":"2026-01-28T13:56:48+00:00","og_image":[{"width":512,"height":512,"url":"https:\/\/www.rabattcorner.ch\/cashback\/wp-content\/uploads\/2019\/02\/favicon_master.png","type":"image\/png"}],"twitter_card":"summary_large_image","twitter_site":"@rabattcorner","twitter_misc":{"Gesch\u00e4tzte Lesezeit":"2\u00a0Minuten"},"schema":{"@context":"https:\/\/schema.org","@graph":[{"@type":"WebPage","@id":"https:\/\/www.rabattcorner.ch\/cashback\/fr\/mentions-legales\/","url":"https:\/\/www.rabattcorner.ch\/cashback\/fr\/mentions-legales\/","name":"Mentions l\u00e9gales - Rabattcorner - Cashback","isPartOf":{"@id":"https:\/\/www.rabattcorner.ch\/cashback\/#website"},"datePublished":"2019-04-09T10:55:10+00:00","dateModified":"2026-01-28T13:56:48+00:00","description":"Le contenu de notre site est soumis aux dispositions l\u00e9gales sur les droits d\u2019auteur et la protection intellectuelle. Toute reproduction n'est pas autoris\u00e9e.","breadcrumb":{"@id":"https:\/\/www.rabattcorner.ch\/cashback\/fr\/mentions-legales\/#breadcrumb"},"inLanguage":"de-CH","potentialAction":[{"@type":"ReadAction","target":["https:\/\/www.rabattcorner.ch\/cashback\/fr\/mentions-legales\/"]}]},{"@type":"BreadcrumbList","@id":"https:\/\/www.rabattcorner.ch\/cashback\/fr\/mentions-legales\/#breadcrumb","itemListElement":[{"@type":"ListItem","position":1,"name":"Cashback","item":"https:\/\/www.rabattcorner.ch\/cashback\/"},{"@type":"ListItem","position":2,"name":"Mentions l\u00e9gales"}]},{"@type":"WebSite","@id":"https:\/\/www.rabattcorner.ch\/cashback\/#website","url":"https:\/\/www.rabattcorner.ch\/cashback\/","name":"Rabattcorner - Cashback","description":"Erhalte Cashback f\u00fcr deine Online-Eink\u00e4ufe","alternateName":"Rabattcorner","potentialAction":[{"@type":"SearchAction","target":{"@type":"EntryPoint","urlTemplate":"https:\/\/www.rabattcorner.ch\/cashback\/?s={search_term_string}"},"query-input":{"@type":"PropertyValueSpecification","valueRequired":true,"valueName":"search_term_string"}}],"inLanguage":"de-CH"}]}},"lang":"fr","translations":{"fr":528,"de":498},"pll_sync_post":[],"_links":{"self":[{"href":"https:\/\/www.rabattcorner.ch\/cashback\/wp-json\/wp\/v2\/pages\/528","targetHints":{"allow":["GET"]}}],"collection":[{"href":"https:\/\/www.rabattcorner.ch\/cashback\/wp-json\/wp\/v2\/pages"}],"about":[{"href":"https:\/\/www.rabattcorner.ch\/cashback\/wp-json\/wp\/v2\/types\/page"}],"author":[{"embeddable":true,"href":"https:\/\/www.rabattcorner.ch\/cashback\/wp-json\/wp\/v2\/users\/1"}],"replies":[{"embeddable":true,"href":"https:\/\/www.rabattcorner.ch\/cashback\/wp-json\/wp\/v2\/comments?post=528"}],"version-history":[{"count":7,"href":"https:\/\/www.rabattcorner.ch\/cashback\/wp-json\/wp\/v2\/pages\/528\/revisions"}],"predecessor-version":[{"id":7085,"href":"https:\/\/www.rabattcorner.ch\/cashback\/wp-json\/wp\/v2\/pages\/528\/revisions\/7085"}],"wp:attachment":[{"href":"https:\/\/www.rabattcorner.ch\/cashback\/wp-json\/wp\/v2\/media?parent=528"}],"curies":[{"name":"wp","href":"https:\/\/api.w.org\/{rel}","templated":true}]}}