{"id":498,"date":"2019-04-09T10:27:16","date_gmt":"2019-04-09T10:27:16","guid":{"rendered":"https:\/\/www.rabattcorner.ch\/cashback\/?page_id=498"},"modified":"2026-02-11T14:11:18","modified_gmt":"2026-02-11T14:11:18","slug":"impressum","status":"publish","type":"page","link":"https:\/\/www.rabattcorner.ch\/cashback\/impressum\/","title":{"rendered":"Impressum"},"content":{"rendered":"\n<h2 class=\"wp-block-heading\">HAFTUNGSAUSSCHLUSS<\/h2>\n\n\n\n<h4 class=\"wp-block-heading\">Haftung f\u00fcr Inhalte:<\/h4>\n\n\n\n<p>Die Inhalte unserer Seiten wurden mit grosser Sorgfalt erstellt. F\u00fcr die Richtigkeit, Vollst\u00e4ndigkeit und Aktualit\u00e4t der Inhalte k\u00f6nnen wir jedoch keine Gew\u00e4hr \u00fcbernehmen. Die Verwendung der Informationen aus unseren Seiten erfolgt auf eigene Gefahr und eigene Verantwortung. Wir empfehlen dir vor der Verwendung der Informationen diese auf Richtigkeit, Vollst\u00e4ndigkeit und Aktualit\u00e4t hin zu pr\u00fcfen. Nach den gesetzlichen Regelungen sind wir nicht verpflichtet, von Dritten \u00fcbermittelte oder und von diesen auf unseren Seiten gespeicherte fremde Informationen zu \u00fcberwachen oder nach Umst\u00e4nden zu forschen, die auf eine rechtswidrige T\u00e4tigkeit hinweisen. Wir werden solche Inhalte jedoch unverz\u00fcglich beseitigen, wenn wir von einer Rechtsverletzung oder einem Gesetzesverstoss Kenntnis erlangen. Bitte hilf uns, solche Verst\u00f6sse schnell zu beseitigen, indem du uns dar\u00fcber informierst.<\/p>\n\n\n\n<h4 class=\"wp-block-heading\">Haftung f\u00fcr Links:<\/h4>\n\n\n\n<p>Unser Angebot enth\u00e4lt Links zu externen Webseiten Dritter, auf deren Inhalte und zuk\u00fcnftige Gestaltung wir keinen Einfluss haben. Deshalb k\u00f6nnen wir f\u00fcr diese fremden Inhalte auch keine Gew\u00e4hr und keine Haftung \u00fcbernehmen. F\u00fcr die Inhalte der verlinkten Seiten ist stets der jeweilige Anbieter oder Betreiber der Seiten verantwortlich. Das Setzen des Links auf externe Webseiten Dritter bedeutet nicht, dass wir uns den Inhalt solcher Webseiten zu Eigen machen. Die verlinkten Seiten wurden von uns zum Zeitpunkt der Verlinkung auf m\u00f6gliche Rechtsverst\u00f6sse \u00fcberpr\u00fcft. Rechtswidrige Inhalte waren zum Zeitpunkt der Verlinkung f\u00fcr uns nicht erkennbar. Eine permanente inhaltliche Kontrolle der verlinkten Seiten ist uns jedoch ohne konkrete Anhaltspunkte einer Rechtsverletzung nicht m\u00f6glich und zumutbar. Bei Bekanntwerden von Rechtsverletzungen werden wir derartige Links umgehend entfernen.<\/p>\n\n\n\n<h4 class=\"wp-block-heading\">Urheberrecht:<\/h4>\n\n\n\n<p>Die durch uns oder f\u00fcr uns erstellten Inhalte und Werke auf diesen Seiten unterliegen den gesetzlichen Bestimmungen \u00fcber Urheberrechte und verwandte Leistungsschutzrechte. Jede Vervielf\u00e4ltigung, Bearbeitung, Verbreitung und jede Art der Verwertung und Nutzung die nicht ausdr\u00fccklich von den Gesetzen zul\u00e4ssig ist, setzt die vorherige schriftliche Zustimmung des jeweiligen Rechteinhabers voraus. Downloads und Kopien dieser Seite sind nur f\u00fcr den privaten, nicht jedoch f\u00fcr einen kommerziellen Gebrauch gestattet. Soweit die Inhalte auf dieser Seite nicht von uns oder f\u00fcr uns erstellt wurden, werden die Urheberrechte Dritter beachtet. Solltest du trotzdem auf eine Urheberrechtsverletzung aufmerksam werden, bitten wir um einen entsprechenden Hinweis. Wenn uns Rechtsverletzungen bekannt werden, werden wir solche Inhalte umgehend entfernen.<\/p>\n\n\n\n<h4 class=\"wp-block-heading\">\u00c4nderungsvorbehalt:<\/h4>\n\n\n\n<p>Wir behalten uns vor, unsere Webseiten jederzeit zu \u00e4ndern.<\/p>\n","protected":false},"excerpt":{"rendered":"<p>HAFTUNGSAUSSCHLUSS Haftung f\u00fcr Inhalte: Die Inhalte unserer Seiten wurden mit grosser Sorgfalt erstellt. F\u00fcr die Richtigkeit, Vollst\u00e4ndigkeit und Aktualit\u00e4t der Inhalte k\u00f6nnen wir jedoch keine Gew\u00e4hr \u00fcbernehmen. Die Verwendung der Informationen aus unseren Seiten erfolgt auf eigene Gefahr und eigene Verantwortung. Wir empfehlen dir vor der Verwendung der Informationen diese auf Richtigkeit, Vollst\u00e4ndigkeit und Aktualit\u00e4t [&hellip;]<\/p>\n","protected":false},"author":1,"featured_media":0,"parent":0,"menu_order":0,"comment_status":"closed","ping_status":"closed","template":"templates\/template-impressum.php","meta":{"footnotes":""},"class_list":["post-498","page","type-page","status-publish","hentry"],"yoast_head":"<!-- This site is optimized with the Yoast SEO plugin v27.1.1 - https:\/\/yoast.com\/product\/yoast-seo-wordpress\/ -->\n<title>Impressum - Rabattcorner - Cashback<\/title>\n<meta name=\"description\" content=\"Der Inhalt unserer Website unterliegt den gesetzlichen Bestimmungen zum Urheberrecht und zum Schutz geistigen Eigentums. Eine Vervielf\u00e4ltigung ist nicht gestattet.\" \/>\n<meta name=\"robots\" content=\"index, follow, max-snippet:-1, max-image-preview:large, max-video-preview:-1\" \/>\n<link rel=\"canonical\" href=\"https:\/\/www.rabattcorner.ch\/cashback\/impressum\/\" \/>\n<meta property=\"og:locale\" content=\"de_DE\" \/>\n<meta property=\"og:type\" content=\"article\" \/>\n<meta property=\"og:title\" content=\"Impressum - Rabattcorner - Cashback\" \/>\n<meta property=\"og:description\" content=\"Der Inhalt unserer Website unterliegt den gesetzlichen Bestimmungen zum Urheberrecht und zum Schutz geistigen Eigentums. Eine Vervielf\u00e4ltigung ist nicht gestattet.\" \/>\n<meta property=\"og:url\" content=\"https:\/\/www.rabattcorner.ch\/cashback\/impressum\/\" \/>\n<meta property=\"og:site_name\" content=\"Rabattcorner - Cashback\" \/>\n<meta property=\"article:publisher\" content=\"https:\/\/www.facebook.com\/rabattcorner\" \/>\n<meta property=\"article:modified_time\" content=\"2026-02-11T14:11:18+00:00\" \/>\n<meta property=\"og:image\" content=\"https:\/\/www.rabattcorner.ch\/cashback\/wp-content\/uploads\/2019\/02\/favicon_master.png\" \/>\n\t<meta property=\"og:image:width\" content=\"512\" \/>\n\t<meta property=\"og:image:height\" content=\"512\" \/>\n\t<meta property=\"og:image:type\" content=\"image\/png\" \/>\n<meta name=\"twitter:card\" content=\"summary_large_image\" \/>\n<meta name=\"twitter:site\" content=\"@rabattcorner\" \/>\n<meta name=\"twitter:label1\" content=\"Gesch\u00e4tzte Lesezeit\" \/>\n\t<meta name=\"twitter:data1\" content=\"2\u00a0Minuten\" \/>\n<script type=\"application\/ld+json\" class=\"yoast-schema-graph\">{\"@context\":\"https:\/\/schema.org\",\"@graph\":[{\"@type\":\"WebPage\",\"@id\":\"https:\/\/www.rabattcorner.ch\/cashback\/impressum\/\",\"url\":\"https:\/\/www.rabattcorner.ch\/cashback\/impressum\/\",\"name\":\"Impressum - Rabattcorner - Cashback\",\"isPartOf\":{\"@id\":\"https:\/\/www.rabattcorner.ch\/cashback\/#website\"},\"datePublished\":\"2019-04-09T10:27:16+00:00\",\"dateModified\":\"2026-02-11T14:11:18+00:00\",\"description\":\"Der Inhalt unserer Website unterliegt den gesetzlichen Bestimmungen zum Urheberrecht und zum Schutz geistigen Eigentums. Eine Vervielf\u00e4ltigung ist nicht gestattet.\",\"breadcrumb\":{\"@id\":\"https:\/\/www.rabattcorner.ch\/cashback\/impressum\/#breadcrumb\"},\"inLanguage\":\"de-CH\",\"potentialAction\":[{\"@type\":\"ReadAction\",\"target\":[\"https:\/\/www.rabattcorner.ch\/cashback\/impressum\/\"]}]},{\"@type\":\"BreadcrumbList\",\"@id\":\"https:\/\/www.rabattcorner.ch\/cashback\/impressum\/#breadcrumb\",\"itemListElement\":[{\"@type\":\"ListItem\",\"position\":1,\"name\":\"Cashback\",\"item\":\"https:\/\/www.rabattcorner.ch\/cashback\/\"},{\"@type\":\"ListItem\",\"position\":2,\"name\":\"Impressum\"}]},{\"@type\":\"WebSite\",\"@id\":\"https:\/\/www.rabattcorner.ch\/cashback\/#website\",\"url\":\"https:\/\/www.rabattcorner.ch\/cashback\/\",\"name\":\"Rabattcorner - Cashback\",\"description\":\"Erhalte Cashback f\u00fcr deine Online-Eink\u00e4ufe\",\"alternateName\":\"Rabattcorner\",\"potentialAction\":[{\"@type\":\"SearchAction\",\"target\":{\"@type\":\"EntryPoint\",\"urlTemplate\":\"https:\/\/www.rabattcorner.ch\/cashback\/?s={search_term_string}\"},\"query-input\":{\"@type\":\"PropertyValueSpecification\",\"valueRequired\":true,\"valueName\":\"search_term_string\"}}],\"inLanguage\":\"de-CH\"}]}<\/script>\n<!-- \/ Yoast SEO plugin. -->","yoast_head_json":{"title":"Impressum - Rabattcorner - Cashback","description":"Der Inhalt unserer Website unterliegt den gesetzlichen Bestimmungen zum Urheberrecht und zum Schutz geistigen Eigentums. Eine Vervielf\u00e4ltigung ist nicht gestattet.","robots":{"index":"index","follow":"follow","max-snippet":"max-snippet:-1","max-image-preview":"max-image-preview:large","max-video-preview":"max-video-preview:-1"},"canonical":"https:\/\/www.rabattcorner.ch\/cashback\/impressum\/","og_locale":"de_DE","og_type":"article","og_title":"Impressum - Rabattcorner - Cashback","og_description":"Der Inhalt unserer Website unterliegt den gesetzlichen Bestimmungen zum Urheberrecht und zum Schutz geistigen Eigentums. Eine Vervielf\u00e4ltigung ist nicht gestattet.","og_url":"https:\/\/www.rabattcorner.ch\/cashback\/impressum\/","og_site_name":"Rabattcorner - Cashback","article_publisher":"https:\/\/www.facebook.com\/rabattcorner","article_modified_time":"2026-02-11T14:11:18+00:00","og_image":[{"width":512,"height":512,"url":"https:\/\/www.rabattcorner.ch\/cashback\/wp-content\/uploads\/2019\/02\/favicon_master.png","type":"image\/png"}],"twitter_card":"summary_large_image","twitter_site":"@rabattcorner","twitter_misc":{"Gesch\u00e4tzte Lesezeit":"2\u00a0Minuten"},"schema":{"@context":"https:\/\/schema.org","@graph":[{"@type":"WebPage","@id":"https:\/\/www.rabattcorner.ch\/cashback\/impressum\/","url":"https:\/\/www.rabattcorner.ch\/cashback\/impressum\/","name":"Impressum - Rabattcorner - Cashback","isPartOf":{"@id":"https:\/\/www.rabattcorner.ch\/cashback\/#website"},"datePublished":"2019-04-09T10:27:16+00:00","dateModified":"2026-02-11T14:11:18+00:00","description":"Der Inhalt unserer Website unterliegt den gesetzlichen Bestimmungen zum Urheberrecht und zum Schutz geistigen Eigentums. Eine Vervielf\u00e4ltigung ist nicht gestattet.","breadcrumb":{"@id":"https:\/\/www.rabattcorner.ch\/cashback\/impressum\/#breadcrumb"},"inLanguage":"de-CH","potentialAction":[{"@type":"ReadAction","target":["https:\/\/www.rabattcorner.ch\/cashback\/impressum\/"]}]},{"@type":"BreadcrumbList","@id":"https:\/\/www.rabattcorner.ch\/cashback\/impressum\/#breadcrumb","itemListElement":[{"@type":"ListItem","position":1,"name":"Cashback","item":"https:\/\/www.rabattcorner.ch\/cashback\/"},{"@type":"ListItem","position":2,"name":"Impressum"}]},{"@type":"WebSite","@id":"https:\/\/www.rabattcorner.ch\/cashback\/#website","url":"https:\/\/www.rabattcorner.ch\/cashback\/","name":"Rabattcorner - Cashback","description":"Erhalte Cashback f\u00fcr deine Online-Eink\u00e4ufe","alternateName":"Rabattcorner","potentialAction":[{"@type":"SearchAction","target":{"@type":"EntryPoint","urlTemplate":"https:\/\/www.rabattcorner.ch\/cashback\/?s={search_term_string}"},"query-input":{"@type":"PropertyValueSpecification","valueRequired":true,"valueName":"search_term_string"}}],"inLanguage":"de-CH"}]}},"lang":"de","translations":{"de":498,"fr":528},"pll_sync_post":{},"_links":{"self":[{"href":"https:\/\/www.rabattcorner.ch\/cashback\/wp-json\/wp\/v2\/pages\/498","targetHints":{"allow":["GET"]}}],"collection":[{"href":"https:\/\/www.rabattcorner.ch\/cashback\/wp-json\/wp\/v2\/pages"}],"about":[{"href":"https:\/\/www.rabattcorner.ch\/cashback\/wp-json\/wp\/v2\/types\/page"}],"author":[{"embeddable":true,"href":"https:\/\/www.rabattcorner.ch\/cashback\/wp-json\/wp\/v2\/users\/1"}],"replies":[{"embeddable":true,"href":"https:\/\/www.rabattcorner.ch\/cashback\/wp-json\/wp\/v2\/comments?post=498"}],"version-history":[{"count":18,"href":"https:\/\/www.rabattcorner.ch\/cashback\/wp-json\/wp\/v2\/pages\/498\/revisions"}],"predecessor-version":[{"id":7171,"href":"https:\/\/www.rabattcorner.ch\/cashback\/wp-json\/wp\/v2\/pages\/498\/revisions\/7171"}],"wp:attachment":[{"href":"https:\/\/www.rabattcorner.ch\/cashback\/wp-json\/wp\/v2\/media?parent=498"}],"curies":[{"name":"wp","href":"https:\/\/api.w.org\/{rel}","templated":true}]}}