{"id":44,"date":"2019-02-11T08:36:58","date_gmt":"2019-02-11T08:36:58","guid":{"rendered":"https:\/\/www.rabattcorner.ch\/cashback\/?page_id=44"},"modified":"2026-02-04T14:24:17","modified_gmt":"2026-02-04T14:24:17","slug":"was-ist-cashback","status":"publish","type":"page","link":"https:\/\/www.rabattcorner.ch\/cashback\/was-ist-cashback\/","title":{"rendered":"Was ist Cashback?"},"content":{"rendered":"\n<p class=\"has-medium-font-size\">Cashback ist ein Sparmodell, bei dem du einen Teil deines Kaufpreises zur\u00fcckerh\u00e4ltst, nachdem du ein Produkt oder eine Dienstleistung in einem Onlineshop \u00fcber Rabattcorner gekauft hast. Wenn du \u00fcber uns einkaufst, erhalten wir eine Vermittlungsprovision. Diese teilen wir mit dir als Cashback. So kannst du pro Jahr mehrere hundert Franken sparen.<\/p>\n\n\n\n<h2 class=\"wp-block-heading\">Cashback, so funktionierts!<\/h2>\n\n\n\n<figure class=\"wp-block-embed is-type-video is-provider-vimeo wp-block-embed-vimeo wp-embed-aspect-16-9 wp-has-aspect-ratio\"><div class=\"wp-block-embed__wrapper\">\n<iframe loading=\"lazy\" title=\"Wie verdiene ich Cashback mit Rabattcorner?\" src=\"https:\/\/player.vimeo.com\/video\/707860800?dnt=1&amp;app_id=122963\" width=\"500\" height=\"281\" frameborder=\"0\" allow=\"autoplay; fullscreen; picture-in-picture; clipboard-write; encrypted-media; web-share\" referrerpolicy=\"strict-origin-when-cross-origin\"><\/iframe>\n<\/div><\/figure>\n\n\n\n<p><strong><a href=\"https:\/\/www.rabattcorner.ch\/register\" target=\"_blank\" rel=\"noreferrer noopener\">&gt;&gt; Jetzt kostenlos anmelden!<\/a><\/strong><\/p>\n\n\n\n<p>Rabattcorner ist die f\u00fchrende Schweizer Cashback-Plattform, die es dir erm\u00f6glicht bei \u00fcber 790 Partnershops <strong>Geld zur\u00fcck<\/strong> zu erhalten. Unsere Plattform ist f\u00fcr alle Nutzer <strong>kostenlos<\/strong>. Deine Daten werden <strong>sicher<\/strong> gespeichert und nicht an Partnerunternehmen weitergegeben.<\/p>\n\n\n\n<p>Bereits mehr als 2&#8217;000 positive Bewertungen unserer Kund*innen zeugen von einem vertrauensw\u00fcrdigen Gesch\u00e4ftsmodell und vielen Vorteilen:<br><\/p>\n\n\n\n<ul class=\"wp-block-list\">\n<li><a href=\"https:\/\/app.ravecapture.com\/store\/Rabattcorner-AG\" target=\"_blank\" rel=\"noreferrer noopener\">RaveCapture<\/a><\/li>\n\n\n\n<li><a href=\"https:\/\/www.google.com\/search?sca_esv=cee82657679d0f25&amp;cs=0&amp;output=search&amp;kgmid=\/g\/1ptwt2bkc&amp;q=Rabattcorner+AG&amp;shndl=30&amp;source=sh\/x\/kp\/local\/m1\/1&amp;kgs=59a6d30220a555da#lrd=0x47900a1a10dad395:0x5464fd2d65d1eed2,1,,,,\" target=\"_blank\" rel=\"noreferrer noopener\">Google<\/a><\/li>\n<\/ul>\n\n\n\n<h2 class=\"wp-block-heading\">Woher kommt der Cashback?<\/h2>\n\n\n\n<p>Und wie funktioniert das Cashback Modell? Rabattcorner nutzt eine Methode namens Affiliate-Marketing, die es Shops hilft, mehr Besucher auf ihre Websites zu bekommen und dadurch mehr zu verkaufen.<\/p>\n\n\n\n<p>Dabei gibt es zwei Hauptakteure: den Shop, der Produkte verkaufen m\u00f6chte, und Rabattcorner, das den Shop dabei unterst\u00fctzt, mehr Kunden zu erreichen. Wenn jemand \u00fcber Rabattcorner einen Kauf t\u00e4tigt, bekommt Rabattcorner eine Provision vom Shop.<\/p>\n\n\n\n<p>Diese Provision hilft uns, Cashback an dich weiterzugeben. F\u00fcr jede Bestellung, die \u00fcber unsere Seite gemacht wird, erhalten wir diese Belohnung, die wir zu mindestens 50% als Cashback an dich auszahlen. Der Rest bleibt bei uns, um die Kosten f\u00fcr den Betrieb von Rabattcorner zu decken.<\/p>\n\n\n\n<h2 class=\"wp-block-heading\">Wo kannst du Cashback bekommen?<\/h2>\n\n\n\n<p>Rabattcorner ist bereits mit mehr als 790 Online Shops verbunden und wir schalten jede Woche weitere Shops auf. Auf unserer Plattform findest du Online Shops in allen Bereichen wie z.B. Bekleidung f\u00fcr Frauen, M\u00e4nner &amp; Kinder, Reisen, Elektronik, Unterhaltung, Haushalt, Beauty, aber auch Tiernahrung, Autos, Dating-Sites und Sexshops. Shoppe in den beliebtesten Shops der Schweiz wie <a href=\"https:\/\/www.rabattcorner.ch\/mediamarkt.html\" target=\"_blank\" rel=\"noreferrer noopener\">MediaMarkt<\/a>, <a href=\"https:\/\/www.rabattcorner.ch\/fust.html\" target=\"_blank\" rel=\"noreferrer noopener\">Fust<\/a>, <a href=\"https:\/\/www.rabattcorner.ch\/just-eat.html\">Just<\/a><a href=\"https:\/\/www.rabattcorner.ch\/just-eat.html\" target=\"_blank\" rel=\"noreferrer noopener\"> <\/a><a href=\"https:\/\/www.rabattcorner.ch\/just-eat.html\">Eat<\/a>, <a href=\"https:\/\/www.rabattcorner.ch\/zooplus.html\" target=\"_blank\" rel=\"noreferrer noopener\">Zooplus<\/a>, <a href=\"https:\/\/www.rabattcorner.ch\/manor.html\" target=\"_blank\" rel=\"noreferrer noopener\">Manor<\/a>, <a href=\"https:\/\/www.rabattcorner.ch\/jumbo.html\" target=\"_blank\" rel=\"noreferrer noopener\">Jumbo<\/a><a href=\"https:\/\/www.rabattcorner.ch\/aliexpress.html\" target=\"_blank\" rel=\"noreferrer noopener\"> <\/a>, <a href=\"https:\/\/www.rabattcorner.ch\/micasach.html\" target=\"_blank\" rel=\"noreferrer noopener\">Micasa<\/a> oder Reiseplattformen wie <a href=\"https:\/\/www.rabattcorner.ch\/swiss.html\" target=\"_blank\" rel=\"noreferrer noopener\">SWISS<\/a>, <a href=\"https:\/\/www.rabattcorner.ch\/hotels-com.html\" target=\"_blank\" rel=\"noreferrer noopener\">hotels.com<\/a> und <a href=\"https:\/\/www.rabattcorner.ch\/ebookers.html\" target=\"_blank\" rel=\"noreferrer noopener\">ebookers<\/a> und erhalte dabei Cashback.&nbsp;<br><\/p>\n\n\n\n<p>Die H\u00f6he des Cashbacks ist je nach Partner unterschiedlich. Die Rate liegt im Durchschnitt bei 5% und kann sogar bis zu 25% erreichen, besonders bei Spezialanl\u00e4ssen wie dem <a href=\"https:\/\/www.rabattcorner.ch\/cashback\/de\/black-friday\/?utm_campaign=intern&amp;utm_source=wordpress&amp;utm_medium=blog&amp;utm_content=cashback-erklaerung\" target=\"_blank\" rel=\"noreferrer noopener\">Black Friday<\/a> oder dem <a href=\"https:\/\/www.rabattcorner.ch\/cashback\/de\/singles-day\/?utm_campaign=intern&amp;utm_source=wordpress&amp;utm_medium=blog&amp;utm_content=cashback-erklaerung\" target=\"_blank\" rel=\"noreferrer noopener\">Singles Day.<\/a> Benutzer, die regelm\u00e4ssig online bestellen, k\u00f6nnen so mehrere hundert Franken pro Jahr sparen.<\/p>\n\n\n\n<p>Wenn du lieber eine Erkl\u00e4rung direkt von einer unserer Userinnen lesen m\u00f6chtest, findest du <a href=\"https:\/\/liebefinanzen.ch\/rabattcorner-erfahrungen\/\" target=\"_blank\" rel=\"noreferrer noopener\">hier einen Erfahrungsbericht zu Rabattcorner.<\/a> <\/p>\n\n\n\n<h3 class=\"wp-block-heading\">Rechenbeispiel:<\/h3>\n\n\n\n<p>Sagen wir, du buchst ein Zimmer bei ebookers (4% Cashback) in Miami f\u00fcr zwei Wochen. Kostenpunkt CHF 3&#8217;000.-. Dann kaufst du zwei Paar Schuhe f\u00fcr je CHF 120.- auf ABOUT YOU (8% Cashback f\u00fcr Neukunden) und verl\u00e4ngerst dein Mobile Abo bei Sunrise (CHF 30.- Cashback). Damit hast du bereits CHF 169.20 Cashback erhalten &#8211; und das f\u00fcr Eink\u00e4ufe, die du sowieso get\u00e4tigt h\u00e4ttest.<br><\/p>\n\n\n\n<h2 class=\"wp-block-heading\">Direkt auf dem Onlineshop auf Cashback hingewiesen werden<\/h2>\n\n\n\n<p>Wenn der Weg \u00fcber <a href=\"https:\/\/www.rabattcorner.ch\">www.rabattcorner.ch<\/a> zu umst\u00e4ndlich erscheint, so bietet sich <a href=\"https:\/\/www.rabattcorner.ch\/cashback\/de\/cashback-erinnerung\/\" target=\"_blank\" rel=\"noreferrer noopener\"><strong>unsere Browser-Erweiterung<\/strong><\/a> an. Diese ist mit einem Klick installiert und so erf\u00e4hrt man immer gleich beim Besuch eines Onlineshops, ob dieser ein Partner von uns ist. Ausserdem l\u00e4sst sich unkompliziert der Cashback aktivieren, wie hier am Beispiel vom SWISS:<\/p>\n\n\n\n<figure class=\"wp-block-image size-large\"><img loading=\"lazy\" decoding=\"async\" width=\"1024\" height=\"500\" src=\"https:\/\/www.rabattcorner.ch\/cashback\/wp-content\/uploads\/2025\/01\/image-1024x500.png\" alt=\"\" class=\"wp-image-6512\" srcset=\"https:\/\/www.rabattcorner.ch\/cashback\/wp-content\/uploads\/2025\/01\/image-1024x500.png 1024w, https:\/\/www.rabattcorner.ch\/cashback\/wp-content\/uploads\/2025\/01\/image-300x147.png 300w, https:\/\/www.rabattcorner.ch\/cashback\/wp-content\/uploads\/2025\/01\/image-768x375.png 768w, https:\/\/www.rabattcorner.ch\/cashback\/wp-content\/uploads\/2025\/01\/image-1536x750.png 1536w, https:\/\/www.rabattcorner.ch\/cashback\/wp-content\/uploads\/2025\/01\/image-2048x1001.png 2048w\" sizes=\"auto, (max-width: 1024px) 100vw, 1024px\" \/><\/figure>\n\n\n\n<h2 class=\"wp-block-heading\">Wie kann man das Geld zur\u00fcck erhalten?<\/h2>\n\n\n\n<p>Mit Rabattcorner ist die R\u00fcckerstattung von Cashback verbl\u00fcffend einfach. Hier sind f\u00fcnf Schritte, um das Beste aus unserer Plattform herauszuholen:<br><\/p>\n\n\n\n<ol class=\"wp-block-list\">\n<li>Benutze unsere Suche oder die Navigation, um deinen Lieblings-Shop zu finden.<\/li>\n\n\n\n<li>Durch Anklicken des Buttons &#171;Jetzt shoppen&#187; erscheint eine Weiterleitungs-Seite. Ein so genanntes Cookie wird dann in deinem Browser platziert. Dieses Cookie enth\u00e4lt die notwendigen Informationen, damit der Partnershop deinen Kauf verfolgen kann und du anschliessend deinen Cashback erhalten kannst.&nbsp;<\/li>\n\n\n\n<li>Mache deine Eink\u00e4ufe wie gewohnt auf der Seite des Onlineshops, indem du deine Artikel in den Warenkorb legst und deine Bestellung abschliesst. <\/li>\n\n\n\n<li>Es dauert in der Regel max. 24 Stunden bis deine Transaktion in deinem Rabattcorner-Konto erscheint. Der Online Shop pr\u00fcft dann deine Bestellung und validiert deinen Cashback. Dieser Schritt ist notwendig, um sicherzustellen, dass die Provision nur f\u00fcr valide K\u00e4ufe ausgezahlt wird.<\/li>\n\n\n\n<li>Wenn die Artikel nicht retourniert oder storniert werden, zahlt der Shop die Provision an Rabattcorner. Der Betrag wird dir dann gutgeschrieben und ab CHF 20.- kannst du die Auszahlung auf dein Bank- oder Paypal-Konto mit einem Klick ausl\u00f6sen.<\/li>\n<\/ol>\n\n\n\n<h2 class=\"wp-block-heading\">Spare noch mehr mit Rabattcorner<\/h2>\n\n\n\n<p>Du kannst dir bestimmt vorstellen, wie viel Geld du in Zukunft dank unserer <strong>Cashback-Website<\/strong> sparen kannst. Und das ist noch nicht alles! Neben der M\u00f6glichkeit Geld f\u00fcr deine Eink\u00e4ufe zu sammeln, findest du auch Gutscheincodes und weitere Rabatte auf unserer Seite. Die Partnershops bieten regelm\u00e4ssig exklusive Angebote &amp; Gutscheine f\u00fcr unz\u00e4hlige Mode-, Technologie-, Sport- und Lebensmittelartikel. <\/p>\n\n\n\n<p>Umso gr\u00f6sser Rabattcorner wird, umso h\u00f6here Cashback-Rates k\u00f6nnen wir f\u00fcr dich mit den Shops aushandeln. Daf\u00fcr haben wir ein Empfehlungssystem eingerichtet, bei dem du auch profitieren kannst. F\u00fcr jede erfolgreiche Empfehlung zahlen wir dir und deinem Freund zus\u00e4tzlich CHF 5.- als Bonus. <\/p>\n\n\n\n<p>Cashback, Rabatte &amp; Gutscheine! Erhalte ab jetzt f\u00fcr jeden Online-Einkauf Geld und werde Teil der gr\u00f6ssten Schweizer Cashback-Community.<\/p>\n\n\n\n<p><a href=\"https:\/\/www.rabattcorner.ch\/register\/\" target=\"_blank\" rel=\"noreferrer noopener\"><strong>Jetzt kostenlos bei Rabattcorner anmelden.<\/strong><\/a><\/p>\n","protected":false},"excerpt":{"rendered":"<p>Cashback ist ein Sparmodell, bei dem du einen Teil deines Kaufpreises zur\u00fcckerh\u00e4ltst, nachdem du ein Produkt oder eine Dienstleistung in einem Onlineshop \u00fcber Rabattcorner gekauft hast. Wenn du \u00fcber uns einkaufst, erhalten wir eine Vermittlungsprovision. Diese teilen wir mit dir als Cashback. So kannst du pro Jahr mehrere hundert Franken sparen. Cashback, so funktionierts! &gt;&gt; [&hellip;]<\/p>\n","protected":false},"author":3,"featured_media":6510,"parent":0,"menu_order":0,"comment_status":"closed","ping_status":"closed","template":"templates\/template-additional.php","meta":{"footnotes":""},"class_list":["post-44","page","type-page","status-publish","has-post-thumbnail","hentry"],"yoast_head":"<!-- This site is optimized with the Yoast SEO plugin v27.1.1 - https:\/\/yoast.com\/product\/yoast-seo-wordpress\/ -->\n<title>Was ist Cashback? Erhalte Geld zur\u00fcck mit Rabattcorner<\/title>\n<meta name=\"description\" content=\"Cashback ist ganz einfach und kostenlos. Erfahre wie du mit der Cashback-Seite Rabattcorner.ch in \u00fcber 790 Online Shops Geld sparen kannst.\" \/>\n<meta name=\"robots\" content=\"index, follow, max-snippet:-1, max-image-preview:large, max-video-preview:-1\" \/>\n<link rel=\"canonical\" href=\"https:\/\/www.rabattcorner.ch\/cashback\/was-ist-cashback\/\" \/>\n<meta property=\"og:locale\" content=\"de_DE\" \/>\n<meta property=\"og:type\" content=\"article\" \/>\n<meta property=\"og:title\" content=\"Was ist Cashback? Erhalte Geld zur\u00fcck mit Rabattcorner\" \/>\n<meta property=\"og:description\" content=\"Cashback ist ganz einfach und kostenlos. Erfahre wie du mit der Cashback-Seite Rabattcorner.ch in \u00fcber 790 Online Shops Geld sparen kannst.\" \/>\n<meta property=\"og:url\" content=\"https:\/\/www.rabattcorner.ch\/cashback\/was-ist-cashback\/\" \/>\n<meta property=\"og:site_name\" content=\"Rabattcorner - Cashback\" \/>\n<meta property=\"article:publisher\" content=\"https:\/\/www.facebook.com\/rabattcorner\" \/>\n<meta property=\"article:modified_time\" content=\"2026-02-04T14:24:17+00:00\" \/>\n<meta property=\"og:image\" content=\"https:\/\/www.rabattcorner.ch\/cashback\/wp-content\/uploads\/2025\/01\/sasun-bughdaryan-EmGF98ckNSU-unsplash-scaled.jpg\" \/>\n\t<meta property=\"og:image:width\" content=\"2560\" \/>\n\t<meta property=\"og:image:height\" content=\"1013\" \/>\n\t<meta property=\"og:image:type\" content=\"image\/jpeg\" \/>\n<meta name=\"twitter:card\" content=\"summary_large_image\" \/>\n<meta name=\"twitter:site\" content=\"@rabattcorner\" \/>\n<meta name=\"twitter:label1\" content=\"Gesch\u00e4tzte Lesezeit\" \/>\n\t<meta name=\"twitter:data1\" content=\"4\u00a0Minuten\" \/>\n<script type=\"application\/ld+json\" class=\"yoast-schema-graph\">{\"@context\":\"https:\/\/schema.org\",\"@graph\":[{\"@type\":\"WebPage\",\"@id\":\"https:\/\/www.rabattcorner.ch\/cashback\/was-ist-cashback\/\",\"url\":\"https:\/\/www.rabattcorner.ch\/cashback\/was-ist-cashback\/\",\"name\":\"Was ist Cashback? Erhalte Geld zur\u00fcck mit Rabattcorner\",\"isPartOf\":{\"@id\":\"https:\/\/www.rabattcorner.ch\/cashback\/#website\"},\"primaryImageOfPage\":{\"@id\":\"https:\/\/www.rabattcorner.ch\/cashback\/was-ist-cashback\/#primaryimage\"},\"image\":{\"@id\":\"https:\/\/www.rabattcorner.ch\/cashback\/was-ist-cashback\/#primaryimage\"},\"thumbnailUrl\":\"https:\/\/www.rabattcorner.ch\/cashback\/wp-content\/uploads\/2025\/01\/sasun-bughdaryan-EmGF98ckNSU-unsplash-scaled.jpg\",\"datePublished\":\"2019-02-11T08:36:58+00:00\",\"dateModified\":\"2026-02-04T14:24:17+00:00\",\"description\":\"Cashback ist ganz einfach und kostenlos. Erfahre wie du mit der Cashback-Seite Rabattcorner.ch in \u00fcber 790 Online Shops Geld sparen kannst.\",\"breadcrumb\":{\"@id\":\"https:\/\/www.rabattcorner.ch\/cashback\/was-ist-cashback\/#breadcrumb\"},\"inLanguage\":\"de-CH\",\"potentialAction\":[{\"@type\":\"ReadAction\",\"target\":[\"https:\/\/www.rabattcorner.ch\/cashback\/was-ist-cashback\/\"]}]},{\"@type\":\"ImageObject\",\"inLanguage\":\"de-CH\",\"@id\":\"https:\/\/www.rabattcorner.ch\/cashback\/was-ist-cashback\/#primaryimage\",\"url\":\"https:\/\/www.rabattcorner.ch\/cashback\/wp-content\/uploads\/2025\/01\/sasun-bughdaryan-EmGF98ckNSU-unsplash-scaled.jpg\",\"contentUrl\":\"https:\/\/www.rabattcorner.ch\/cashback\/wp-content\/uploads\/2025\/01\/sasun-bughdaryan-EmGF98ckNSU-unsplash-scaled.jpg\",\"width\":2560,\"height\":1013,\"caption\":\"Geld zur\u00fcckerhalten dank Rabattcorner\"},{\"@type\":\"BreadcrumbList\",\"@id\":\"https:\/\/www.rabattcorner.ch\/cashback\/was-ist-cashback\/#breadcrumb\",\"itemListElement\":[{\"@type\":\"ListItem\",\"position\":1,\"name\":\"Cashback\",\"item\":\"https:\/\/www.rabattcorner.ch\/cashback\/\"},{\"@type\":\"ListItem\",\"position\":2,\"name\":\"Was ist Cashback?\"}]},{\"@type\":\"WebSite\",\"@id\":\"https:\/\/www.rabattcorner.ch\/cashback\/#website\",\"url\":\"https:\/\/www.rabattcorner.ch\/cashback\/\",\"name\":\"Rabattcorner - Cashback\",\"description\":\"Erhalte Cashback f\u00fcr deine Online-Eink\u00e4ufe\",\"alternateName\":\"Rabattcorner\",\"potentialAction\":[{\"@type\":\"SearchAction\",\"target\":{\"@type\":\"EntryPoint\",\"urlTemplate\":\"https:\/\/www.rabattcorner.ch\/cashback\/?s={search_term_string}\"},\"query-input\":{\"@type\":\"PropertyValueSpecification\",\"valueRequired\":true,\"valueName\":\"search_term_string\"}}],\"inLanguage\":\"de-CH\"}]}<\/script>\n<!-- \/ Yoast SEO plugin. -->","yoast_head_json":{"title":"Was ist Cashback? Erhalte Geld zur\u00fcck mit Rabattcorner","description":"Cashback ist ganz einfach und kostenlos. Erfahre wie du mit der Cashback-Seite Rabattcorner.ch in \u00fcber 790 Online Shops Geld sparen kannst.","robots":{"index":"index","follow":"follow","max-snippet":"max-snippet:-1","max-image-preview":"max-image-preview:large","max-video-preview":"max-video-preview:-1"},"canonical":"https:\/\/www.rabattcorner.ch\/cashback\/was-ist-cashback\/","og_locale":"de_DE","og_type":"article","og_title":"Was ist Cashback? Erhalte Geld zur\u00fcck mit Rabattcorner","og_description":"Cashback ist ganz einfach und kostenlos. Erfahre wie du mit der Cashback-Seite Rabattcorner.ch in \u00fcber 790 Online Shops Geld sparen kannst.","og_url":"https:\/\/www.rabattcorner.ch\/cashback\/was-ist-cashback\/","og_site_name":"Rabattcorner - Cashback","article_publisher":"https:\/\/www.facebook.com\/rabattcorner","article_modified_time":"2026-02-04T14:24:17+00:00","og_image":[{"width":2560,"height":1013,"url":"https:\/\/www.rabattcorner.ch\/cashback\/wp-content\/uploads\/2025\/01\/sasun-bughdaryan-EmGF98ckNSU-unsplash-scaled.jpg","type":"image\/jpeg"}],"twitter_card":"summary_large_image","twitter_site":"@rabattcorner","twitter_misc":{"Gesch\u00e4tzte Lesezeit":"4\u00a0Minuten"},"schema":{"@context":"https:\/\/schema.org","@graph":[{"@type":"WebPage","@id":"https:\/\/www.rabattcorner.ch\/cashback\/was-ist-cashback\/","url":"https:\/\/www.rabattcorner.ch\/cashback\/was-ist-cashback\/","name":"Was ist Cashback? Erhalte Geld zur\u00fcck mit Rabattcorner","isPartOf":{"@id":"https:\/\/www.rabattcorner.ch\/cashback\/#website"},"primaryImageOfPage":{"@id":"https:\/\/www.rabattcorner.ch\/cashback\/was-ist-cashback\/#primaryimage"},"image":{"@id":"https:\/\/www.rabattcorner.ch\/cashback\/was-ist-cashback\/#primaryimage"},"thumbnailUrl":"https:\/\/www.rabattcorner.ch\/cashback\/wp-content\/uploads\/2025\/01\/sasun-bughdaryan-EmGF98ckNSU-unsplash-scaled.jpg","datePublished":"2019-02-11T08:36:58+00:00","dateModified":"2026-02-04T14:24:17+00:00","description":"Cashback ist ganz einfach und kostenlos. Erfahre wie du mit der Cashback-Seite Rabattcorner.ch in \u00fcber 790 Online Shops Geld sparen kannst.","breadcrumb":{"@id":"https:\/\/www.rabattcorner.ch\/cashback\/was-ist-cashback\/#breadcrumb"},"inLanguage":"de-CH","potentialAction":[{"@type":"ReadAction","target":["https:\/\/www.rabattcorner.ch\/cashback\/was-ist-cashback\/"]}]},{"@type":"ImageObject","inLanguage":"de-CH","@id":"https:\/\/www.rabattcorner.ch\/cashback\/was-ist-cashback\/#primaryimage","url":"https:\/\/www.rabattcorner.ch\/cashback\/wp-content\/uploads\/2025\/01\/sasun-bughdaryan-EmGF98ckNSU-unsplash-scaled.jpg","contentUrl":"https:\/\/www.rabattcorner.ch\/cashback\/wp-content\/uploads\/2025\/01\/sasun-bughdaryan-EmGF98ckNSU-unsplash-scaled.jpg","width":2560,"height":1013,"caption":"Geld zur\u00fcckerhalten dank Rabattcorner"},{"@type":"BreadcrumbList","@id":"https:\/\/www.rabattcorner.ch\/cashback\/was-ist-cashback\/#breadcrumb","itemListElement":[{"@type":"ListItem","position":1,"name":"Cashback","item":"https:\/\/www.rabattcorner.ch\/cashback\/"},{"@type":"ListItem","position":2,"name":"Was ist Cashback?"}]},{"@type":"WebSite","@id":"https:\/\/www.rabattcorner.ch\/cashback\/#website","url":"https:\/\/www.rabattcorner.ch\/cashback\/","name":"Rabattcorner - Cashback","description":"Erhalte Cashback f\u00fcr deine Online-Eink\u00e4ufe","alternateName":"Rabattcorner","potentialAction":[{"@type":"SearchAction","target":{"@type":"EntryPoint","urlTemplate":"https:\/\/www.rabattcorner.ch\/cashback\/?s={search_term_string}"},"query-input":{"@type":"PropertyValueSpecification","valueRequired":true,"valueName":"search_term_string"}}],"inLanguage":"de-CH"}]}},"lang":"de","translations":{"de":44,"fr":1267,"en":7203},"pll_sync_post":{},"_links":{"self":[{"href":"https:\/\/www.rabattcorner.ch\/cashback\/wp-json\/wp\/v2\/pages\/44","targetHints":{"allow":["GET"]}}],"collection":[{"href":"https:\/\/www.rabattcorner.ch\/cashback\/wp-json\/wp\/v2\/pages"}],"about":[{"href":"https:\/\/www.rabattcorner.ch\/cashback\/wp-json\/wp\/v2\/types\/page"}],"author":[{"embeddable":true,"href":"https:\/\/www.rabattcorner.ch\/cashback\/wp-json\/wp\/v2\/users\/3"}],"replies":[{"embeddable":true,"href":"https:\/\/www.rabattcorner.ch\/cashback\/wp-json\/wp\/v2\/comments?post=44"}],"version-history":[{"count":73,"href":"https:\/\/www.rabattcorner.ch\/cashback\/wp-json\/wp\/v2\/pages\/44\/revisions"}],"predecessor-version":[{"id":7151,"href":"https:\/\/www.rabattcorner.ch\/cashback\/wp-json\/wp\/v2\/pages\/44\/revisions\/7151"}],"wp:featuredmedia":[{"embeddable":true,"href":"https:\/\/www.rabattcorner.ch\/cashback\/wp-json\/wp\/v2\/media\/6510"}],"wp:attachment":[{"href":"https:\/\/www.rabattcorner.ch\/cashback\/wp-json\/wp\/v2\/media?parent=44"}],"curies":[{"name":"wp","href":"https:\/\/api.w.org\/{rel}","templated":true}]}}