{"id":3791,"date":"2021-04-12T14:14:15","date_gmt":"2021-04-12T14:14:15","guid":{"rendered":"https:\/\/www.rabattcorner.ch\/cashback\/?page_id=3791"},"modified":"2026-02-09T19:09:36","modified_gmt":"2026-02-09T19:09:36","slug":"jeux-concours-gagne-plus-de-chf-1000-de-cadeaux","status":"publish","type":"page","link":"https:\/\/www.rabattcorner.ch\/cashback\/fr\/jeux-concours-gagne-plus-de-chf-1000-de-cadeaux\/","title":{"rendered":"Jeux concours: gagne plus de CHF 1000.- de cadeaux"},"content":{"rendered":"\n<h2 class=\"wp-block-heading\">Tente ta chance et remporte des cadeaux de nos boutiques partenaires d\u2019une valeur totale de plus de CHF 1000.-!<\/h2>\n\n\n\n<p><strong>*LE JEU CONCOURS EST TERMINE! LES GAGNANT-E-S SERONT AVERTI-E-S PAR MESSAGE DANS LES PROCHAINS JOURS.*<\/strong><\/p>\n\n\n\n<p>Chaque jour, de nouvelles boutiques en ligne disponibles avec du cashback rejoignent notre plateforme. Nous avons maintenant atteint&nbsp;<strong>plus de 600 boutiques<\/strong>&nbsp;partenaires! Pour f\u00eater cela, re\u00e7ois en exclusivit\u00e9 des cadeaux d\u2019une valeur totale de plus de CHF 1000.-.<\/p>\n\n\n\n<p><strong>Condition de participation:&nbsp;<\/strong>chaque fois que tu effectues un achat via Rabattcorner ou que tu&nbsp;<a href=\"https:\/\/www.rabattcorner.ch\/fr\/myaccount\/referral.html\">parraines un-e ami-e<\/a>, tu es automatiquement inscrit-e au jeu concours. Plus tu utilises Rabattcorner et plus tu nous recommandes, plus tu as de chances de remporter un cadeau! Fin du jeu concours: <strong>25.07.2021<\/strong>.<\/p>\n\n\n\n<div class=\"wp-block-buttons is-content-justification-center is-layout-flex wp-block-buttons-is-layout-flex\">\n<div class=\"wp-block-button\"><a class=\"wp-block-button__link has-background\" href=\"https:\/\/www.rabattcorner.ch\/fr\/\" style=\"border-radius:2px;background-color:#36af45\">Shopper maintenant<\/a><\/div>\n<\/div>\n\n\n\n<h3 class=\"wp-block-heading\">Les cadeaux \u00e0 gagner<\/h3>\n\n\n\n\n\n\n\n\n\n\n\n<h2 class=\"wp-block-heading\">Nouvelles boutiques partenaires<\/h2>\n\n\n\n<figure class=\"wp-block-image size-large\"><img loading=\"lazy\" decoding=\"async\" width=\"1024\" height=\"66\" src=\"https:\/\/www.rabattcorner.ch\/cashback\/wp-content\/uploads\/2021\/07\/banner-partners-logo-1024x66.jpg\" alt=\"\" class=\"wp-image-4024\" srcset=\"https:\/\/www.rabattcorner.ch\/cashback\/wp-content\/uploads\/2021\/07\/banner-partners-logo-1024x66.jpg 1024w, https:\/\/www.rabattcorner.ch\/cashback\/wp-content\/uploads\/2021\/07\/banner-partners-logo-300x19.jpg 300w, https:\/\/www.rabattcorner.ch\/cashback\/wp-content\/uploads\/2021\/07\/banner-partners-logo-768x50.jpg 768w, https:\/\/www.rabattcorner.ch\/cashback\/wp-content\/uploads\/2021\/07\/banner-partners-logo.jpg 1080w\" sizes=\"auto, (max-width: 1024px) 100vw, 1024px\" \/><\/figure>\n\n\n\n<div class=\"wp-block-columns has-2-columns is-layout-flex wp-container-core-columns-is-layout-9d6595d7 wp-block-columns-is-layout-flex\">\n<div class=\"wp-block-column is-layout-flow wp-block-column-is-layout-flow\">\n<ul class=\"wp-block-list\"><li><a href=\"https:\/\/www.rabattcorner.ch\/fr\/do-it-garden.html\">Do it Garden Migros<\/a> &#8211; 3% de cashback<\/li><li><a href=\"https:\/\/www.rabattcorner.ch\/fr\/sportxx.html\">SportXX<\/a> &#8211; 2% de cashback<\/li><li><a href=\"https:\/\/www.rabattcorner.ch\/fr\/steg-electronics.html\">STEG Electronics<\/a> &#8211; 3% de cashback<\/li><\/ul>\n<\/div>\n\n\n\n<div class=\"wp-block-column is-layout-flow wp-block-column-is-layout-flow\">\n<ul class=\"wp-block-list\"><li><a href=\"https:\/\/www.rabattcorner.ch\/fr\/desigual.html\">Desigual<\/a> &#8211; 5% de cashback<\/li><li><a href=\"https:\/\/www.rabattcorner.ch\/fr\/calzedonia.html\">Calzedonia<\/a> &#8211; 5% de cashback<\/li><li><a href=\"https:\/\/www.rabattcorner.ch\/fr\/philips.html\">Philips<\/a> &#8211; 5% de cashback<\/li><\/ul>\n<\/div>\n<\/div>\n\n\n\n<p>Afin de ne manquer aucune nouvelle boutique, <a href=\"https:\/\/www.rabattcorner.ch\/fr\/myaccount\/profile.html\">inscris-toi \u00e0 notre newsletter<\/a> en activant les notifications dans ton profil!<\/p>\n\n\n\n<h2 class=\"wp-block-heading\">Top 10 de nos boutiques<\/h2>\n\n\n\n<ol class=\"wp-block-list\"><li><a href=\"https:\/\/www.rabattcorner.ch\/fr\/aliexpress.html\">AliExpress<\/a> &#8211; 2% de cashback<\/li><li><a href=\"https:\/\/www.rabattcorner.ch\/fr\/media-markt.html\">Media Markt<\/a> &#8211; 2% de cashback<\/li><li><a href=\"https:\/\/www.rabattcorner.ch\/fr\/manor.html\">Manor<\/a> &#8211; Jusqu&#8217;\u00e0 5% de cashback<\/li><li><a href=\"https:\/\/www.rabattcorner.ch\/fr\/booking.html\">booking.com<\/a> &#8211; 2% de cashback<\/li><li><a href=\"https:\/\/www.rabattcorner.ch\/fr\/dosenbach.html\">Dosenbach<\/a> &#8211; 4% de cashback<\/li><li><a href=\"https:\/\/www.rabattcorner.ch\/fr\/gonser.html\">Gonser<\/a> &#8211; 3% de cashback<\/li><li><a href=\"https:\/\/www.rabattcorner.ch\/fr\/melectronics.html\">Melectronics<\/a> &#8211; 1% de cashback<\/li><li><a href=\"https:\/\/www.rabattcorner.ch\/fr\/vedia.html\">Vedia<\/a> &#8211; 3% de cashback<\/li><li><a href=\"https:\/\/www.rabattcorner.ch\/fr\/zalando-lounge.html\">Zalando Lounge<\/a> &#8211; jusqu&#8217;\u00e0 6% de cashback<\/li><li><a href=\"https:\/\/www.rabattcorner.ch\/fr\/cede.html\">Cede<\/a> &#8211; 2% de cashback<\/li><\/ol>\n","protected":false},"excerpt":{"rendered":"<p>Tente ta chance et remporte des cadeaux de nos boutiques partenaires d\u2019une valeur totale de plus de CHF 1000.-! *LE JEU CONCOURS EST TERMINE! LES GAGNANT-E-S SERONT AVERTI-E-S PAR MESSAGE DANS LES PROCHAINS JOURS.* Chaque jour, de nouvelles boutiques en ligne disponibles avec du cashback rejoignent notre plateforme. Nous avons maintenant atteint&nbsp;plus de 600 boutiques&nbsp;partenaires! [&hellip;]<\/p>\n","protected":false},"author":3,"featured_media":3785,"parent":0,"menu_order":0,"comment_status":"closed","ping_status":"closed","template":"templates\/template-additional.php","meta":{"footnotes":""},"class_list":["post-3791","page","type-page","status-publish","has-post-thumbnail","hentry"],"yoast_head":"<!-- This site is optimized with the Yoast SEO plugin v27.1.1 - https:\/\/yoast.com\/product\/yoast-seo-wordpress\/ -->\n<title>Jeux concours: gagne plus de CHF 1000.- de cadeaux<\/title>\n<meta name=\"description\" content=\"Effectue un achat ou recommande-nous et remporte des cadeaux de nos boutiques partenaires d\u2019une valeur totale de plus de CHF 1000.-!\" \/>\n<meta name=\"robots\" content=\"index, follow, max-snippet:-1, max-image-preview:large, max-video-preview:-1\" \/>\n<link rel=\"canonical\" href=\"https:\/\/www.rabattcorner.ch\/cashback\/fr\/jeux-concours-gagne-plus-de-chf-1000-de-cadeaux\/\" \/>\n<meta property=\"og:locale\" content=\"de_DE\" \/>\n<meta property=\"og:type\" content=\"article\" \/>\n<meta property=\"og:title\" content=\"Jeux concours: gagne plus de CHF 1000.- de cadeaux\" \/>\n<meta property=\"og:description\" content=\"Effectue un achat ou recommande-nous et remporte des cadeaux de nos boutiques partenaires d\u2019une valeur totale de plus de CHF 1000.-!\" \/>\n<meta property=\"og:url\" content=\"https:\/\/www.rabattcorner.ch\/cashback\/fr\/jeux-concours-gagne-plus-de-chf-1000-de-cadeaux\/\" \/>\n<meta property=\"og:site_name\" content=\"Rabattcorner - Cashback\" \/>\n<meta property=\"article:publisher\" content=\"https:\/\/www.facebook.com\/rabattcorner\" \/>\n<meta property=\"article:modified_time\" content=\"2026-02-09T19:09:36+00:00\" \/>\n<meta property=\"og:image\" content=\"https:\/\/www.rabattcorner.ch\/cashback\/wp-content\/uploads\/2021\/04\/contest-rabattcorner-1.jpg\" \/>\n\t<meta property=\"og:image:width\" content=\"1920\" \/>\n\t<meta property=\"og:image:height\" content=\"1080\" \/>\n\t<meta property=\"og:image:type\" content=\"image\/jpeg\" \/>\n<meta name=\"twitter:card\" content=\"summary_large_image\" \/>\n<meta name=\"twitter:site\" content=\"@rabattcorner\" \/>\n<meta name=\"twitter:label1\" content=\"Gesch\u00e4tzte Lesezeit\" \/>\n\t<meta name=\"twitter:data1\" content=\"2\u00a0Minuten\" \/>\n<script type=\"application\/ld+json\" class=\"yoast-schema-graph\">{\"@context\":\"https:\/\/schema.org\",\"@graph\":[{\"@type\":\"WebPage\",\"@id\":\"https:\/\/www.rabattcorner.ch\/cashback\/fr\/jeux-concours-gagne-plus-de-chf-1000-de-cadeaux\/\",\"url\":\"https:\/\/www.rabattcorner.ch\/cashback\/fr\/jeux-concours-gagne-plus-de-chf-1000-de-cadeaux\/\",\"name\":\"Jeux concours: gagne plus de CHF 1000.- de cadeaux\",\"isPartOf\":{\"@id\":\"https:\/\/www.rabattcorner.ch\/cashback\/#website\"},\"primaryImageOfPage\":{\"@id\":\"https:\/\/www.rabattcorner.ch\/cashback\/fr\/jeux-concours-gagne-plus-de-chf-1000-de-cadeaux\/#primaryimage\"},\"image\":{\"@id\":\"https:\/\/www.rabattcorner.ch\/cashback\/fr\/jeux-concours-gagne-plus-de-chf-1000-de-cadeaux\/#primaryimage\"},\"thumbnailUrl\":\"https:\/\/www.rabattcorner.ch\/cashback\/wp-content\/uploads\/2021\/04\/contest-rabattcorner-1.jpg\",\"datePublished\":\"2021-04-12T14:14:15+00:00\",\"dateModified\":\"2026-02-09T19:09:36+00:00\",\"description\":\"Effectue un achat ou recommande-nous et remporte des cadeaux de nos boutiques partenaires d\u2019une valeur totale de plus de CHF 1000.-!\",\"breadcrumb\":{\"@id\":\"https:\/\/www.rabattcorner.ch\/cashback\/fr\/jeux-concours-gagne-plus-de-chf-1000-de-cadeaux\/#breadcrumb\"},\"inLanguage\":\"de-CH\",\"potentialAction\":[{\"@type\":\"ReadAction\",\"target\":[\"https:\/\/www.rabattcorner.ch\/cashback\/fr\/jeux-concours-gagne-plus-de-chf-1000-de-cadeaux\/\"]}]},{\"@type\":\"ImageObject\",\"inLanguage\":\"de-CH\",\"@id\":\"https:\/\/www.rabattcorner.ch\/cashback\/fr\/jeux-concours-gagne-plus-de-chf-1000-de-cadeaux\/#primaryimage\",\"url\":\"https:\/\/www.rabattcorner.ch\/cashback\/wp-content\/uploads\/2021\/04\/contest-rabattcorner-1.jpg\",\"contentUrl\":\"https:\/\/www.rabattcorner.ch\/cashback\/wp-content\/uploads\/2021\/04\/contest-rabattcorner-1.jpg\",\"width\":1920,\"height\":1080,\"caption\":\"Wettbewerb Rabattcorner\"},{\"@type\":\"BreadcrumbList\",\"@id\":\"https:\/\/www.rabattcorner.ch\/cashback\/fr\/jeux-concours-gagne-plus-de-chf-1000-de-cadeaux\/#breadcrumb\",\"itemListElement\":[{\"@type\":\"ListItem\",\"position\":1,\"name\":\"Cashback\",\"item\":\"https:\/\/www.rabattcorner.ch\/cashback\/\"},{\"@type\":\"ListItem\",\"position\":2,\"name\":\"Jeux concours: gagne plus de CHF 1000.- de cadeaux\"}]},{\"@type\":\"WebSite\",\"@id\":\"https:\/\/www.rabattcorner.ch\/cashback\/#website\",\"url\":\"https:\/\/www.rabattcorner.ch\/cashback\/\",\"name\":\"Rabattcorner - Cashback\",\"description\":\"Erhalte Cashback f\u00fcr deine Online-Eink\u00e4ufe\",\"alternateName\":\"Rabattcorner\",\"potentialAction\":[{\"@type\":\"SearchAction\",\"target\":{\"@type\":\"EntryPoint\",\"urlTemplate\":\"https:\/\/www.rabattcorner.ch\/cashback\/?s={search_term_string}\"},\"query-input\":{\"@type\":\"PropertyValueSpecification\",\"valueRequired\":true,\"valueName\":\"search_term_string\"}}],\"inLanguage\":\"de-CH\"}]}<\/script>\n<!-- \/ Yoast SEO plugin. -->","yoast_head_json":{"title":"Jeux concours: gagne plus de CHF 1000.- de cadeaux","description":"Effectue un achat ou recommande-nous et remporte des cadeaux de nos boutiques partenaires d\u2019une valeur totale de plus de CHF 1000.-!","robots":{"index":"index","follow":"follow","max-snippet":"max-snippet:-1","max-image-preview":"max-image-preview:large","max-video-preview":"max-video-preview:-1"},"canonical":"https:\/\/www.rabattcorner.ch\/cashback\/fr\/jeux-concours-gagne-plus-de-chf-1000-de-cadeaux\/","og_locale":"de_DE","og_type":"article","og_title":"Jeux concours: gagne plus de CHF 1000.- de cadeaux","og_description":"Effectue un achat ou recommande-nous et remporte des cadeaux de nos boutiques partenaires d\u2019une valeur totale de plus de CHF 1000.-!","og_url":"https:\/\/www.rabattcorner.ch\/cashback\/fr\/jeux-concours-gagne-plus-de-chf-1000-de-cadeaux\/","og_site_name":"Rabattcorner - Cashback","article_publisher":"https:\/\/www.facebook.com\/rabattcorner","article_modified_time":"2026-02-09T19:09:36+00:00","og_image":[{"width":1920,"height":1080,"url":"https:\/\/www.rabattcorner.ch\/cashback\/wp-content\/uploads\/2021\/04\/contest-rabattcorner-1.jpg","type":"image\/jpeg"}],"twitter_card":"summary_large_image","twitter_site":"@rabattcorner","twitter_misc":{"Gesch\u00e4tzte Lesezeit":"2\u00a0Minuten"},"schema":{"@context":"https:\/\/schema.org","@graph":[{"@type":"WebPage","@id":"https:\/\/www.rabattcorner.ch\/cashback\/fr\/jeux-concours-gagne-plus-de-chf-1000-de-cadeaux\/","url":"https:\/\/www.rabattcorner.ch\/cashback\/fr\/jeux-concours-gagne-plus-de-chf-1000-de-cadeaux\/","name":"Jeux concours: gagne plus de CHF 1000.- de cadeaux","isPartOf":{"@id":"https:\/\/www.rabattcorner.ch\/cashback\/#website"},"primaryImageOfPage":{"@id":"https:\/\/www.rabattcorner.ch\/cashback\/fr\/jeux-concours-gagne-plus-de-chf-1000-de-cadeaux\/#primaryimage"},"image":{"@id":"https:\/\/www.rabattcorner.ch\/cashback\/fr\/jeux-concours-gagne-plus-de-chf-1000-de-cadeaux\/#primaryimage"},"thumbnailUrl":"https:\/\/www.rabattcorner.ch\/cashback\/wp-content\/uploads\/2021\/04\/contest-rabattcorner-1.jpg","datePublished":"2021-04-12T14:14:15+00:00","dateModified":"2026-02-09T19:09:36+00:00","description":"Effectue un achat ou recommande-nous et remporte des cadeaux de nos boutiques partenaires d\u2019une valeur totale de plus de CHF 1000.-!","breadcrumb":{"@id":"https:\/\/www.rabattcorner.ch\/cashback\/fr\/jeux-concours-gagne-plus-de-chf-1000-de-cadeaux\/#breadcrumb"},"inLanguage":"de-CH","potentialAction":[{"@type":"ReadAction","target":["https:\/\/www.rabattcorner.ch\/cashback\/fr\/jeux-concours-gagne-plus-de-chf-1000-de-cadeaux\/"]}]},{"@type":"ImageObject","inLanguage":"de-CH","@id":"https:\/\/www.rabattcorner.ch\/cashback\/fr\/jeux-concours-gagne-plus-de-chf-1000-de-cadeaux\/#primaryimage","url":"https:\/\/www.rabattcorner.ch\/cashback\/wp-content\/uploads\/2021\/04\/contest-rabattcorner-1.jpg","contentUrl":"https:\/\/www.rabattcorner.ch\/cashback\/wp-content\/uploads\/2021\/04\/contest-rabattcorner-1.jpg","width":1920,"height":1080,"caption":"Wettbewerb Rabattcorner"},{"@type":"BreadcrumbList","@id":"https:\/\/www.rabattcorner.ch\/cashback\/fr\/jeux-concours-gagne-plus-de-chf-1000-de-cadeaux\/#breadcrumb","itemListElement":[{"@type":"ListItem","position":1,"name":"Cashback","item":"https:\/\/www.rabattcorner.ch\/cashback\/"},{"@type":"ListItem","position":2,"name":"Jeux concours: gagne plus de CHF 1000.- de cadeaux"}]},{"@type":"WebSite","@id":"https:\/\/www.rabattcorner.ch\/cashback\/#website","url":"https:\/\/www.rabattcorner.ch\/cashback\/","name":"Rabattcorner - Cashback","description":"Erhalte Cashback f\u00fcr deine Online-Eink\u00e4ufe","alternateName":"Rabattcorner","potentialAction":[{"@type":"SearchAction","target":{"@type":"EntryPoint","urlTemplate":"https:\/\/www.rabattcorner.ch\/cashback\/?s={search_term_string}"},"query-input":{"@type":"PropertyValueSpecification","valueRequired":true,"valueName":"search_term_string"}}],"inLanguage":"de-CH"}]}},"lang":"fr","translations":{"fr":3791,"de":3685},"pll_sync_post":{},"_links":{"self":[{"href":"https:\/\/www.rabattcorner.ch\/cashback\/wp-json\/wp\/v2\/pages\/3791","targetHints":{"allow":["GET"]}}],"collection":[{"href":"https:\/\/www.rabattcorner.ch\/cashback\/wp-json\/wp\/v2\/pages"}],"about":[{"href":"https:\/\/www.rabattcorner.ch\/cashback\/wp-json\/wp\/v2\/types\/page"}],"author":[{"embeddable":true,"href":"https:\/\/www.rabattcorner.ch\/cashback\/wp-json\/wp\/v2\/users\/3"}],"replies":[{"embeddable":true,"href":"https:\/\/www.rabattcorner.ch\/cashback\/wp-json\/wp\/v2\/comments?post=3791"}],"version-history":[{"count":22,"href":"https:\/\/www.rabattcorner.ch\/cashback\/wp-json\/wp\/v2\/pages\/3791\/revisions"}],"predecessor-version":[{"id":4226,"href":"https:\/\/www.rabattcorner.ch\/cashback\/wp-json\/wp\/v2\/pages\/3791\/revisions\/4226"}],"wp:featuredmedia":[{"embeddable":true,"href":"https:\/\/www.rabattcorner.ch\/cashback\/wp-json\/wp\/v2\/media\/3785"}],"wp:attachment":[{"href":"https:\/\/www.rabattcorner.ch\/cashback\/wp-json\/wp\/v2\/media?parent=3791"}],"curies":[{"name":"wp","href":"https:\/\/api.w.org\/{rel}","templated":true}]}}