{"id":3664,"date":"2021-03-03T10:38:54","date_gmt":"2021-03-03T10:38:54","guid":{"rendered":"https:\/\/www.rabattcorner.ch\/cashback\/?page_id=3664"},"modified":"2025-11-03T12:48:27","modified_gmt":"2025-11-03T12:48:27","slug":"stay-tuned-for-iqos","status":"publish","type":"page","link":"https:\/\/www.rabattcorner.ch\/cashback\/stay-tuned-for-iqos\/","title":{"rendered":"Stay Tuned for IQOS"},"content":{"rendered":"\n<figure class=\"wp-block-image\"><img loading=\"lazy\" decoding=\"async\" width=\"100\" height=\"25\" src=\"https:\/\/www.rabattcorner.ch\/cashback\/wp-content\/uploads\/2021\/03\/iqos_logo.jpg\" alt=\"\" class=\"wp-image-3670\"\/><\/figure>\n\n\n\n<p>Danke f\u00fcr dein Interesse an unserem exklusiven IQOS Angebot f\u00fcr erwachsene Raucher. Du wirst bald per Mail wieder von uns h\u00f6ren. \ud83d\ude09<\/p>\n","protected":false},"excerpt":{"rendered":"<p>Danke f\u00fcr dein Interesse an unserem exklusiven IQOS Angebot f\u00fcr erwachsene Raucher. Du wirst bald per Mail wieder von uns h\u00f6ren. \ud83d\ude09<\/p>\n","protected":false},"author":3,"featured_media":3682,"parent":0,"menu_order":0,"comment_status":"closed","ping_status":"closed","template":"","meta":{"footnotes":""},"class_list":["post-3664","page","type-page","status-publish","has-post-thumbnail","hentry"],"yoast_head":"<!-- This site is optimized with the Yoast SEO plugin v27.1.1 - https:\/\/yoast.com\/product\/yoast-seo-wordpress\/ -->\n<title>Exklusives IQOS Angebot \u2013 Rabattcorner \u2013 Cashback<\/title>\n<meta name=\"description\" content=\"Klicke hier um \u00fcber das exklusive IQOS Angebot f\u00fcr Raucher mehr zu erfahren. Profitiere von Top Angeboten und sammle Cashback mit Rabattcorner.\" \/>\n<meta name=\"robots\" content=\"index, follow, max-snippet:-1, max-image-preview:large, max-video-preview:-1\" \/>\n<link rel=\"canonical\" href=\"https:\/\/www.rabattcorner.ch\/cashback\/stay-tuned-for-iqos\/\" \/>\n<meta property=\"og:locale\" content=\"de_DE\" \/>\n<meta property=\"og:type\" content=\"article\" \/>\n<meta property=\"og:title\" content=\"Exklusives IQOS Angebot \u2013 Rabattcorner \u2013 Cashback\" \/>\n<meta property=\"og:description\" content=\"Klicke hier um \u00fcber das exklusive IQOS Angebot f\u00fcr Raucher mehr zu erfahren. Profitiere von Top Angeboten und sammle Cashback mit Rabattcorner.\" \/>\n<meta property=\"og:url\" content=\"https:\/\/www.rabattcorner.ch\/cashback\/stay-tuned-for-iqos\/\" \/>\n<meta property=\"og:site_name\" content=\"Rabattcorner - Cashback\" \/>\n<meta property=\"article:publisher\" content=\"https:\/\/www.facebook.com\/rabattcorner\" \/>\n<meta property=\"article:modified_time\" content=\"2025-11-03T12:48:27+00:00\" \/>\n<meta property=\"og:image\" content=\"https:\/\/www.rabattcorner.ch\/cashback\/wp-content\/uploads\/2021\/03\/IQOS_1440x550_V1-1-1.jpg\" \/>\n\t<meta property=\"og:image:width\" content=\"1048\" \/>\n\t<meta property=\"og:image:height\" content=\"250\" \/>\n\t<meta property=\"og:image:type\" content=\"image\/jpeg\" \/>\n<meta name=\"twitter:card\" content=\"summary_large_image\" \/>\n<meta name=\"twitter:site\" content=\"@rabattcorner\" \/>\n<script type=\"application\/ld+json\" class=\"yoast-schema-graph\">{\"@context\":\"https:\/\/schema.org\",\"@graph\":[{\"@type\":\"WebPage\",\"@id\":\"https:\/\/www.rabattcorner.ch\/cashback\/stay-tuned-for-iqos\/\",\"url\":\"https:\/\/www.rabattcorner.ch\/cashback\/stay-tuned-for-iqos\/\",\"name\":\"Exklusives IQOS Angebot \u2013 Rabattcorner \u2013 Cashback\",\"isPartOf\":{\"@id\":\"https:\/\/www.rabattcorner.ch\/cashback\/#website\"},\"primaryImageOfPage\":{\"@id\":\"https:\/\/www.rabattcorner.ch\/cashback\/stay-tuned-for-iqos\/#primaryimage\"},\"image\":{\"@id\":\"https:\/\/www.rabattcorner.ch\/cashback\/stay-tuned-for-iqos\/#primaryimage\"},\"thumbnailUrl\":\"https:\/\/www.rabattcorner.ch\/cashback\/wp-content\/uploads\/2021\/03\/IQOS_1440x550_V1-1-1.jpg\",\"datePublished\":\"2021-03-03T10:38:54+00:00\",\"dateModified\":\"2025-11-03T12:48:27+00:00\",\"description\":\"Klicke hier um \u00fcber das exklusive IQOS Angebot f\u00fcr Raucher mehr zu erfahren. Profitiere von Top Angeboten und sammle Cashback mit Rabattcorner.\",\"breadcrumb\":{\"@id\":\"https:\/\/www.rabattcorner.ch\/cashback\/stay-tuned-for-iqos\/#breadcrumb\"},\"inLanguage\":\"de-CH\",\"potentialAction\":[{\"@type\":\"ReadAction\",\"target\":[\"https:\/\/www.rabattcorner.ch\/cashback\/stay-tuned-for-iqos\/\"]}]},{\"@type\":\"ImageObject\",\"inLanguage\":\"de-CH\",\"@id\":\"https:\/\/www.rabattcorner.ch\/cashback\/stay-tuned-for-iqos\/#primaryimage\",\"url\":\"https:\/\/www.rabattcorner.ch\/cashback\/wp-content\/uploads\/2021\/03\/IQOS_1440x550_V1-1-1.jpg\",\"contentUrl\":\"https:\/\/www.rabattcorner.ch\/cashback\/wp-content\/uploads\/2021\/03\/IQOS_1440x550_V1-1-1.jpg\",\"width\":1048,\"height\":250},{\"@type\":\"BreadcrumbList\",\"@id\":\"https:\/\/www.rabattcorner.ch\/cashback\/stay-tuned-for-iqos\/#breadcrumb\",\"itemListElement\":[{\"@type\":\"ListItem\",\"position\":1,\"name\":\"Cashback\",\"item\":\"https:\/\/www.rabattcorner.ch\/cashback\/\"},{\"@type\":\"ListItem\",\"position\":2,\"name\":\"Stay Tuned for IQOS\"}]},{\"@type\":\"WebSite\",\"@id\":\"https:\/\/www.rabattcorner.ch\/cashback\/#website\",\"url\":\"https:\/\/www.rabattcorner.ch\/cashback\/\",\"name\":\"Rabattcorner - Cashback\",\"description\":\"Erhalte Cashback f\u00fcr deine Online-Eink\u00e4ufe\",\"alternateName\":\"Rabattcorner\",\"potentialAction\":[{\"@type\":\"SearchAction\",\"target\":{\"@type\":\"EntryPoint\",\"urlTemplate\":\"https:\/\/www.rabattcorner.ch\/cashback\/?s={search_term_string}\"},\"query-input\":{\"@type\":\"PropertyValueSpecification\",\"valueRequired\":true,\"valueName\":\"search_term_string\"}}],\"inLanguage\":\"de-CH\"}]}<\/script>\n<!-- \/ Yoast SEO plugin. -->","yoast_head_json":{"title":"Exklusives IQOS Angebot \u2013 Rabattcorner \u2013 Cashback","description":"Klicke hier um \u00fcber das exklusive IQOS Angebot f\u00fcr Raucher mehr zu erfahren. Profitiere von Top Angeboten und sammle Cashback mit Rabattcorner.","robots":{"index":"index","follow":"follow","max-snippet":"max-snippet:-1","max-image-preview":"max-image-preview:large","max-video-preview":"max-video-preview:-1"},"canonical":"https:\/\/www.rabattcorner.ch\/cashback\/stay-tuned-for-iqos\/","og_locale":"de_DE","og_type":"article","og_title":"Exklusives IQOS Angebot \u2013 Rabattcorner \u2013 Cashback","og_description":"Klicke hier um \u00fcber das exklusive IQOS Angebot f\u00fcr Raucher mehr zu erfahren. Profitiere von Top Angeboten und sammle Cashback mit Rabattcorner.","og_url":"https:\/\/www.rabattcorner.ch\/cashback\/stay-tuned-for-iqos\/","og_site_name":"Rabattcorner - Cashback","article_publisher":"https:\/\/www.facebook.com\/rabattcorner","article_modified_time":"2025-11-03T12:48:27+00:00","og_image":[{"width":1048,"height":250,"url":"https:\/\/www.rabattcorner.ch\/cashback\/wp-content\/uploads\/2021\/03\/IQOS_1440x550_V1-1-1.jpg","type":"image\/jpeg"}],"twitter_card":"summary_large_image","twitter_site":"@rabattcorner","schema":{"@context":"https:\/\/schema.org","@graph":[{"@type":"WebPage","@id":"https:\/\/www.rabattcorner.ch\/cashback\/stay-tuned-for-iqos\/","url":"https:\/\/www.rabattcorner.ch\/cashback\/stay-tuned-for-iqos\/","name":"Exklusives IQOS Angebot \u2013 Rabattcorner \u2013 Cashback","isPartOf":{"@id":"https:\/\/www.rabattcorner.ch\/cashback\/#website"},"primaryImageOfPage":{"@id":"https:\/\/www.rabattcorner.ch\/cashback\/stay-tuned-for-iqos\/#primaryimage"},"image":{"@id":"https:\/\/www.rabattcorner.ch\/cashback\/stay-tuned-for-iqos\/#primaryimage"},"thumbnailUrl":"https:\/\/www.rabattcorner.ch\/cashback\/wp-content\/uploads\/2021\/03\/IQOS_1440x550_V1-1-1.jpg","datePublished":"2021-03-03T10:38:54+00:00","dateModified":"2025-11-03T12:48:27+00:00","description":"Klicke hier um \u00fcber das exklusive IQOS Angebot f\u00fcr Raucher mehr zu erfahren. Profitiere von Top Angeboten und sammle Cashback mit Rabattcorner.","breadcrumb":{"@id":"https:\/\/www.rabattcorner.ch\/cashback\/stay-tuned-for-iqos\/#breadcrumb"},"inLanguage":"de-CH","potentialAction":[{"@type":"ReadAction","target":["https:\/\/www.rabattcorner.ch\/cashback\/stay-tuned-for-iqos\/"]}]},{"@type":"ImageObject","inLanguage":"de-CH","@id":"https:\/\/www.rabattcorner.ch\/cashback\/stay-tuned-for-iqos\/#primaryimage","url":"https:\/\/www.rabattcorner.ch\/cashback\/wp-content\/uploads\/2021\/03\/IQOS_1440x550_V1-1-1.jpg","contentUrl":"https:\/\/www.rabattcorner.ch\/cashback\/wp-content\/uploads\/2021\/03\/IQOS_1440x550_V1-1-1.jpg","width":1048,"height":250},{"@type":"BreadcrumbList","@id":"https:\/\/www.rabattcorner.ch\/cashback\/stay-tuned-for-iqos\/#breadcrumb","itemListElement":[{"@type":"ListItem","position":1,"name":"Cashback","item":"https:\/\/www.rabattcorner.ch\/cashback\/"},{"@type":"ListItem","position":2,"name":"Stay Tuned for IQOS"}]},{"@type":"WebSite","@id":"https:\/\/www.rabattcorner.ch\/cashback\/#website","url":"https:\/\/www.rabattcorner.ch\/cashback\/","name":"Rabattcorner - Cashback","description":"Erhalte Cashback f\u00fcr deine Online-Eink\u00e4ufe","alternateName":"Rabattcorner","potentialAction":[{"@type":"SearchAction","target":{"@type":"EntryPoint","urlTemplate":"https:\/\/www.rabattcorner.ch\/cashback\/?s={search_term_string}"},"query-input":{"@type":"PropertyValueSpecification","valueRequired":true,"valueName":"search_term_string"}}],"inLanguage":"de-CH"}]}},"lang":"de","translations":{"de":3664},"pll_sync_post":{},"_links":{"self":[{"href":"https:\/\/www.rabattcorner.ch\/cashback\/wp-json\/wp\/v2\/pages\/3664","targetHints":{"allow":["GET"]}}],"collection":[{"href":"https:\/\/www.rabattcorner.ch\/cashback\/wp-json\/wp\/v2\/pages"}],"about":[{"href":"https:\/\/www.rabattcorner.ch\/cashback\/wp-json\/wp\/v2\/types\/page"}],"author":[{"embeddable":true,"href":"https:\/\/www.rabattcorner.ch\/cashback\/wp-json\/wp\/v2\/users\/3"}],"replies":[{"embeddable":true,"href":"https:\/\/www.rabattcorner.ch\/cashback\/wp-json\/wp\/v2\/comments?post=3664"}],"version-history":[{"count":3,"href":"https:\/\/www.rabattcorner.ch\/cashback\/wp-json\/wp\/v2\/pages\/3664\/revisions"}],"predecessor-version":[{"id":3671,"href":"https:\/\/www.rabattcorner.ch\/cashback\/wp-json\/wp\/v2\/pages\/3664\/revisions\/3671"}],"wp:featuredmedia":[{"embeddable":true,"href":"https:\/\/www.rabattcorner.ch\/cashback\/wp-json\/wp\/v2\/media\/3682"}],"wp:attachment":[{"href":"https:\/\/www.rabattcorner.ch\/cashback\/wp-json\/wp\/v2\/media?parent=3664"}],"curies":[{"name":"wp","href":"https:\/\/api.w.org\/{rel}","templated":true}]}}