{"id":3146,"date":"2020-05-28T18:10:29","date_gmt":"2020-05-28T18:10:29","guid":{"rendered":"https:\/\/www.rabattcorner.ch\/cashback\/?page_id=3146"},"modified":"2026-02-09T19:08:49","modified_gmt":"2026-02-09T19:08:49","slug":"lastuce-avant-dacheter-en-ligne","status":"publish","type":"page","link":"https:\/\/www.rabattcorner.ch\/cashback\/fr\/lastuce-avant-dacheter-en-ligne\/","title":{"rendered":"L\u2019astuce avant d&#8217;acheter en ligne"},"content":{"rendered":"\n<h2 class=\"wp-block-heading\">Avant de faire tes achats en ligne chez Media Markt, AliExpress ou Booking, assure-toi d\u2019avoir utilis\u00e9 cette astuce pour profiter de remboursements.<\/h2>\n\n\n\n<figure class=\"wp-block-image\"><img loading=\"lazy\" decoding=\"async\" width=\"1024\" height=\"576\" src=\"https:\/\/www.rabattcorner.ch\/cashback\/wp-content\/uploads\/2020\/05\/astuce-avant-acheter-en-ligne-1024x576.jpg\" alt=\"\" class=\"wp-image-3149\" srcset=\"https:\/\/www.rabattcorner.ch\/cashback\/wp-content\/uploads\/2020\/05\/astuce-avant-acheter-en-ligne-1024x576.jpg 1024w, https:\/\/www.rabattcorner.ch\/cashback\/wp-content\/uploads\/2020\/05\/astuce-avant-acheter-en-ligne-300x169.jpg 300w, https:\/\/www.rabattcorner.ch\/cashback\/wp-content\/uploads\/2020\/05\/astuce-avant-acheter-en-ligne-768x432.jpg 768w, https:\/\/www.rabattcorner.ch\/cashback\/wp-content\/uploads\/2020\/05\/astuce-avant-acheter-en-ligne.jpg 1920w\" sizes=\"auto, (max-width: 1024px) 100vw, 1024px\" \/><\/figure>\n\n\n\n<p>Si tu ne connais pas encore cette astuce, sache que tu passes \u00e0 c\u00f4t\u00e9 de quelquechose! Ajourd\u2019hui, <strong>plus de 100\u2019000 suisses<\/strong> <strong>l\u2019utilisent<\/strong> pour r\u00e9cup\u00e9rer de l\u2019argent sur leurs achats. Cette astuce vient tout droit des Etats-Unis. Elle est tellement populaire dans les pays anglophones qu\u2019Apple a m\u00eame d\u00e9cid\u00e9 de la d\u00e9cliner en carte de cr\u00e9dit. Cette astuce, c\u2019est le cashback! C\u2019est quoi exactement? Le cashback est une somme d\u2019argent que tu r\u00e9cup\u00e8res sur tes achats. Beaucoup de boutiques en ligne le proposent pour \u00eatre plus concurrentielles et attirer les internautes sur leur site. En Suisse, Manor, Media Markt, Booking et m\u00eame AliExpress offrent du cashback! Comment se fait-il que tu ne sois pas au courant? Ou que tu n\u2019ais rien vu de tout \u00e7a lorsque tu as visit\u00e9 leurs boutiques en ligne? Voici pourquoi: en Suisse, seule une plateforme te permet de profiter de cashback sur tes achats. Cette plateforme s\u2019appelle Rabattcorner.&nbsp;<\/p>\n\n\n\n<p>Rabattcorner a \u00e9t\u00e9 lanc\u00e9e en 2014 et depuis, elle a rembours\u00e9 en toute discr\u00e9tion <strong>plus de 3 millions de francs<\/strong> \u00e0 ses 100\u2019000 utilisateurs! Cela te para\u00eet suspect? Cela ressemble, selon toi, \u00e0 une arnaque? C\u2019est pourtant bien vrai! Voici comment cela marche exactement. Lorsque tu effectues un achat en passant par sa plateforme, Rabattcorner re\u00e7oit une commission de la part de la boutique dans laquelle tu effectues l\u2019achat. Elle partage ensuite cette commission avec toi sous forme de cashback.&nbsp;<\/p>\n\n\n\n<h3 class=\"wp-block-heading\">Combien je peux y gagner?<\/h3>\n\n\n\n<p>Concr\u00e8tement, combien cela repr\u00e9sente? La plateforme propose jusqu\u2019\u00e0 25% de cashback selon ce que les boutiques sont pr\u00eates \u00e0 offrir. Zalando Lounge propose par exemple jusqu\u2019\u00e0 6% de cashback, Ebookers 4% sur tes r\u00e9servation d\u2019h\u00f4tels et <strong>Sunrise CHF 40.- de cashback<\/strong> si tu souscris \u00e0 l\u2019un de ses abos internet. Si au premier coup d\u2019oeil sur le site, cela ne te para\u00eet pas \u00e9norme, cela peut devenir tr\u00e8s vite rentable. Imagine que tu r\u00e9serves tes vacances avec Hotelcard, qui propose un cashback de 20%, pour une valeur de CHF 2000.-. Tu cumules d\u00e9j\u00e0 400 francs. Tu fais ensuite ton shopping chez ABOUT YOU pour une valeur de CHF 300.-, tu r\u00e9cup\u00e8res 8% de cashback, soit 24 francs. Si tu fais \u00e9galement tes courses pour la premi\u00e8re fois chez Farmy, tu r\u00e9cup\u00e8res CHF 10.- de cashback. Apr\u00e8s 3 achats, tu as d\u00e9j\u00e0 r\u00e9cup\u00e9r\u00e9 435 francs! Pas convaincu-e? Voici un t\u00e9moignage d\u2019un fan de Rabattcorner, qui ne rate jamais une occasion d\u2019activer son cashback avant chaque achat en ligne.&nbsp;<\/p>\n\n\n\n<div class=\"wp-block-image\"><figure class=\"aligncenter\"><img loading=\"lazy\" decoding=\"async\" width=\"500\" height=\"508\" src=\"https:\/\/www.rabattcorner.ch\/cashback\/wp-content\/uploads\/2020\/05\/ben-temoignage-rabattcorner.jpg\" alt=\"\" class=\"wp-image-3147\" srcset=\"https:\/\/www.rabattcorner.ch\/cashback\/wp-content\/uploads\/2020\/05\/ben-temoignage-rabattcorner.jpg 500w, https:\/\/www.rabattcorner.ch\/cashback\/wp-content\/uploads\/2020\/05\/ben-temoignage-rabattcorner-295x300.jpg 295w\" sizes=\"auto, (max-width: 500px) 100vw, 500px\" \/><\/figure><\/div>\n\n\n\n<p><em>\u00abJe commande r\u00e9guli\u00e8rement en ligne, notamment depuis le confinement, et chaque mois, je r\u00e9cup\u00e8re en moyenne 200 francs\u00bb, explique Ben, utilisateur inv\u00e9t\u00e9r\u00e9 de Rabattcorner.&nbsp;<\/em><\/p>\n\n\n\n<p>Depuis son expansion, la plateforme de cashback effectue des virements tous les jours pour rembourser ses utilisateurs sur leurs achats.&nbsp;<\/p>\n\n\n\n<p>Toujours pas convaincu-e? Rabattcorner est une plateforme gratuite. Tu peux toujours la tester, cela ne te co\u00fbte pas un sou! La cr\u00e9ation d\u2019un compte et l\u2019utilisation de la plateforme est<strong> 100% gratuite<\/strong> pour les internautes puisque la plateforme se finance gr\u00e2ce aux commissions qu\u2019elle re\u00e7oit de ses 790 boutiques partenaires. Une fois inscrit-e, tu n\u2019as plus qu\u2019\u00e0 te rendre dans la boutique de ton choix, via la plateforme et effectuer ta commande, comme d\u2019habitude! La plateforme enregistre simplement le montant de ta commande pour calculer le cashback d\u00fb. Une fois que tu as cumul\u00e9 CHF 20.-, tu peux demander le versement de ton cashback sous forme de cash directement sur ton compte bancaire ou Paypal. Voici concr\u00e8tement comment \u00e7a marche:<\/p>\n\n\n\n<figure class=\"wp-block-embed is-type-video is-provider-vimeo wp-block-embed-vimeo wp-embed-aspect-1-1 wp-has-aspect-ratio\"><div class=\"wp-block-embed__wrapper\">\n<iframe loading=\"lazy\" title=\"Comment gagner du cashback avec Rabattcorner ?\" src=\"https:\/\/player.vimeo.com\/video\/718608219?dnt=1&amp;app_id=122963\" width=\"500\" height=\"391\" frameborder=\"0\" allow=\"autoplay; fullscreen; picture-in-picture; clipboard-write; encrypted-media; web-share\" referrerpolicy=\"strict-origin-when-cross-origin\"><\/iframe>\n<\/div><\/figure>\n\n\n\n<h3 class=\"wp-block-heading\">\u00c7a marche \u00e0 coup s\u00fbr?<\/h3>\n\n\n\n<p>Activer son cashback se fait en un clic. Il faut toutefois respecter quelques conditions techniques pour que ta transaction soit bien enregistr\u00e9e par la plateforme:<\/p>\n\n\n\n<ul class=\"wp-block-list\"><li>N\u2019ouvre pas d\u2019autres pages web avant d\u2019avoir fini ton achat<\/li><li>N\u2019utilise pas de bons de r\u00e9duction qui ne soit pas propos\u00e9 par la plateforme (certaines boutiques refusent en effet que les utilisateurs cumulent cashback et offres)<\/li><li>D\u00e9sinstalle tout ad bloqueurs qui emp\u00eache le tra\u00e7age<\/li><li>Accepte les \u00e9ventuels cookies<\/li><li>Ne commande pas sur l\u2019appli de la boutique partenaire mais via l\u2019appli de Rabattcorner<\/li><\/ul>\n\n\n\n<p>Apr\u00e8s ta commande, la plateforme t\u2019envoie une confirmation par email sous 24h et cr\u00e9dite ton compte utilisateur du montant de la commande et du cashback correspondant. La boutique confirme alors le cashback. Ce d\u00e9lai d\u00e9pend des d\u00e9lais de retour de commande ou d\u2019annulation de voyage, autrement il serait possible de gagner du cashback sur des achats qui n\u2019ont finalement pas \u00e9t\u00e9 finalis\u00e9s ou des voyages que tu n\u2019as pas effectu\u00e9s.<\/p>\n\n\n\n<h3 class=\"wp-block-heading\">Que fait-on de mes donn\u00e9es personnelles?<\/h3>\n\n\n\n<p>Tu te demandes quels risques existent pour tes donn\u00e9es personnelles et bancaires? Oui, afin de te laisser profiter de sa plateforme, Rabattcorner a en effet besoin de  ton nom, ton adresse email et ton IBAN. La plateforme poss\u00e8de une <a href=\"https:\/\/www.rabattcorner.ch\/cashback\/fr\/declaration-de-protection-des-donnees-rabattcorner-ag\/\">politique de confidentialit\u00e9<\/a> stricte en la mati\u00e8re et ne r\u00e9utilise en aucun cas tes donn\u00e9es personnelles \u00e0 des fins marketing. Ces donn\u00e9es sont uniquement destin\u00e9es \u00e0 t\u2019envoyer des emails de suivi de transaction pour t\u2019informer du statut de ton cashback et \u00e0 te verser ton cashback sous forme de virement.&nbsp;<\/p>\n\n\n\n<h3 class=\"wp-block-heading\">Du cashback et plus encore!<\/h3>\n\n\n\n<p>Rabattcorner a pour vocation de te faire profiter des meilleurs bons plans, en plus de cashback, pour que tu puisses \u00e9conomiser significativement sur tes commandes en ligne. Elle traque tous les bons de r\u00e9duction et offres sp\u00e9ciales valables dans les meilleures boutiques pour que chaque achat viennent un peu moins creuser ton budget. Pour No\u00ebl, la Saint-Valentin, les soldes d&#8217;\u00e9t\u00e9 ou encore durant le <a href=\"https:\/\/www.rabattcorner.ch\/fr\/blackfriday\/\">Black Friday<\/a>, rien n&#8217;a \u00e9chapp\u00e9 \u00e0 la plateforme pour que tu puisses payer moins cher et r\u00e9cup\u00e9rer en plus du cashback&nbsp;sur tes d\u00e9penses.<\/p>\n","protected":false},"excerpt":{"rendered":"<p>Avant de faire tes achats en ligne chez Media Markt, AliExpress ou Booking, assure-toi d\u2019avoir utilis\u00e9 cette astuce pour profiter de remboursements. Si tu ne connais pas encore cette astuce, sache que tu passes \u00e0 c\u00f4t\u00e9 de quelquechose! Ajourd\u2019hui, plus de 100\u2019000 suisses l\u2019utilisent pour r\u00e9cup\u00e9rer de l\u2019argent sur leurs achats. Cette astuce vient tout [&hellip;]<\/p>\n","protected":false},"author":3,"featured_media":2612,"parent":0,"menu_order":0,"comment_status":"closed","ping_status":"closed","template":"templates\/template-additional.php","meta":{"footnotes":""},"class_list":["post-3146","page","type-page","status-publish","has-post-thumbnail","hentry"],"yoast_head":"<!-- This site is optimized with the Yoast SEO plugin v27.1.1 - https:\/\/yoast.com\/product\/yoast-seo-wordpress\/ -->\n<title>L\u2019astuce avant d&#039;acheter en ligne - Rabattcorner - Cashback<\/title>\n<meta name=\"description\" content=\"Avant de faire tes achats en ligne chez Media Markt ou Booking, assure-toi d\u2019avoir utilis\u00e9 cette astuce pour profiter de remboursements.\" \/>\n<meta name=\"robots\" content=\"index, follow, max-snippet:-1, max-image-preview:large, max-video-preview:-1\" \/>\n<link rel=\"canonical\" href=\"https:\/\/www.rabattcorner.ch\/cashback\/fr\/lastuce-avant-dacheter-en-ligne\/\" \/>\n<meta property=\"og:locale\" content=\"de_DE\" \/>\n<meta property=\"og:type\" content=\"article\" \/>\n<meta property=\"og:title\" content=\"L\u2019astuce avant d&#039;acheter en ligne - Rabattcorner - Cashback\" \/>\n<meta property=\"og:description\" content=\"Avant de faire tes achats en ligne chez Media Markt ou Booking, assure-toi d\u2019avoir utilis\u00e9 cette astuce pour profiter de remboursements.\" \/>\n<meta property=\"og:url\" content=\"https:\/\/www.rabattcorner.ch\/cashback\/fr\/lastuce-avant-dacheter-en-ligne\/\" \/>\n<meta property=\"og:site_name\" content=\"Rabattcorner - Cashback\" \/>\n<meta property=\"article:publisher\" content=\"https:\/\/www.facebook.com\/rabattcorner\" \/>\n<meta property=\"article:modified_time\" content=\"2026-02-09T19:08:49+00:00\" \/>\n<meta property=\"og:image\" content=\"https:\/\/www.rabattcorner.ch\/cashback\/wp-content\/uploads\/2020\/01\/du-cash-a-la-place-de-miles.jpg\" \/>\n\t<meta property=\"og:image:width\" content=\"1254\" \/>\n\t<meta property=\"og:image:height\" content=\"837\" \/>\n\t<meta property=\"og:image:type\" content=\"image\/jpeg\" \/>\n<meta name=\"twitter:card\" content=\"summary_large_image\" \/>\n<meta name=\"twitter:site\" content=\"@rabattcorner\" \/>\n<meta name=\"twitter:label1\" content=\"Gesch\u00e4tzte Lesezeit\" \/>\n\t<meta name=\"twitter:data1\" content=\"5\u00a0Minuten\" \/>\n<script type=\"application\/ld+json\" class=\"yoast-schema-graph\">{\"@context\":\"https:\/\/schema.org\",\"@graph\":[{\"@type\":\"WebPage\",\"@id\":\"https:\/\/www.rabattcorner.ch\/cashback\/fr\/lastuce-avant-dacheter-en-ligne\/\",\"url\":\"https:\/\/www.rabattcorner.ch\/cashback\/fr\/lastuce-avant-dacheter-en-ligne\/\",\"name\":\"L\u2019astuce avant d'acheter en ligne - Rabattcorner - Cashback\",\"isPartOf\":{\"@id\":\"https:\/\/www.rabattcorner.ch\/cashback\/#website\"},\"primaryImageOfPage\":{\"@id\":\"https:\/\/www.rabattcorner.ch\/cashback\/fr\/lastuce-avant-dacheter-en-ligne\/#primaryimage\"},\"image\":{\"@id\":\"https:\/\/www.rabattcorner.ch\/cashback\/fr\/lastuce-avant-dacheter-en-ligne\/#primaryimage\"},\"thumbnailUrl\":\"https:\/\/www.rabattcorner.ch\/cashback\/wp-content\/uploads\/2020\/01\/du-cash-a-la-place-de-miles.jpg\",\"datePublished\":\"2020-05-28T18:10:29+00:00\",\"dateModified\":\"2026-02-09T19:08:49+00:00\",\"description\":\"Avant de faire tes achats en ligne chez Media Markt ou Booking, assure-toi d\u2019avoir utilis\u00e9 cette astuce pour profiter de remboursements.\",\"breadcrumb\":{\"@id\":\"https:\/\/www.rabattcorner.ch\/cashback\/fr\/lastuce-avant-dacheter-en-ligne\/#breadcrumb\"},\"inLanguage\":\"de-CH\",\"potentialAction\":[{\"@type\":\"ReadAction\",\"target\":[\"https:\/\/www.rabattcorner.ch\/cashback\/fr\/lastuce-avant-dacheter-en-ligne\/\"]}]},{\"@type\":\"ImageObject\",\"inLanguage\":\"de-CH\",\"@id\":\"https:\/\/www.rabattcorner.ch\/cashback\/fr\/lastuce-avant-dacheter-en-ligne\/#primaryimage\",\"url\":\"https:\/\/www.rabattcorner.ch\/cashback\/wp-content\/uploads\/2020\/01\/du-cash-a-la-place-de-miles.jpg\",\"contentUrl\":\"https:\/\/www.rabattcorner.ch\/cashback\/wp-content\/uploads\/2020\/01\/du-cash-a-la-place-de-miles.jpg\",\"width\":1254,\"height\":837,\"caption\":\"Du cash au lieu de Miles\"},{\"@type\":\"BreadcrumbList\",\"@id\":\"https:\/\/www.rabattcorner.ch\/cashback\/fr\/lastuce-avant-dacheter-en-ligne\/#breadcrumb\",\"itemListElement\":[{\"@type\":\"ListItem\",\"position\":1,\"name\":\"Cashback\",\"item\":\"https:\/\/www.rabattcorner.ch\/cashback\/\"},{\"@type\":\"ListItem\",\"position\":2,\"name\":\"L\u2019astuce avant d&#8217;acheter en ligne\"}]},{\"@type\":\"WebSite\",\"@id\":\"https:\/\/www.rabattcorner.ch\/cashback\/#website\",\"url\":\"https:\/\/www.rabattcorner.ch\/cashback\/\",\"name\":\"Rabattcorner - Cashback\",\"description\":\"Erhalte Cashback f\u00fcr deine Online-Eink\u00e4ufe\",\"alternateName\":\"Rabattcorner\",\"potentialAction\":[{\"@type\":\"SearchAction\",\"target\":{\"@type\":\"EntryPoint\",\"urlTemplate\":\"https:\/\/www.rabattcorner.ch\/cashback\/?s={search_term_string}\"},\"query-input\":{\"@type\":\"PropertyValueSpecification\",\"valueRequired\":true,\"valueName\":\"search_term_string\"}}],\"inLanguage\":\"de-CH\"}]}<\/script>\n<!-- \/ Yoast SEO plugin. -->","yoast_head_json":{"title":"L\u2019astuce avant d'acheter en ligne - Rabattcorner - Cashback","description":"Avant de faire tes achats en ligne chez Media Markt ou Booking, assure-toi d\u2019avoir utilis\u00e9 cette astuce pour profiter de remboursements.","robots":{"index":"index","follow":"follow","max-snippet":"max-snippet:-1","max-image-preview":"max-image-preview:large","max-video-preview":"max-video-preview:-1"},"canonical":"https:\/\/www.rabattcorner.ch\/cashback\/fr\/lastuce-avant-dacheter-en-ligne\/","og_locale":"de_DE","og_type":"article","og_title":"L\u2019astuce avant d'acheter en ligne - Rabattcorner - Cashback","og_description":"Avant de faire tes achats en ligne chez Media Markt ou Booking, assure-toi d\u2019avoir utilis\u00e9 cette astuce pour profiter de remboursements.","og_url":"https:\/\/www.rabattcorner.ch\/cashback\/fr\/lastuce-avant-dacheter-en-ligne\/","og_site_name":"Rabattcorner - Cashback","article_publisher":"https:\/\/www.facebook.com\/rabattcorner","article_modified_time":"2026-02-09T19:08:49+00:00","og_image":[{"width":1254,"height":837,"url":"https:\/\/www.rabattcorner.ch\/cashback\/wp-content\/uploads\/2020\/01\/du-cash-a-la-place-de-miles.jpg","type":"image\/jpeg"}],"twitter_card":"summary_large_image","twitter_site":"@rabattcorner","twitter_misc":{"Gesch\u00e4tzte Lesezeit":"5\u00a0Minuten"},"schema":{"@context":"https:\/\/schema.org","@graph":[{"@type":"WebPage","@id":"https:\/\/www.rabattcorner.ch\/cashback\/fr\/lastuce-avant-dacheter-en-ligne\/","url":"https:\/\/www.rabattcorner.ch\/cashback\/fr\/lastuce-avant-dacheter-en-ligne\/","name":"L\u2019astuce avant d'acheter en ligne - Rabattcorner - Cashback","isPartOf":{"@id":"https:\/\/www.rabattcorner.ch\/cashback\/#website"},"primaryImageOfPage":{"@id":"https:\/\/www.rabattcorner.ch\/cashback\/fr\/lastuce-avant-dacheter-en-ligne\/#primaryimage"},"image":{"@id":"https:\/\/www.rabattcorner.ch\/cashback\/fr\/lastuce-avant-dacheter-en-ligne\/#primaryimage"},"thumbnailUrl":"https:\/\/www.rabattcorner.ch\/cashback\/wp-content\/uploads\/2020\/01\/du-cash-a-la-place-de-miles.jpg","datePublished":"2020-05-28T18:10:29+00:00","dateModified":"2026-02-09T19:08:49+00:00","description":"Avant de faire tes achats en ligne chez Media Markt ou Booking, assure-toi d\u2019avoir utilis\u00e9 cette astuce pour profiter de remboursements.","breadcrumb":{"@id":"https:\/\/www.rabattcorner.ch\/cashback\/fr\/lastuce-avant-dacheter-en-ligne\/#breadcrumb"},"inLanguage":"de-CH","potentialAction":[{"@type":"ReadAction","target":["https:\/\/www.rabattcorner.ch\/cashback\/fr\/lastuce-avant-dacheter-en-ligne\/"]}]},{"@type":"ImageObject","inLanguage":"de-CH","@id":"https:\/\/www.rabattcorner.ch\/cashback\/fr\/lastuce-avant-dacheter-en-ligne\/#primaryimage","url":"https:\/\/www.rabattcorner.ch\/cashback\/wp-content\/uploads\/2020\/01\/du-cash-a-la-place-de-miles.jpg","contentUrl":"https:\/\/www.rabattcorner.ch\/cashback\/wp-content\/uploads\/2020\/01\/du-cash-a-la-place-de-miles.jpg","width":1254,"height":837,"caption":"Du cash au lieu de Miles"},{"@type":"BreadcrumbList","@id":"https:\/\/www.rabattcorner.ch\/cashback\/fr\/lastuce-avant-dacheter-en-ligne\/#breadcrumb","itemListElement":[{"@type":"ListItem","position":1,"name":"Cashback","item":"https:\/\/www.rabattcorner.ch\/cashback\/"},{"@type":"ListItem","position":2,"name":"L\u2019astuce avant d&#8217;acheter en ligne"}]},{"@type":"WebSite","@id":"https:\/\/www.rabattcorner.ch\/cashback\/#website","url":"https:\/\/www.rabattcorner.ch\/cashback\/","name":"Rabattcorner - Cashback","description":"Erhalte Cashback f\u00fcr deine Online-Eink\u00e4ufe","alternateName":"Rabattcorner","potentialAction":[{"@type":"SearchAction","target":{"@type":"EntryPoint","urlTemplate":"https:\/\/www.rabattcorner.ch\/cashback\/?s={search_term_string}"},"query-input":{"@type":"PropertyValueSpecification","valueRequired":true,"valueName":"search_term_string"}}],"inLanguage":"de-CH"}]}},"lang":"fr","translations":{"fr":3146,"de":3191},"pll_sync_post":{},"_links":{"self":[{"href":"https:\/\/www.rabattcorner.ch\/cashback\/wp-json\/wp\/v2\/pages\/3146","targetHints":{"allow":["GET"]}}],"collection":[{"href":"https:\/\/www.rabattcorner.ch\/cashback\/wp-json\/wp\/v2\/pages"}],"about":[{"href":"https:\/\/www.rabattcorner.ch\/cashback\/wp-json\/wp\/v2\/types\/page"}],"author":[{"embeddable":true,"href":"https:\/\/www.rabattcorner.ch\/cashback\/wp-json\/wp\/v2\/users\/3"}],"replies":[{"embeddable":true,"href":"https:\/\/www.rabattcorner.ch\/cashback\/wp-json\/wp\/v2\/comments?post=3146"}],"version-history":[{"count":18,"href":"https:\/\/www.rabattcorner.ch\/cashback\/wp-json\/wp\/v2\/pages\/3146\/revisions"}],"predecessor-version":[{"id":6129,"href":"https:\/\/www.rabattcorner.ch\/cashback\/wp-json\/wp\/v2\/pages\/3146\/revisions\/6129"}],"wp:featuredmedia":[{"embeddable":true,"href":"https:\/\/www.rabattcorner.ch\/cashback\/wp-json\/wp\/v2\/media\/2612"}],"wp:attachment":[{"href":"https:\/\/www.rabattcorner.ch\/cashback\/wp-json\/wp\/v2\/media?parent=3146"}],"curies":[{"name":"wp","href":"https:\/\/api.w.org\/{rel}","templated":true}]}}