{"id":2613,"date":"2020-01-27T16:25:43","date_gmt":"2020-01-27T16:25:43","guid":{"rendered":"https:\/\/www.rabattcorner.ch\/cashback\/?page_id=2613"},"modified":"2026-02-09T16:53:55","modified_gmt":"2026-02-09T16:53:55","slug":"bargeld-statt-meilen","status":"publish","type":"page","link":"https:\/\/www.rabattcorner.ch\/cashback\/bargeld-statt-meilen\/","title":{"rendered":"Bargeld statt Meilen"},"content":{"rendered":"\n<h2 class=\"wp-block-heading\">Warum Meilen sammeln, wenn man doch Geld sammeln kann? Hier sind vier Gr\u00fcnde, die dich deine Treueprogramme vergessen lassen, die f\u00fcr ein Cashback-Programm nicht ausreichen.<\/h2>\n\n\n\n<p><\/p>\n\n\n\n<h3 class=\"wp-block-heading\">1. Belohnung in bar und nicht in Form von Sachleistungen<\/h3>\n\n\n\n<p>Mit einem Meilen- oder anderen Treueprogramm sammelst du fiktive Punkte, die nach einem Mindestkaufbetrag gegen eine Sachleistung eingetauscht werden k\u00f6nnen. In der Regel erhaltest du ein Geschenk oder einen Rabatt, der auf das jeweilige Gesch\u00e4ft beschr\u00e4nkt ist und der, gib es zu, nicht immer deinen Erwartungen erf\u00fcllt. Es ist ein harter Schlag, wenn man merkt, dass die Anzahl der Eink\u00e4ufe, die man get\u00e4tigt hat, nicht so belohnt wird, wie sie sein sollte.<br><\/p>\n\n\n\n<p>Mit Cashback sammelst du keine Punkte, sondern nur Bargeld. Jeder Kauf bringt dir Geld, egal ob du ein treuer Kunde bist oder nur einmal im Shop kaufst. So werden deine Eink\u00e4ufe schnell g\u00fcnstiger als mit einem Meilenprogramm.<br><\/p>\n\n\n\n<h3 class=\"wp-block-heading\">2. R\u00fcckerstattungen ab CHF 1.- ausgegebener Summe<\/h3>\n\n\n\n<p>W\u00e4hrend du in der Regel mehrere Eink\u00e4ufe t\u00e4tigen und warten musst, bis du gen\u00fcgend Meilen gesammelt hast, bevor du von Angeboten profitieren kannst, kannst du mit Cashback von R\u00fcckerstattungen f\u00fcr jede Bestellung ab CHF 1.- profitieren! Von 0,5% bis 28%, je nach Shop, erh\u00e4ltst du Geld auf deine Ausgaben ohne Anzahl oder Mindestbestellwert. Die einzige Bedingung: Sammle CHF 20.-  an Cashback, bevor du es auf dein Bankkonto oder PayPal \u00fcberweisen kannst.&nbsp;<br><\/p>\n\n\n\n<h3 class=\"wp-block-heading\">3. Cashback in mehr als 790 Online Shops erh\u00e4ltlich<\/h3>\n\n\n\n<p>Meilenschn\u00e4ppchen sind sehr oft auf Fluggesellschaften beschr\u00e4nkt. Cashback ist auch auf Reiseplattformen, Flug- und Hotelreservierungen erh\u00e4ltlich, aber auch auf Mode, Elektronik, Haushaltsger\u00e4te, Kosmetik\u2026 So kannst du beispielsweise bei <a href=\"https:\/\/www.rabattcorner.ch\/booking-com-1-1.html\">Booking.com<\/a>, Microspot, SWISS, ABOUT YOU, Tchibo und mehr als 790 Online Shops in der Schweiz Bargeld sammeln.<\/p>\n\n\n\n<p><\/p>\n\n\n\n<h3 class=\"wp-block-heading\">4. Keine Kundenkarte notwendig<\/h3>\n\n\n\n<p>Um ein Meilenprogramm zu abonnieren, musst du deine Kundenkarte bei dir oder auf deinem Smartphone haben und sie bei Bedarf vorlegen. Um Cashback zu sammeln, erstelle einfach ein kostenloses Konto und aktiviere deinen Cashback mit einem Klick, bevor du deine Eink\u00e4ufe machst. Du kannst die Plattform nutzen, indem du den Shop deiner Wahl ausw\u00e4hlst oder die <a href=\"https:\/\/www.rabattcorner.ch\/addon\/\">Erweiterung<\/a> aktivierst, wenn du den Shop besuchst. Also warum sich die M\u00fche machen?<\/p>\n\n\n\n<p><\/p>\n\n\n\n<h3 class=\"wp-block-heading\">5. Cashback mit Gutscheincodes kombiniere<\/h3>\n\n\n\n<p>Du hast es vielleicht schon bemerkt, aber einige Treueprogramme erlauben es dir nicht, Punkte beim Kauf von reduzierten Artikeln zu sammeln. Der Cashback kann mit allen aktuellen Aktionsangeboten kombiniert werden: Rabattcoupons, Sales, Flash Sales\u2026 Zus\u00e4tzlich zu den besten Preisen erh\u00e4ltst du einen Teil deines Geldes zur\u00fcck, das du f\u00fcr echte Einsparungen in deinen Lieblingsshops ausgegeben hast.<br><\/p>\n\n\n\n<p>Du wirst es gut verstanden haben, das Sammeln von Cashback ist viel vorteilhafter als das Sammeln von Meilen. Wenn du noch nicht \u00fcberzeugt bist, teste unsere Plattform! <a href=\"https:\/\/www.rabattcorner.ch\/register\/\">Erstelle ein kostenloses Konto<\/a> und trete unserer Cashbacker-Community bei. Installiere unsere Erweiterung, damit du keinen Cashback verpasst und schon jetzt bei deinen Eink\u00e4ufen sparen kannst!&nbsp;<br><\/p>\n","protected":false},"excerpt":{"rendered":"<p>Warum Meilen sammeln, wenn man doch Geld sammeln kann? Hier sind vier Gr\u00fcnde, die dich deine Treueprogramme vergessen lassen, die f\u00fcr ein Cashback-Programm nicht ausreichen. 1. Belohnung in bar und nicht in Form von Sachleistungen Mit einem Meilen- oder anderen Treueprogramm sammelst du fiktive Punkte, die nach einem Mindestkaufbetrag gegen eine Sachleistung eingetauscht werden k\u00f6nnen. [&hellip;]<\/p>\n","protected":false},"author":3,"featured_media":2617,"parent":0,"menu_order":0,"comment_status":"closed","ping_status":"closed","template":"templates\/template-additional.php","meta":{"footnotes":""},"class_list":["post-2613","page","type-page","status-publish","has-post-thumbnail","hentry"],"yoast_head":"<!-- This site is optimized with the Yoast SEO plugin v27.1.1 - https:\/\/yoast.com\/product\/yoast-seo-wordpress\/ -->\n<title>Bargeld statt Meilen - Geld zur\u00fcck mit Rabattcorner - Cashback<\/title>\n<meta name=\"description\" content=\"Warum Meilen sammeln? Hier sind vier Gr\u00fcnde, die dich deine Treueprogramme vergessen lassen, die f\u00fcr ein Cashback-Programm nicht ausreichen.\" \/>\n<meta name=\"robots\" content=\"index, follow, max-snippet:-1, max-image-preview:large, max-video-preview:-1\" \/>\n<link rel=\"canonical\" href=\"https:\/\/www.rabattcorner.ch\/cashback\/bargeld-statt-meilen\/\" \/>\n<meta property=\"og:locale\" content=\"de_DE\" \/>\n<meta property=\"og:type\" content=\"article\" \/>\n<meta property=\"og:title\" content=\"Bargeld statt Meilen - Geld zur\u00fcck mit Rabattcorner - Cashback\" \/>\n<meta property=\"og:description\" content=\"Warum Meilen sammeln? Hier sind vier Gr\u00fcnde, die dich deine Treueprogramme vergessen lassen, die f\u00fcr ein Cashback-Programm nicht ausreichen.\" \/>\n<meta property=\"og:url\" content=\"https:\/\/www.rabattcorner.ch\/cashback\/bargeld-statt-meilen\/\" \/>\n<meta property=\"og:site_name\" content=\"Rabattcorner - Cashback\" \/>\n<meta property=\"article:publisher\" content=\"https:\/\/www.facebook.com\/rabattcorner\" \/>\n<meta property=\"article:modified_time\" content=\"2026-02-09T16:53:55+00:00\" \/>\n<meta property=\"og:image\" content=\"https:\/\/www.rabattcorner.ch\/cashback\/wp-content\/uploads\/2020\/01\/bargeld-statt-meilen.jpg\" \/>\n\t<meta property=\"og:image:width\" content=\"1254\" \/>\n\t<meta property=\"og:image:height\" content=\"837\" \/>\n\t<meta property=\"og:image:type\" content=\"image\/jpeg\" \/>\n<meta name=\"twitter:card\" content=\"summary_large_image\" \/>\n<meta name=\"twitter:site\" content=\"@rabattcorner\" \/>\n<meta name=\"twitter:label1\" content=\"Gesch\u00e4tzte Lesezeit\" \/>\n\t<meta name=\"twitter:data1\" content=\"3\u00a0Minuten\" \/>\n<script type=\"application\/ld+json\" class=\"yoast-schema-graph\">{\"@context\":\"https:\/\/schema.org\",\"@graph\":[{\"@type\":\"WebPage\",\"@id\":\"https:\/\/www.rabattcorner.ch\/cashback\/bargeld-statt-meilen\/\",\"url\":\"https:\/\/www.rabattcorner.ch\/cashback\/bargeld-statt-meilen\/\",\"name\":\"Bargeld statt Meilen - Geld zur\u00fcck mit Rabattcorner - Cashback\",\"isPartOf\":{\"@id\":\"https:\/\/www.rabattcorner.ch\/cashback\/#website\"},\"primaryImageOfPage\":{\"@id\":\"https:\/\/www.rabattcorner.ch\/cashback\/bargeld-statt-meilen\/#primaryimage\"},\"image\":{\"@id\":\"https:\/\/www.rabattcorner.ch\/cashback\/bargeld-statt-meilen\/#primaryimage\"},\"thumbnailUrl\":\"https:\/\/www.rabattcorner.ch\/cashback\/wp-content\/uploads\/2020\/01\/bargeld-statt-meilen.jpg\",\"datePublished\":\"2020-01-27T16:25:43+00:00\",\"dateModified\":\"2026-02-09T16:53:55+00:00\",\"description\":\"Warum Meilen sammeln? Hier sind vier Gr\u00fcnde, die dich deine Treueprogramme vergessen lassen, die f\u00fcr ein Cashback-Programm nicht ausreichen.\",\"breadcrumb\":{\"@id\":\"https:\/\/www.rabattcorner.ch\/cashback\/bargeld-statt-meilen\/#breadcrumb\"},\"inLanguage\":\"de-CH\",\"potentialAction\":[{\"@type\":\"ReadAction\",\"target\":[\"https:\/\/www.rabattcorner.ch\/cashback\/bargeld-statt-meilen\/\"]}]},{\"@type\":\"ImageObject\",\"inLanguage\":\"de-CH\",\"@id\":\"https:\/\/www.rabattcorner.ch\/cashback\/bargeld-statt-meilen\/#primaryimage\",\"url\":\"https:\/\/www.rabattcorner.ch\/cashback\/wp-content\/uploads\/2020\/01\/bargeld-statt-meilen.jpg\",\"contentUrl\":\"https:\/\/www.rabattcorner.ch\/cashback\/wp-content\/uploads\/2020\/01\/bargeld-statt-meilen.jpg\",\"width\":1254,\"height\":837,\"caption\":\"Bargeld statt Meilen\"},{\"@type\":\"BreadcrumbList\",\"@id\":\"https:\/\/www.rabattcorner.ch\/cashback\/bargeld-statt-meilen\/#breadcrumb\",\"itemListElement\":[{\"@type\":\"ListItem\",\"position\":1,\"name\":\"Cashback\",\"item\":\"https:\/\/www.rabattcorner.ch\/cashback\/\"},{\"@type\":\"ListItem\",\"position\":2,\"name\":\"Bargeld statt Meilen\"}]},{\"@type\":\"WebSite\",\"@id\":\"https:\/\/www.rabattcorner.ch\/cashback\/#website\",\"url\":\"https:\/\/www.rabattcorner.ch\/cashback\/\",\"name\":\"Rabattcorner - Cashback\",\"description\":\"Erhalte Cashback f\u00fcr deine Online-Eink\u00e4ufe\",\"alternateName\":\"Rabattcorner\",\"potentialAction\":[{\"@type\":\"SearchAction\",\"target\":{\"@type\":\"EntryPoint\",\"urlTemplate\":\"https:\/\/www.rabattcorner.ch\/cashback\/?s={search_term_string}\"},\"query-input\":{\"@type\":\"PropertyValueSpecification\",\"valueRequired\":true,\"valueName\":\"search_term_string\"}}],\"inLanguage\":\"de-CH\"}]}<\/script>\n<!-- \/ Yoast SEO plugin. -->","yoast_head_json":{"title":"Bargeld statt Meilen - Geld zur\u00fcck mit Rabattcorner - Cashback","description":"Warum Meilen sammeln? Hier sind vier Gr\u00fcnde, die dich deine Treueprogramme vergessen lassen, die f\u00fcr ein Cashback-Programm nicht ausreichen.","robots":{"index":"index","follow":"follow","max-snippet":"max-snippet:-1","max-image-preview":"max-image-preview:large","max-video-preview":"max-video-preview:-1"},"canonical":"https:\/\/www.rabattcorner.ch\/cashback\/bargeld-statt-meilen\/","og_locale":"de_DE","og_type":"article","og_title":"Bargeld statt Meilen - Geld zur\u00fcck mit Rabattcorner - Cashback","og_description":"Warum Meilen sammeln? Hier sind vier Gr\u00fcnde, die dich deine Treueprogramme vergessen lassen, die f\u00fcr ein Cashback-Programm nicht ausreichen.","og_url":"https:\/\/www.rabattcorner.ch\/cashback\/bargeld-statt-meilen\/","og_site_name":"Rabattcorner - Cashback","article_publisher":"https:\/\/www.facebook.com\/rabattcorner","article_modified_time":"2026-02-09T16:53:55+00:00","og_image":[{"width":1254,"height":837,"url":"https:\/\/www.rabattcorner.ch\/cashback\/wp-content\/uploads\/2020\/01\/bargeld-statt-meilen.jpg","type":"image\/jpeg"}],"twitter_card":"summary_large_image","twitter_site":"@rabattcorner","twitter_misc":{"Gesch\u00e4tzte Lesezeit":"3\u00a0Minuten"},"schema":{"@context":"https:\/\/schema.org","@graph":[{"@type":"WebPage","@id":"https:\/\/www.rabattcorner.ch\/cashback\/bargeld-statt-meilen\/","url":"https:\/\/www.rabattcorner.ch\/cashback\/bargeld-statt-meilen\/","name":"Bargeld statt Meilen - Geld zur\u00fcck mit Rabattcorner - Cashback","isPartOf":{"@id":"https:\/\/www.rabattcorner.ch\/cashback\/#website"},"primaryImageOfPage":{"@id":"https:\/\/www.rabattcorner.ch\/cashback\/bargeld-statt-meilen\/#primaryimage"},"image":{"@id":"https:\/\/www.rabattcorner.ch\/cashback\/bargeld-statt-meilen\/#primaryimage"},"thumbnailUrl":"https:\/\/www.rabattcorner.ch\/cashback\/wp-content\/uploads\/2020\/01\/bargeld-statt-meilen.jpg","datePublished":"2020-01-27T16:25:43+00:00","dateModified":"2026-02-09T16:53:55+00:00","description":"Warum Meilen sammeln? Hier sind vier Gr\u00fcnde, die dich deine Treueprogramme vergessen lassen, die f\u00fcr ein Cashback-Programm nicht ausreichen.","breadcrumb":{"@id":"https:\/\/www.rabattcorner.ch\/cashback\/bargeld-statt-meilen\/#breadcrumb"},"inLanguage":"de-CH","potentialAction":[{"@type":"ReadAction","target":["https:\/\/www.rabattcorner.ch\/cashback\/bargeld-statt-meilen\/"]}]},{"@type":"ImageObject","inLanguage":"de-CH","@id":"https:\/\/www.rabattcorner.ch\/cashback\/bargeld-statt-meilen\/#primaryimage","url":"https:\/\/www.rabattcorner.ch\/cashback\/wp-content\/uploads\/2020\/01\/bargeld-statt-meilen.jpg","contentUrl":"https:\/\/www.rabattcorner.ch\/cashback\/wp-content\/uploads\/2020\/01\/bargeld-statt-meilen.jpg","width":1254,"height":837,"caption":"Bargeld statt Meilen"},{"@type":"BreadcrumbList","@id":"https:\/\/www.rabattcorner.ch\/cashback\/bargeld-statt-meilen\/#breadcrumb","itemListElement":[{"@type":"ListItem","position":1,"name":"Cashback","item":"https:\/\/www.rabattcorner.ch\/cashback\/"},{"@type":"ListItem","position":2,"name":"Bargeld statt Meilen"}]},{"@type":"WebSite","@id":"https:\/\/www.rabattcorner.ch\/cashback\/#website","url":"https:\/\/www.rabattcorner.ch\/cashback\/","name":"Rabattcorner - Cashback","description":"Erhalte Cashback f\u00fcr deine Online-Eink\u00e4ufe","alternateName":"Rabattcorner","potentialAction":[{"@type":"SearchAction","target":{"@type":"EntryPoint","urlTemplate":"https:\/\/www.rabattcorner.ch\/cashback\/?s={search_term_string}"},"query-input":{"@type":"PropertyValueSpecification","valueRequired":true,"valueName":"search_term_string"}}],"inLanguage":"de-CH"}]}},"lang":"de","translations":{"de":2613,"fr":2607},"pll_sync_post":[],"_links":{"self":[{"href":"https:\/\/www.rabattcorner.ch\/cashback\/wp-json\/wp\/v2\/pages\/2613","targetHints":{"allow":["GET"]}}],"collection":[{"href":"https:\/\/www.rabattcorner.ch\/cashback\/wp-json\/wp\/v2\/pages"}],"about":[{"href":"https:\/\/www.rabattcorner.ch\/cashback\/wp-json\/wp\/v2\/types\/page"}],"author":[{"embeddable":true,"href":"https:\/\/www.rabattcorner.ch\/cashback\/wp-json\/wp\/v2\/users\/3"}],"replies":[{"embeddable":true,"href":"https:\/\/www.rabattcorner.ch\/cashback\/wp-json\/wp\/v2\/comments?post=2613"}],"version-history":[{"count":9,"href":"https:\/\/www.rabattcorner.ch\/cashback\/wp-json\/wp\/v2\/pages\/2613\/revisions"}],"predecessor-version":[{"id":6126,"href":"https:\/\/www.rabattcorner.ch\/cashback\/wp-json\/wp\/v2\/pages\/2613\/revisions\/6126"}],"wp:featuredmedia":[{"embeddable":true,"href":"https:\/\/www.rabattcorner.ch\/cashback\/wp-json\/wp\/v2\/media\/2617"}],"wp:attachment":[{"href":"https:\/\/www.rabattcorner.ch\/cashback\/wp-json\/wp\/v2\/media?parent=2613"}],"curies":[{"name":"wp","href":"https:\/\/api.w.org\/{rel}","templated":true}]}}