{"id":2607,"date":"2020-01-27T16:07:07","date_gmt":"2020-01-27T16:07:07","guid":{"rendered":"https:\/\/www.rabattcorner.ch\/cashback\/?page_id=2607"},"modified":"2026-02-09T19:10:29","modified_gmt":"2026-02-09T19:10:29","slug":"du-cash-au-lieu-de-miles-sur-tes-achats-en-ligne","status":"publish","type":"page","link":"https:\/\/www.rabattcorner.ch\/cashback\/fr\/du-cash-au-lieu-de-miles-sur-tes-achats-en-ligne\/","title":{"rendered":"Du cash au lieu de Miles sur tes achats en ligne"},"content":{"rendered":"\n<h2 class=\"wp-block-heading\">Pourquoi cumuler des Miles quand on peut cumuler du cash? Voici 5 raisons qui te feront oublier tes programmes fid\u00e9lit\u00e9 trop peu avantageux pour un programme de cashback.<\/h2>\n\n\n\n<p><\/p>\n\n\n\n<p><\/p>\n\n\n\n<h3 class=\"wp-block-heading\">1. R\u00e9compense en cash plut\u00f4t qu&#8217;en nature<\/h3>\n\n\n\n<p>Avec un programme miles ou autre programme de fid\u00e9lit\u00e9, tu cumules des points fictifs qui pourront, apr\u00e8s un montant minimum d\u2019achat, \u00eatre \u00e9chang\u00e9s par un avantage en nature. G\u00e9n\u00e9ralement, tu b\u00e9n\u00e9ficies d\u2019un cadeau ou d\u2019une r\u00e9duction restreint \u00e0 la boutique en question et qui, avoue-le, n\u2019est pas toujours \u00e0 la hauteur de tes esp\u00e9rances. Coup dur lorsque tu r\u00e9alises que le nombre d\u2019achats que tu as effectu\u00e9s n\u2019est pas r\u00e9compens\u00e9 comme il le devrait.<br><\/p>\n\n\n\n<p>Avec du cashback, tu ne cumules pas des points, mais bien de l\u2019argent cash. Chaque achat te rapporte, que tu sois un fid\u00e8le client ou que tu n\u2019ach\u00e8tes qu\u2019une seule fois dans la boutique. Tes achats deviennent ainsi tr\u00e8s rapidement plus avantageux qu\u2019avec un programme miles.<br><\/p>\n\n\n\n<h3 class=\"wp-block-heading\">2. Des remboursements d\u00e8s CHF 1.- d\u00e9pens\u00e9<\/h3>\n\n\n\n<p>Alors qu\u2019il faut g\u00e9n\u00e9ralement effectuer plusieurs achats et attendre de cumuler assez de miles avant de b\u00e9n\u00e9ficier d\u2019offres, le cashback te permet de profiter de remboursements sur chaque commande d\u00e8s CHF 1.-! De 0,5% \u00e0 28% selon les boutiques, tu r\u00e9cup\u00e8res de l\u2019argent sur tes d\u00e9penses sans nombre ou sans montant minimum d\u2019achat. La seule condition: cumuler CHF 20.- de cashback avant de pouvoir le verser sur ton compte bancaire ou PayPal.&nbsp;<br><\/p>\n\n\n\n<h3 class=\"wp-block-heading\">3. Du cashback disponible dans plus de 790 boutiques en ligne<\/h3>\n\n\n\n<p>Les programmes miles sont tr\u00e8s souvent restreints aux compagnies a\u00e9riennes. Le cashback est aussi disponible sur les plateformes de voyage, r\u00e9servation de vols et d\u2019h\u00f4tels mais \u00e9galement dans les boutiques de mode, d\u2019\u00e9lectronique, d\u2019\u00e9lectrom\u00e9nager, de produits de beaut\u00e9\u2026 Tu peux par exemple r\u00e9cup\u00e9rer du cash chez <a href=\"https:\/\/www.rabattcorner.ch\/fr\/booking-com-1-1.html\">Booking.com<\/a>, SWISS, ABOUT YOU, Tchibo, Microspot et plus de 790 boutiques en ligne de Suisse.<\/p>\n\n\n\n<p><\/p>\n\n\n\n<h3 class=\"wp-block-heading\">4. Pas besoin de carte de fid\u00e9lit\u00e9<\/h3>\n\n\n\n<p>Souscrire \u00e0 un programme de miles n\u00e9cessite d\u2019avoir sa carte de fid\u00e9lit\u00e9 sur soi ou sur son smartphone et de la pr\u00e9senter quand n\u00e9cessaire. Pour cumuler du cashback, il te suffit de cr\u00e9er un compte gratuitement et d\u2019activer ton cashback en un clic avant de faire tes achats. Tu peux passer par la plateforme en s\u00e9lectionnant la boutique de ton choix ou activer l\u2019<a href=\"https:\/\/www.rabattcorner.ch\/fr\/addon\/\">extension<\/a> lorsque tu visites la boutique. Alors, pourquoi s\u2019encombrer?<\/p>\n\n\n\n<p><\/p>\n\n\n\n<h3 class=\"wp-block-heading\">5. Cumule cashback et bons de r\u00e9ductions<\/h3>\n\n\n\n<p>Tu as s\u00fbrement d\u00e9j\u00e0 remarqu\u00e9 mais il arrive que certains programmes de fid\u00e9lit\u00e9 ne permettent pas de cumuler de points sur les achats d\u2019articles sold\u00e9s ou en r\u00e9duction. Le cashback est cumulable avec toutes les offres promotionnelles en cours: bons de r\u00e9duction, soldes, ventes flash\u2026 En plus de profiter des meilleurs prix, tu r\u00e9cup\u00e8res une partie de ton argent d\u00e9pens\u00e9 pour faire de VRAIES \u00e9conomies dans tes boutiques pr\u00e9f\u00e9r\u00e9es.<\/p>\n\n\n\n<p><\/p>\n\n\n\n<p>Tu l\u2019auras bien compris, cumuler du cashback est bien plus avantageux que de cumuler des miles. Si tu n\u2019es pas encore convaincu-e, teste notre plateforme! <a href=\"https:\/\/www.rabattcorner.ch\/fr\/register\/\">Cr\u00e9e un compte gratuitement<\/a> et rejoins notre communaut\u00e9 de cashbackers. Installe notre extension pour ne manquer aucun cashback et commence \u00e0 \u00e9conomiser d\u00e8s maintenant sur ton shopping! <br><\/p>\n","protected":false},"excerpt":{"rendered":"<p>Pourquoi cumuler des Miles quand on peut cumuler du cash? Voici 5 raisons qui te feront oublier tes programmes fid\u00e9lit\u00e9 trop peu avantageux pour un programme de cashback. 1. R\u00e9compense en cash plut\u00f4t qu&#8217;en nature Avec un programme miles ou autre programme de fid\u00e9lit\u00e9, tu cumules des points fictifs qui pourront, apr\u00e8s un montant minimum [&hellip;]<\/p>\n","protected":false},"author":3,"featured_media":2612,"parent":0,"menu_order":0,"comment_status":"closed","ping_status":"closed","template":"templates\/template-additional.php","meta":{"footnotes":""},"class_list":["post-2607","page","type-page","status-publish","has-post-thumbnail","hentry"],"yoast_head":"<!-- This site is optimized with the Yoast SEO plugin v27.1.1 - https:\/\/yoast.com\/product\/yoast-seo-wordpress\/ -->\n<title>Du cash au lieu de Miles sur tes achats en ligne - Rabattcorner - Cashback<\/title>\n<meta name=\"description\" content=\"Pourquoi cumuler des Miles quand on peut cumuler du cash? Voici 5 raisons qui te feront oublier tes programmes fid\u00e9lit\u00e9 pour un programme de cashback.\" \/>\n<meta name=\"robots\" content=\"index, follow, max-snippet:-1, max-image-preview:large, max-video-preview:-1\" \/>\n<link rel=\"canonical\" href=\"https:\/\/www.rabattcorner.ch\/cashback\/fr\/du-cash-au-lieu-de-miles-sur-tes-achats-en-ligne\/\" \/>\n<meta property=\"og:locale\" content=\"de_DE\" \/>\n<meta property=\"og:type\" content=\"article\" \/>\n<meta property=\"og:title\" content=\"Du cash au lieu de Miles sur tes achats en ligne - Rabattcorner - Cashback\" \/>\n<meta property=\"og:description\" content=\"Pourquoi cumuler des Miles quand on peut cumuler du cash? Voici 5 raisons qui te feront oublier tes programmes fid\u00e9lit\u00e9 pour un programme de cashback.\" \/>\n<meta property=\"og:url\" content=\"https:\/\/www.rabattcorner.ch\/cashback\/fr\/du-cash-au-lieu-de-miles-sur-tes-achats-en-ligne\/\" \/>\n<meta property=\"og:site_name\" content=\"Rabattcorner - Cashback\" \/>\n<meta property=\"article:publisher\" content=\"https:\/\/www.facebook.com\/rabattcorner\" \/>\n<meta property=\"article:modified_time\" content=\"2026-02-09T19:10:29+00:00\" \/>\n<meta property=\"og:image\" content=\"https:\/\/www.rabattcorner.ch\/cashback\/wp-content\/uploads\/2020\/01\/du-cash-a-la-place-de-miles.jpg\" \/>\n\t<meta property=\"og:image:width\" content=\"1254\" \/>\n\t<meta property=\"og:image:height\" content=\"837\" \/>\n\t<meta property=\"og:image:type\" content=\"image\/jpeg\" \/>\n<meta name=\"twitter:card\" content=\"summary_large_image\" \/>\n<meta name=\"twitter:site\" content=\"@rabattcorner\" \/>\n<meta name=\"twitter:label1\" content=\"Gesch\u00e4tzte Lesezeit\" \/>\n\t<meta name=\"twitter:data1\" content=\"3\u00a0Minuten\" \/>\n<script type=\"application\/ld+json\" class=\"yoast-schema-graph\">{\"@context\":\"https:\/\/schema.org\",\"@graph\":[{\"@type\":\"WebPage\",\"@id\":\"https:\/\/www.rabattcorner.ch\/cashback\/fr\/du-cash-au-lieu-de-miles-sur-tes-achats-en-ligne\/\",\"url\":\"https:\/\/www.rabattcorner.ch\/cashback\/fr\/du-cash-au-lieu-de-miles-sur-tes-achats-en-ligne\/\",\"name\":\"Du cash au lieu de Miles sur tes achats en ligne - Rabattcorner - Cashback\",\"isPartOf\":{\"@id\":\"https:\/\/www.rabattcorner.ch\/cashback\/#website\"},\"primaryImageOfPage\":{\"@id\":\"https:\/\/www.rabattcorner.ch\/cashback\/fr\/du-cash-au-lieu-de-miles-sur-tes-achats-en-ligne\/#primaryimage\"},\"image\":{\"@id\":\"https:\/\/www.rabattcorner.ch\/cashback\/fr\/du-cash-au-lieu-de-miles-sur-tes-achats-en-ligne\/#primaryimage\"},\"thumbnailUrl\":\"https:\/\/www.rabattcorner.ch\/cashback\/wp-content\/uploads\/2020\/01\/du-cash-a-la-place-de-miles.jpg\",\"datePublished\":\"2020-01-27T16:07:07+00:00\",\"dateModified\":\"2026-02-09T19:10:29+00:00\",\"description\":\"Pourquoi cumuler des Miles quand on peut cumuler du cash? Voici 5 raisons qui te feront oublier tes programmes fid\u00e9lit\u00e9 pour un programme de cashback.\",\"breadcrumb\":{\"@id\":\"https:\/\/www.rabattcorner.ch\/cashback\/fr\/du-cash-au-lieu-de-miles-sur-tes-achats-en-ligne\/#breadcrumb\"},\"inLanguage\":\"de-CH\",\"potentialAction\":[{\"@type\":\"ReadAction\",\"target\":[\"https:\/\/www.rabattcorner.ch\/cashback\/fr\/du-cash-au-lieu-de-miles-sur-tes-achats-en-ligne\/\"]}]},{\"@type\":\"ImageObject\",\"inLanguage\":\"de-CH\",\"@id\":\"https:\/\/www.rabattcorner.ch\/cashback\/fr\/du-cash-au-lieu-de-miles-sur-tes-achats-en-ligne\/#primaryimage\",\"url\":\"https:\/\/www.rabattcorner.ch\/cashback\/wp-content\/uploads\/2020\/01\/du-cash-a-la-place-de-miles.jpg\",\"contentUrl\":\"https:\/\/www.rabattcorner.ch\/cashback\/wp-content\/uploads\/2020\/01\/du-cash-a-la-place-de-miles.jpg\",\"width\":1254,\"height\":837,\"caption\":\"Du cash au lieu de Miles\"},{\"@type\":\"BreadcrumbList\",\"@id\":\"https:\/\/www.rabattcorner.ch\/cashback\/fr\/du-cash-au-lieu-de-miles-sur-tes-achats-en-ligne\/#breadcrumb\",\"itemListElement\":[{\"@type\":\"ListItem\",\"position\":1,\"name\":\"Cashback\",\"item\":\"https:\/\/www.rabattcorner.ch\/cashback\/\"},{\"@type\":\"ListItem\",\"position\":2,\"name\":\"Du cash au lieu de Miles sur tes achats en ligne\"}]},{\"@type\":\"WebSite\",\"@id\":\"https:\/\/www.rabattcorner.ch\/cashback\/#website\",\"url\":\"https:\/\/www.rabattcorner.ch\/cashback\/\",\"name\":\"Rabattcorner - Cashback\",\"description\":\"Erhalte Cashback f\u00fcr deine Online-Eink\u00e4ufe\",\"alternateName\":\"Rabattcorner\",\"potentialAction\":[{\"@type\":\"SearchAction\",\"target\":{\"@type\":\"EntryPoint\",\"urlTemplate\":\"https:\/\/www.rabattcorner.ch\/cashback\/?s={search_term_string}\"},\"query-input\":{\"@type\":\"PropertyValueSpecification\",\"valueRequired\":true,\"valueName\":\"search_term_string\"}}],\"inLanguage\":\"de-CH\"}]}<\/script>\n<!-- \/ Yoast SEO plugin. -->","yoast_head_json":{"title":"Du cash au lieu de Miles sur tes achats en ligne - Rabattcorner - Cashback","description":"Pourquoi cumuler des Miles quand on peut cumuler du cash? Voici 5 raisons qui te feront oublier tes programmes fid\u00e9lit\u00e9 pour un programme de cashback.","robots":{"index":"index","follow":"follow","max-snippet":"max-snippet:-1","max-image-preview":"max-image-preview:large","max-video-preview":"max-video-preview:-1"},"canonical":"https:\/\/www.rabattcorner.ch\/cashback\/fr\/du-cash-au-lieu-de-miles-sur-tes-achats-en-ligne\/","og_locale":"de_DE","og_type":"article","og_title":"Du cash au lieu de Miles sur tes achats en ligne - Rabattcorner - Cashback","og_description":"Pourquoi cumuler des Miles quand on peut cumuler du cash? Voici 5 raisons qui te feront oublier tes programmes fid\u00e9lit\u00e9 pour un programme de cashback.","og_url":"https:\/\/www.rabattcorner.ch\/cashback\/fr\/du-cash-au-lieu-de-miles-sur-tes-achats-en-ligne\/","og_site_name":"Rabattcorner - Cashback","article_publisher":"https:\/\/www.facebook.com\/rabattcorner","article_modified_time":"2026-02-09T19:10:29+00:00","og_image":[{"width":1254,"height":837,"url":"https:\/\/www.rabattcorner.ch\/cashback\/wp-content\/uploads\/2020\/01\/du-cash-a-la-place-de-miles.jpg","type":"image\/jpeg"}],"twitter_card":"summary_large_image","twitter_site":"@rabattcorner","twitter_misc":{"Gesch\u00e4tzte Lesezeit":"3\u00a0Minuten"},"schema":{"@context":"https:\/\/schema.org","@graph":[{"@type":"WebPage","@id":"https:\/\/www.rabattcorner.ch\/cashback\/fr\/du-cash-au-lieu-de-miles-sur-tes-achats-en-ligne\/","url":"https:\/\/www.rabattcorner.ch\/cashback\/fr\/du-cash-au-lieu-de-miles-sur-tes-achats-en-ligne\/","name":"Du cash au lieu de Miles sur tes achats en ligne - Rabattcorner - Cashback","isPartOf":{"@id":"https:\/\/www.rabattcorner.ch\/cashback\/#website"},"primaryImageOfPage":{"@id":"https:\/\/www.rabattcorner.ch\/cashback\/fr\/du-cash-au-lieu-de-miles-sur-tes-achats-en-ligne\/#primaryimage"},"image":{"@id":"https:\/\/www.rabattcorner.ch\/cashback\/fr\/du-cash-au-lieu-de-miles-sur-tes-achats-en-ligne\/#primaryimage"},"thumbnailUrl":"https:\/\/www.rabattcorner.ch\/cashback\/wp-content\/uploads\/2020\/01\/du-cash-a-la-place-de-miles.jpg","datePublished":"2020-01-27T16:07:07+00:00","dateModified":"2026-02-09T19:10:29+00:00","description":"Pourquoi cumuler des Miles quand on peut cumuler du cash? Voici 5 raisons qui te feront oublier tes programmes fid\u00e9lit\u00e9 pour un programme de cashback.","breadcrumb":{"@id":"https:\/\/www.rabattcorner.ch\/cashback\/fr\/du-cash-au-lieu-de-miles-sur-tes-achats-en-ligne\/#breadcrumb"},"inLanguage":"de-CH","potentialAction":[{"@type":"ReadAction","target":["https:\/\/www.rabattcorner.ch\/cashback\/fr\/du-cash-au-lieu-de-miles-sur-tes-achats-en-ligne\/"]}]},{"@type":"ImageObject","inLanguage":"de-CH","@id":"https:\/\/www.rabattcorner.ch\/cashback\/fr\/du-cash-au-lieu-de-miles-sur-tes-achats-en-ligne\/#primaryimage","url":"https:\/\/www.rabattcorner.ch\/cashback\/wp-content\/uploads\/2020\/01\/du-cash-a-la-place-de-miles.jpg","contentUrl":"https:\/\/www.rabattcorner.ch\/cashback\/wp-content\/uploads\/2020\/01\/du-cash-a-la-place-de-miles.jpg","width":1254,"height":837,"caption":"Du cash au lieu de Miles"},{"@type":"BreadcrumbList","@id":"https:\/\/www.rabattcorner.ch\/cashback\/fr\/du-cash-au-lieu-de-miles-sur-tes-achats-en-ligne\/#breadcrumb","itemListElement":[{"@type":"ListItem","position":1,"name":"Cashback","item":"https:\/\/www.rabattcorner.ch\/cashback\/"},{"@type":"ListItem","position":2,"name":"Du cash au lieu de Miles sur tes achats en ligne"}]},{"@type":"WebSite","@id":"https:\/\/www.rabattcorner.ch\/cashback\/#website","url":"https:\/\/www.rabattcorner.ch\/cashback\/","name":"Rabattcorner - Cashback","description":"Erhalte Cashback f\u00fcr deine Online-Eink\u00e4ufe","alternateName":"Rabattcorner","potentialAction":[{"@type":"SearchAction","target":{"@type":"EntryPoint","urlTemplate":"https:\/\/www.rabattcorner.ch\/cashback\/?s={search_term_string}"},"query-input":{"@type":"PropertyValueSpecification","valueRequired":true,"valueName":"search_term_string"}}],"inLanguage":"de-CH"}]}},"lang":"fr","translations":{"fr":2607,"de":2613},"pll_sync_post":[],"_links":{"self":[{"href":"https:\/\/www.rabattcorner.ch\/cashback\/wp-json\/wp\/v2\/pages\/2607","targetHints":{"allow":["GET"]}}],"collection":[{"href":"https:\/\/www.rabattcorner.ch\/cashback\/wp-json\/wp\/v2\/pages"}],"about":[{"href":"https:\/\/www.rabattcorner.ch\/cashback\/wp-json\/wp\/v2\/types\/page"}],"author":[{"embeddable":true,"href":"https:\/\/www.rabattcorner.ch\/cashback\/wp-json\/wp\/v2\/users\/3"}],"replies":[{"embeddable":true,"href":"https:\/\/www.rabattcorner.ch\/cashback\/wp-json\/wp\/v2\/comments?post=2607"}],"version-history":[{"count":12,"href":"https:\/\/www.rabattcorner.ch\/cashback\/wp-json\/wp\/v2\/pages\/2607\/revisions"}],"predecessor-version":[{"id":6127,"href":"https:\/\/www.rabattcorner.ch\/cashback\/wp-json\/wp\/v2\/pages\/2607\/revisions\/6127"}],"wp:featuredmedia":[{"embeddable":true,"href":"https:\/\/www.rabattcorner.ch\/cashback\/wp-json\/wp\/v2\/media\/2612"}],"wp:attachment":[{"href":"https:\/\/www.rabattcorner.ch\/cashback\/wp-json\/wp\/v2\/media?parent=2607"}],"curies":[{"name":"wp","href":"https:\/\/api.w.org\/{rel}","templated":true}]}}