{"id":2359,"date":"2019-10-31T17:17:05","date_gmt":"2019-10-31T17:17:05","guid":{"rendered":"https:\/\/www.rabattcorner.ch\/cashback\/?page_id=2359"},"modified":"2026-02-03T14:03:19","modified_gmt":"2026-02-03T14:03:19","slug":"jobs","status":"publish","type":"page","link":"https:\/\/www.rabattcorner.ch\/cashback\/jobs\/","title":{"rendered":"ARBEITEN BEI RABATTCORNER"},"content":{"rendered":"\n<figure class=\"wp-block-image\"><img loading=\"lazy\" decoding=\"async\" width=\"1024\" height=\"683\" src=\"https:\/\/www.rabattcorner.ch\/cashback\/wp-content\/uploads\/2019\/11\/sihlcity_rabattcorner-1-1024x683.jpg\" alt=\"\" class=\"wp-image-2494\" srcset=\"https:\/\/www.rabattcorner.ch\/cashback\/wp-content\/uploads\/2019\/11\/sihlcity_rabattcorner-1-1024x683.jpg 1024w, https:\/\/www.rabattcorner.ch\/cashback\/wp-content\/uploads\/2019\/11\/sihlcity_rabattcorner-1-300x200.jpg 300w, https:\/\/www.rabattcorner.ch\/cashback\/wp-content\/uploads\/2019\/11\/sihlcity_rabattcorner-1-768x512.jpg 768w, https:\/\/www.rabattcorner.ch\/cashback\/wp-content\/uploads\/2019\/11\/sihlcity_rabattcorner-1.jpg 1200w\" sizes=\"auto, (max-width: 1024px) 100vw, 1024px\" \/><\/figure>\n\n\n\n<p><strong>Werde Teil der f\u00fchrenden Schweizer Cashback-Webseite Rabattcorner.ch. Jeden Tag helfen wir \u00fcber 100&#8217;000 Nutzern Geld bei ihren Online-Eink\u00e4ufen zu sparen.<\/strong><\/p>\n\n\n\n<h3 class=\"wp-block-heading\">Offene Stellenangebote<\/h3>\n\n\n\n<div id=\"join-widget\"><\/div>\n<script type=\"text\/javascript\" src=\"https:\/\/cdn-widget.join.com\/widget.v1.1.3.js\"><\/script>\n<script type=\"text\/javascript\">\nJWidget.init({\ncontainerId: 'join-widget',\ncompanyId: 1971\n})\n<\/script>\n\n\n\n<p><\/p>\n","protected":false},"excerpt":{"rendered":"<p>Werde Teil der f\u00fchrenden Schweizer Cashback-Webseite Rabattcorner.ch. Jeden Tag helfen wir \u00fcber 100&#8217;000 Nutzern Geld bei ihren Online-Eink\u00e4ufen zu sparen. Offene Stellenangebote<\/p>\n","protected":false},"author":3,"featured_media":0,"parent":0,"menu_order":0,"comment_status":"closed","ping_status":"closed","template":"templates\/template-additional.php","meta":{"footnotes":""},"class_list":["post-2359","page","type-page","status-publish","hentry"],"yoast_head":"<!-- This site is optimized with the Yoast SEO plugin v27.1.1 - https:\/\/yoast.com\/product\/yoast-seo-wordpress\/ -->\n<title>Jobs - Rabattcorner - Cashback<\/title>\n<meta name=\"description\" content=\"Werde Teil der f\u00fchrenden Schweizer Cashback-Webseite Rabattcorner.ch und bewirb dich auf eine der ausgeschriebenen Stellen.\" \/>\n<meta name=\"robots\" content=\"index, follow, max-snippet:-1, max-image-preview:large, max-video-preview:-1\" \/>\n<link rel=\"canonical\" href=\"https:\/\/www.rabattcorner.ch\/cashback\/jobs\/\" \/>\n<meta property=\"og:locale\" content=\"de_DE\" \/>\n<meta property=\"og:type\" content=\"article\" \/>\n<meta property=\"og:title\" content=\"Jobs - Rabattcorner - Cashback\" \/>\n<meta property=\"og:description\" content=\"Werde Teil der f\u00fchrenden Schweizer Cashback-Webseite Rabattcorner.ch und bewirb dich auf eine der ausgeschriebenen Stellen.\" \/>\n<meta property=\"og:url\" content=\"https:\/\/www.rabattcorner.ch\/cashback\/jobs\/\" \/>\n<meta property=\"og:site_name\" content=\"Rabattcorner - Cashback\" \/>\n<meta property=\"article:publisher\" content=\"https:\/\/www.facebook.com\/rabattcorner\" \/>\n<meta property=\"article:modified_time\" content=\"2026-02-03T14:03:19+00:00\" \/>\n<meta property=\"og:image\" content=\"https:\/\/www.rabattcorner.ch\/cashback\/wp-content\/uploads\/2019\/11\/sihlcity_rabattcorner-1-1024x683.jpg\" \/>\n<meta name=\"twitter:card\" content=\"summary_large_image\" \/>\n<meta name=\"twitter:site\" content=\"@rabattcorner\" \/>\n<meta name=\"twitter:label1\" content=\"Gesch\u00e4tzte Lesezeit\" \/>\n\t<meta name=\"twitter:data1\" content=\"1\u00a0Minute\" \/>\n<script type=\"application\/ld+json\" class=\"yoast-schema-graph\">{\"@context\":\"https:\/\/schema.org\",\"@graph\":[{\"@type\":\"WebPage\",\"@id\":\"https:\/\/www.rabattcorner.ch\/cashback\/jobs\/\",\"url\":\"https:\/\/www.rabattcorner.ch\/cashback\/jobs\/\",\"name\":\"Jobs - Rabattcorner - Cashback\",\"isPartOf\":{\"@id\":\"https:\/\/www.rabattcorner.ch\/cashback\/#website\"},\"primaryImageOfPage\":{\"@id\":\"https:\/\/www.rabattcorner.ch\/cashback\/jobs\/#primaryimage\"},\"image\":{\"@id\":\"https:\/\/www.rabattcorner.ch\/cashback\/jobs\/#primaryimage\"},\"thumbnailUrl\":\"https:\/\/www.rabattcorner.ch\/cashback\/wp-content\/uploads\/2019\/11\/sihlcity_rabattcorner-1-1024x683.jpg\",\"datePublished\":\"2019-10-31T17:17:05+00:00\",\"dateModified\":\"2026-02-03T14:03:19+00:00\",\"description\":\"Werde Teil der f\u00fchrenden Schweizer Cashback-Webseite Rabattcorner.ch und bewirb dich auf eine der ausgeschriebenen Stellen.\",\"breadcrumb\":{\"@id\":\"https:\/\/www.rabattcorner.ch\/cashback\/jobs\/#breadcrumb\"},\"inLanguage\":\"de-CH\",\"potentialAction\":[{\"@type\":\"ReadAction\",\"target\":[\"https:\/\/www.rabattcorner.ch\/cashback\/jobs\/\"]}]},{\"@type\":\"ImageObject\",\"inLanguage\":\"de-CH\",\"@id\":\"https:\/\/www.rabattcorner.ch\/cashback\/jobs\/#primaryimage\",\"url\":\"https:\/\/www.rabattcorner.ch\/cashback\/wp-content\/uploads\/2019\/11\/sihlcity_rabattcorner-1.jpg\",\"contentUrl\":\"https:\/\/www.rabattcorner.ch\/cashback\/wp-content\/uploads\/2019\/11\/sihlcity_rabattcorner-1.jpg\",\"width\":1200,\"height\":800},{\"@type\":\"BreadcrumbList\",\"@id\":\"https:\/\/www.rabattcorner.ch\/cashback\/jobs\/#breadcrumb\",\"itemListElement\":[{\"@type\":\"ListItem\",\"position\":1,\"name\":\"Cashback\",\"item\":\"https:\/\/www.rabattcorner.ch\/cashback\/\"},{\"@type\":\"ListItem\",\"position\":2,\"name\":\"ARBEITEN BEI RABATTCORNER\"}]},{\"@type\":\"WebSite\",\"@id\":\"https:\/\/www.rabattcorner.ch\/cashback\/#website\",\"url\":\"https:\/\/www.rabattcorner.ch\/cashback\/\",\"name\":\"Rabattcorner - Cashback\",\"description\":\"Erhalte Cashback f\u00fcr deine Online-Eink\u00e4ufe\",\"alternateName\":\"Rabattcorner\",\"potentialAction\":[{\"@type\":\"SearchAction\",\"target\":{\"@type\":\"EntryPoint\",\"urlTemplate\":\"https:\/\/www.rabattcorner.ch\/cashback\/?s={search_term_string}\"},\"query-input\":{\"@type\":\"PropertyValueSpecification\",\"valueRequired\":true,\"valueName\":\"search_term_string\"}}],\"inLanguage\":\"de-CH\"}]}<\/script>\n<!-- \/ Yoast SEO plugin. -->","yoast_head_json":{"title":"Jobs - Rabattcorner - Cashback","description":"Werde Teil der f\u00fchrenden Schweizer Cashback-Webseite Rabattcorner.ch und bewirb dich auf eine der ausgeschriebenen Stellen.","robots":{"index":"index","follow":"follow","max-snippet":"max-snippet:-1","max-image-preview":"max-image-preview:large","max-video-preview":"max-video-preview:-1"},"canonical":"https:\/\/www.rabattcorner.ch\/cashback\/jobs\/","og_locale":"de_DE","og_type":"article","og_title":"Jobs - Rabattcorner - Cashback","og_description":"Werde Teil der f\u00fchrenden Schweizer Cashback-Webseite Rabattcorner.ch und bewirb dich auf eine der ausgeschriebenen Stellen.","og_url":"https:\/\/www.rabattcorner.ch\/cashback\/jobs\/","og_site_name":"Rabattcorner - Cashback","article_publisher":"https:\/\/www.facebook.com\/rabattcorner","article_modified_time":"2026-02-03T14:03:19+00:00","og_image":[{"url":"https:\/\/www.rabattcorner.ch\/cashback\/wp-content\/uploads\/2019\/11\/sihlcity_rabattcorner-1-1024x683.jpg","type":"","width":"","height":""}],"twitter_card":"summary_large_image","twitter_site":"@rabattcorner","twitter_misc":{"Gesch\u00e4tzte Lesezeit":"1\u00a0Minute"},"schema":{"@context":"https:\/\/schema.org","@graph":[{"@type":"WebPage","@id":"https:\/\/www.rabattcorner.ch\/cashback\/jobs\/","url":"https:\/\/www.rabattcorner.ch\/cashback\/jobs\/","name":"Jobs - Rabattcorner - Cashback","isPartOf":{"@id":"https:\/\/www.rabattcorner.ch\/cashback\/#website"},"primaryImageOfPage":{"@id":"https:\/\/www.rabattcorner.ch\/cashback\/jobs\/#primaryimage"},"image":{"@id":"https:\/\/www.rabattcorner.ch\/cashback\/jobs\/#primaryimage"},"thumbnailUrl":"https:\/\/www.rabattcorner.ch\/cashback\/wp-content\/uploads\/2019\/11\/sihlcity_rabattcorner-1-1024x683.jpg","datePublished":"2019-10-31T17:17:05+00:00","dateModified":"2026-02-03T14:03:19+00:00","description":"Werde Teil der f\u00fchrenden Schweizer Cashback-Webseite Rabattcorner.ch und bewirb dich auf eine der ausgeschriebenen Stellen.","breadcrumb":{"@id":"https:\/\/www.rabattcorner.ch\/cashback\/jobs\/#breadcrumb"},"inLanguage":"de-CH","potentialAction":[{"@type":"ReadAction","target":["https:\/\/www.rabattcorner.ch\/cashback\/jobs\/"]}]},{"@type":"ImageObject","inLanguage":"de-CH","@id":"https:\/\/www.rabattcorner.ch\/cashback\/jobs\/#primaryimage","url":"https:\/\/www.rabattcorner.ch\/cashback\/wp-content\/uploads\/2019\/11\/sihlcity_rabattcorner-1.jpg","contentUrl":"https:\/\/www.rabattcorner.ch\/cashback\/wp-content\/uploads\/2019\/11\/sihlcity_rabattcorner-1.jpg","width":1200,"height":800},{"@type":"BreadcrumbList","@id":"https:\/\/www.rabattcorner.ch\/cashback\/jobs\/#breadcrumb","itemListElement":[{"@type":"ListItem","position":1,"name":"Cashback","item":"https:\/\/www.rabattcorner.ch\/cashback\/"},{"@type":"ListItem","position":2,"name":"ARBEITEN BEI RABATTCORNER"}]},{"@type":"WebSite","@id":"https:\/\/www.rabattcorner.ch\/cashback\/#website","url":"https:\/\/www.rabattcorner.ch\/cashback\/","name":"Rabattcorner - Cashback","description":"Erhalte Cashback f\u00fcr deine Online-Eink\u00e4ufe","alternateName":"Rabattcorner","potentialAction":[{"@type":"SearchAction","target":{"@type":"EntryPoint","urlTemplate":"https:\/\/www.rabattcorner.ch\/cashback\/?s={search_term_string}"},"query-input":{"@type":"PropertyValueSpecification","valueRequired":true,"valueName":"search_term_string"}}],"inLanguage":"de-CH"}]}},"lang":"de","translations":{"de":2359},"pll_sync_post":[],"_links":{"self":[{"href":"https:\/\/www.rabattcorner.ch\/cashback\/wp-json\/wp\/v2\/pages\/2359","targetHints":{"allow":["GET"]}}],"collection":[{"href":"https:\/\/www.rabattcorner.ch\/cashback\/wp-json\/wp\/v2\/pages"}],"about":[{"href":"https:\/\/www.rabattcorner.ch\/cashback\/wp-json\/wp\/v2\/types\/page"}],"author":[{"embeddable":true,"href":"https:\/\/www.rabattcorner.ch\/cashback\/wp-json\/wp\/v2\/users\/3"}],"replies":[{"embeddable":true,"href":"https:\/\/www.rabattcorner.ch\/cashback\/wp-json\/wp\/v2\/comments?post=2359"}],"version-history":[{"count":63,"href":"https:\/\/www.rabattcorner.ch\/cashback\/wp-json\/wp\/v2\/pages\/2359\/revisions"}],"predecessor-version":[{"id":7130,"href":"https:\/\/www.rabattcorner.ch\/cashback\/wp-json\/wp\/v2\/pages\/2359\/revisions\/7130"}],"wp:attachment":[{"href":"https:\/\/www.rabattcorner.ch\/cashback\/wp-json\/wp\/v2\/media?parent=2359"}],"curies":[{"name":"wp","href":"https:\/\/api.w.org\/{rel}","templated":true}]}}