{"id":1267,"date":"2019-06-04T07:10:21","date_gmt":"2019-06-04T07:10:21","guid":{"rendered":"https:\/\/www.rabattcorner.ch\/cashback\/?page_id=1267"},"modified":"2026-02-03T13:53:25","modified_gmt":"2026-02-03T13:53:25","slug":"le-cashback-cest-quoi","status":"publish","type":"page","link":"https:\/\/www.rabattcorner.ch\/cashback\/fr\/le-cashback-cest-quoi\/","title":{"rendered":"Le cashback, c\u2019est quoi?"},"content":{"rendered":"\n<p>Le cashback te permet de r\u00e9cup\u00e9rer une partie de la somme que tu as d\u00e9pens\u00e9 en achetant un produit ou un service dans une boutique en ligne disponible sur Rabattcorner. Lorsque tu ach\u00e8tes via notre plateforme, nous recevons une commission d&#8217;interm\u00e9diaire. Nous partageons cette commission avec toi sous forme de cashback. Tu peux ainsi \u00e9conomiser plusieurs centaines de francs par an.<\/p>\n\n\n\n<h2 class=\"wp-block-heading\">Le cashback, comment \u00e7a marche<\/h2>\n\n\n\n<figure class=\"wp-block-embed is-type-video is-provider-vimeo wp-block-embed-vimeo wp-embed-aspect-1-1 wp-has-aspect-ratio\"><div class=\"wp-block-embed__wrapper\">\n<iframe loading=\"lazy\" title=\"Comment gagner du cashback avec Rabattcorner ?\" src=\"https:\/\/player.vimeo.com\/video\/718608219?dnt=1&amp;app_id=122963\" width=\"500\" height=\"391\" frameborder=\"0\" allow=\"autoplay; fullscreen; picture-in-picture; clipboard-write; encrypted-media; web-share\" referrerpolicy=\"strict-origin-when-cross-origin\"><\/iframe>\n<\/div><\/figure>\n\n\n\n<p><strong><a href=\"https:\/\/www.rabattcorner.ch\/fr\/register\">&gt;&gt; Inscris-toi gratuitement maintenant<\/a><\/strong><\/p>\n\n\n\n<p>Rabattcorner est la premi\u00e8re plateforme suisse de cashback qui te permet de te faire <strong>rembourser de l&#8217;argent<\/strong>  aupr\u00e8s de plus de 790 boutiques partenaires. Notre plateforme est <strong>gratuite<\/strong> pour tous les utilisateurs. Tes donn\u00e9es sont stock\u00e9es <strong>en toute s\u00e9curit\u00e9<\/strong> et ne sont pas transmises aux entreprises partenaires.<\/p>\n\n\n\n<p>D\u00e9j\u00e0 plus de 2&#8217;000 \u00e9valuations positives de nos clients* t\u00e9moignent d&#8217;un mod\u00e8le commercial digne de confiance et de nombreux autres avantages :<\/p>\n\n\n\n<ul class=\"wp-block-list\"><li><a href=\"https:\/\/app.ravecapture.com\/store\/Rabattcorner\" target=\"_blank\" rel=\"noreferrer noopener\">RaveCapture<\/a><\/li><li><a href=\"https:\/\/www.google.com\/search?sca_esv=cee82657679d0f25&amp;cs=0&amp;output=search&amp;kgmid=\/g\/1ptwt2bkc&amp;q=Rabattcorner+AG&amp;shndl=30&amp;source=sh\/x\/kp\/local\/m1\/1&amp;kgs=59a6d30220a555da#lrd=0x47900a1a10dad395:0x5464fd2d65d1eed2,1,,,,\" target=\"_blank\" rel=\"noreferrer noopener\">Google<\/a><\/li><\/ul>\n\n\n\n<h2 class=\"wp-block-heading\">D\u2019o\u00f9 vient le cashback?<\/h2>\n\n\n\n<p>Et comment fonctionne le mod\u00e8le de cashback ? Rabattcorner utilise une m\u00e9thode appel\u00e9e marketing d&#8217;affiliation, qui permet aux boutiques d&#8217;attirer plus de visiteurs sur leurs sites et donc de faire plus de ventes.<\/p>\n\n\n\n<p>Il y a deux acteurs principaux : la boutique, qui souhaite vendre des produits, et Rabattcorner, qui aide la boutique \u00e0 atteindre plus de clients. Lorsque quelqu&#8217;un effectue un achat via Rabattcorner, Rabattcorner re\u00e7oit une commission de la part de la boutique.<\/p>\n\n\n\n<p>Cette commission nous permet de te transmettre du cashback. Pour chaque commande pass\u00e9e via notre site, nous recevons cette r\u00e9compense, dont nous te reversons au moins 50% sous forme de cashback. Le reste nous reste pour couvrir les frais de fonctionnement de Rabattcorner.<\/p>\n\n\n\n<h2 class=\"wp-block-heading\">Dans quelles boutiques peux-tu r\u00e9cup\u00e9rer du cashback? <\/h2>\n\n\n\n<p>Rabattcorner compte d\u00e9j\u00e0 plus de 790 boutiques en ligne et nous mettons en ligne chaque semaine de nouvelles boutiques. Sur notre plateforme, tu trouveras des boutiques en ligne dans tous les domaines, comme par exemple les v\u00eatements pour femmes, hommes &amp; enfants, les voyages, l&#8217;\u00e9lectronique, le divertissement, le m\u00e9nage, la beaut\u00e9, mais aussi la nourriture pour animaux, les voitures, les sites de rencontre et les sex-shops. Fais tes achats dans les boutiques les plus populaires de Suisse comme <a href=\"https:\/\/www.rabattcorner.ch\/fr\/mediamarkt.html\">MediaMarkt<\/a>, <a href=\"https:\/\/www.rabattcorner.ch\/fr\/fust.html\">Fust<\/a>, <a href=\"https:\/\/www.rabattcorner.ch\/fr\/just-eat.html\">Just Eat<\/a>, <a href=\"https:\/\/www.rabattcorner.ch\/fr\/zooplus.html\">Zooplus<\/a>, <a href=\"https:\/\/www.rabattcorner.ch\/fr\/manor.html\">Manor<\/a>, <a href=\"https:\/\/www.rabattcorner.ch\/fr\/jumbo.html\">Jumbo<\/a> , <a href=\"https:\/\/www.rabattcorner.ch\/fr\/micasach.html\">Micasa<\/a> ou des plateformes de voyage comme <a href=\"https:\/\/www.rabattcorner.ch\/fr\/swiss.html\">SWISS<\/a>, <a href=\"https:\/\/www.rabattcorner.ch\/fr\/hotels-com.html\">hotels.com<\/a> et <a href=\"https:\/\/www.rabattcorner.ch\/fr\/ebookers.html\">ebookers<\/a> et re\u00e7ois en m\u00eame temps du cashback.<\/p>\n\n\n\n<p>Le montant du cashback varie en fonction du partenaire. Il est en moyenne de 5% et peut m\u00eame atteindre 25%, notamment lors d&#8217;\u00e9v\u00e9nements sp\u00e9ciaux comme le <a href=\"https:\/\/www.rabattcorner.ch\/cashback\/fr\/comment-economiser-encore-plus-durant-le-black-friday-avec-le-cashback\/\">Black Friday<\/a> ou le <a href=\"https:\/\/www.rabattcorner.ch\/cashback\/fr\/singles-day-2022-suisse-cashback\/\">Singles Day<\/a>. Les utilisateurs qui commandent r\u00e9guli\u00e8rement en ligne peuvent ainsi \u00e9conomiser plusieurs centaines de francs par an.<\/p>\n\n\n\n<p>Si tu pr\u00e9f\u00e8res lire une explication de l&#8217;une de nos utilisatrices, tu trouveras <a href=\"https:\/\/liebefinanzen.ch\/rabattcorner-erfahrungen\/\">ici un t\u00e9moignage sur Rabattcorner<\/a>.<\/p>\n\n\n\n<h3 class=\"wp-block-heading\">Exemple de calcul:<\/h3>\n\n\n\n<p>Disons que tu r\u00e9serves une chambre chez ebookers (4% de cashback) \u00e0 Miami pour deux semaines. Co\u00fbt : CHF 3&#8217;000.-. Ensuite, tu ach\u00e8tes deux paires de chaussures pour CHF 120.- chacune sur ABOUT YOU (8% de cashback pour les nouveaux clients) et tu prolonges ton abonnement mobile chez Sunrise (CHF 30.- de cashback). Tu as ainsi d\u00e9j\u00e0 r\u00e9cup\u00e9r\u00e9 CHF 169,20 de cashback &#8211; et ce pour des achats que tu aurais de toute fa\u00e7on effectu\u00e9s.<br><\/p>\n\n\n\n<h2 class=\"wp-block-heading\">Sois directement inform\u00e9 du cashback dans la boutique en ligne<\/h2>\n\n\n\n<p>Si le chemin via <a href=\"https:\/\/www.rabattcorner.ch\/fr\/\">www.rabattcorner.ch<\/a> te semble trop compliqu\u00e9, <a href=\"https:\/\/www.rabattcorner.ch\/cashback\/fr\/rappel-de-cashback\/\"><strong>notre extension de navigateur<\/strong><\/a> est la solution parfaite. Elle s&#8217;installe en un clic et permet de savoir d\u00e8s que tu es dans une boutique en ligne si elle est partenaire de notre site ou non. De plus, le cashback peut \u00eatre activ\u00e9 facilement, comme ici avec l&#8217;exemple de SWISS :<\/p>\n\n\n\n<figure class=\"wp-block-image size-large\"><img loading=\"lazy\" decoding=\"async\" width=\"1024\" height=\"536\" src=\"https:\/\/www.rabattcorner.ch\/cashback\/wp-content\/uploads\/2025\/01\/image-4-1024x536.png\" alt=\"\" class=\"wp-image-6556\" srcset=\"https:\/\/www.rabattcorner.ch\/cashback\/wp-content\/uploads\/2025\/01\/image-4-1024x536.png 1024w, https:\/\/www.rabattcorner.ch\/cashback\/wp-content\/uploads\/2025\/01\/image-4-300x157.png 300w, https:\/\/www.rabattcorner.ch\/cashback\/wp-content\/uploads\/2025\/01\/image-4-768x402.png 768w, https:\/\/www.rabattcorner.ch\/cashback\/wp-content\/uploads\/2025\/01\/image-4-1536x804.png 1536w, https:\/\/www.rabattcorner.ch\/cashback\/wp-content\/uploads\/2025\/01\/image-4-2048x1072.png 2048w\" sizes=\"auto, (max-width: 1024px) 100vw, 1024px\" \/><\/figure>\n\n\n\n<h2 class=\"wp-block-heading\">Comment recevoir du cashback?<\/h2>\n\n\n\n<p>Avec Rabattcorner, le remboursement du cashback est d&#8217;une simplicit\u00e9 d\u00e9concertante. Voici cinq \u00e9tapes pour tirer le meilleur parti de notre plateforme :<\/p>\n\n\n\n<ol class=\"wp-block-list\"><li>Utilise notre recherche ou la navigation pour trouver ta boutique pr\u00e9f\u00e9r\u00e9e.<\/li><li>En cliquant sur le bouton \u00ab Profiter maintenant \u00bb, une page de redirection appara\u00eet. Un soi-disant cookie est alors plac\u00e9 dans ton navigateur. Ce cookie contient les informations n\u00e9cessaires pour que la boutique partenaire puisse suivre ton achat et que tu puisses ensuite recevoir ton cashback.<\/li><li>Fais tes achats comme d&#8217;habitude sur le site de la boutique en ligne en ajoutant tes articles dans le panier et en finalisant ta commande.<\/li><li>En r\u00e8gle g\u00e9n\u00e9rale, il faut compter 24 heures maximum pour que ta transaction apparaisse sur ton compte Rabattcorner. La boutique en ligne v\u00e9rifie alors ta commande et valide la commission. Cette \u00e9tape est n\u00e9cessaire pour garantir que la commission ne soit vers\u00e9e que pour des achats valides.<\/li><li>Si les articles ne sont pas retourn\u00e9s ou annul\u00e9s, le shop verse la commission \u00e0 Rabattcorner. Le montant est alors cr\u00e9dit\u00e9 sur ton compte et \u00e0 partir de CHF 20, tu peux demander le paiement sur ton compte bancaire ou Paypal en un clic.<\/li><\/ol>\n\n\n\n<h2 class=\"wp-block-heading\">\u00c9conomise encore plus avec Rabattcorner<\/h2>\n\n\n\n<p>Tu peux certainement imaginer combien d&#8217;argent tu pourras \u00e9conomiser \u00e0 l&#8217;avenir gr\u00e2ce \u00e0 notre site de cashback. Et ce n&#8217;est pas tout ! Outre la possibilit\u00e9 de collecter de l&#8217;argent pour tes achats, tu trouveras \u00e9galement des codes promotionnels et d&#8217;autres offres sp\u00e9ciales sur notre site. Les boutiques partenaires proposent r\u00e9guli\u00e8rement des offres exclusives &amp; des bons d&#8217;achat sur d&#8217;innombrables articles de mode, articles \u00e9lectroniques, de sport et d&#8217;alimentation.<\/p>\n\n\n\n<p>Plus Rabattcorner s&#8217;agrandit, plus nous pouvons n\u00e9gocier pour toi des taux de cashback \u00e9lev\u00e9s avec les boutiques. Pour cela, nous avons mis en place un syst\u00e8me de parrainage dont tu peux \u00e9galement profiter. Pour chaque recommandation r\u00e9ussie, nous vous versons, \u00e0 toi et \u00e0 ton ami, un bonus suppl\u00e9mentaire de CHF 5.-.<\/p>\n\n\n\n<p>Cashback, r\u00e9ductions &amp; bons d&#8217;achat ! Re\u00e7ois d\u00e8s maintenant de l&#8217;argent pour chaque achat en ligne et rejoins la plus grande communaut\u00e9 suisse de cashback.<\/p>\n\n\n\n<p><strong><a href=\"https:\/\/www.rabattcorner.ch\/fr\/register\">&gt;&gt; Inscris-toi maintenant \u00e0 Rabattcorner, c&#8217;est gratuit<\/a><\/strong><\/p>\n","protected":false},"excerpt":{"rendered":"<p>Le cashback te permet de r\u00e9cup\u00e9rer une partie de la somme que tu as d\u00e9pens\u00e9 en achetant un produit ou un service dans une boutique en ligne disponible sur Rabattcorner. Lorsque tu ach\u00e8tes via notre plateforme, nous recevons une commission d&#8217;interm\u00e9diaire. Nous partageons cette commission avec toi sous forme de cashback. Tu peux ainsi \u00e9conomiser [&hellip;]<\/p>\n","protected":false},"author":3,"featured_media":6545,"parent":0,"menu_order":0,"comment_status":"closed","ping_status":"closed","template":"templates\/template-additional.php","meta":{"footnotes":""},"class_list":["post-1267","page","type-page","status-publish","has-post-thumbnail","hentry"],"yoast_head":"<!-- This site is optimized with the Yoast SEO plugin v27.1.1 - https:\/\/yoast.com\/product\/yoast-seo-wordpress\/ -->\n<title>Le cashback, c\u2019est quoi? - Rabattcorner - Cashback<\/title>\n<meta name=\"description\" content=\"Pour chaque achat dans une boutique en ligne, tu r\u00e9cup\u00e8res une partie de ton argent d\u00e9pens\u00e9. C\u2019est le cashback. C\u2019est simple, rapide et 100% gratuit.\" \/>\n<meta name=\"robots\" content=\"index, follow, max-snippet:-1, max-image-preview:large, max-video-preview:-1\" \/>\n<link rel=\"canonical\" href=\"https:\/\/www.rabattcorner.ch\/cashback\/fr\/le-cashback-cest-quoi\/\" \/>\n<meta property=\"og:locale\" content=\"de_DE\" \/>\n<meta property=\"og:type\" content=\"article\" \/>\n<meta property=\"og:title\" content=\"Le cashback, c\u2019est quoi? - Rabattcorner - Cashback\" \/>\n<meta property=\"og:description\" content=\"Pour chaque achat dans une boutique en ligne, tu r\u00e9cup\u00e8res une partie de ton argent d\u00e9pens\u00e9. C\u2019est le cashback. C\u2019est simple, rapide et 100% gratuit.\" \/>\n<meta property=\"og:url\" content=\"https:\/\/www.rabattcorner.ch\/cashback\/fr\/le-cashback-cest-quoi\/\" \/>\n<meta property=\"og:site_name\" content=\"Rabattcorner - Cashback\" \/>\n<meta property=\"article:publisher\" content=\"https:\/\/www.facebook.com\/rabattcorner\" \/>\n<meta property=\"article:modified_time\" content=\"2026-02-03T13:53:25+00:00\" \/>\n<meta property=\"og:image\" content=\"https:\/\/www.rabattcorner.ch\/cashback\/wp-content\/uploads\/2025\/01\/sasun-bughdaryan-EmGF98ckNSU-unsplash-scaled-1.jpg\" \/>\n\t<meta property=\"og:image:width\" content=\"2560\" \/>\n\t<meta property=\"og:image:height\" content=\"1013\" \/>\n\t<meta property=\"og:image:type\" content=\"image\/jpeg\" \/>\n<meta name=\"twitter:card\" content=\"summary_large_image\" \/>\n<meta name=\"twitter:site\" content=\"@rabattcorner\" \/>\n<meta name=\"twitter:label1\" content=\"Gesch\u00e4tzte Lesezeit\" \/>\n\t<meta name=\"twitter:data1\" content=\"5\u00a0Minuten\" \/>\n<script type=\"application\/ld+json\" class=\"yoast-schema-graph\">{\"@context\":\"https:\/\/schema.org\",\"@graph\":[{\"@type\":\"WebPage\",\"@id\":\"https:\/\/www.rabattcorner.ch\/cashback\/fr\/le-cashback-cest-quoi\/\",\"url\":\"https:\/\/www.rabattcorner.ch\/cashback\/fr\/le-cashback-cest-quoi\/\",\"name\":\"Le cashback, c\u2019est quoi? - Rabattcorner - Cashback\",\"isPartOf\":{\"@id\":\"https:\/\/www.rabattcorner.ch\/cashback\/#website\"},\"primaryImageOfPage\":{\"@id\":\"https:\/\/www.rabattcorner.ch\/cashback\/fr\/le-cashback-cest-quoi\/#primaryimage\"},\"image\":{\"@id\":\"https:\/\/www.rabattcorner.ch\/cashback\/fr\/le-cashback-cest-quoi\/#primaryimage\"},\"thumbnailUrl\":\"https:\/\/www.rabattcorner.ch\/cashback\/wp-content\/uploads\/2025\/01\/sasun-bughdaryan-EmGF98ckNSU-unsplash-scaled-1.jpg\",\"datePublished\":\"2019-06-04T07:10:21+00:00\",\"dateModified\":\"2026-02-03T13:53:25+00:00\",\"description\":\"Pour chaque achat dans une boutique en ligne, tu r\u00e9cup\u00e8res une partie de ton argent d\u00e9pens\u00e9. C\u2019est le cashback. C\u2019est simple, rapide et 100% gratuit.\",\"breadcrumb\":{\"@id\":\"https:\/\/www.rabattcorner.ch\/cashback\/fr\/le-cashback-cest-quoi\/#breadcrumb\"},\"inLanguage\":\"de-CH\",\"potentialAction\":[{\"@type\":\"ReadAction\",\"target\":[\"https:\/\/www.rabattcorner.ch\/cashback\/fr\/le-cashback-cest-quoi\/\"]}]},{\"@type\":\"ImageObject\",\"inLanguage\":\"de-CH\",\"@id\":\"https:\/\/www.rabattcorner.ch\/cashback\/fr\/le-cashback-cest-quoi\/#primaryimage\",\"url\":\"https:\/\/www.rabattcorner.ch\/cashback\/wp-content\/uploads\/2025\/01\/sasun-bughdaryan-EmGF98ckNSU-unsplash-scaled-1.jpg\",\"contentUrl\":\"https:\/\/www.rabattcorner.ch\/cashback\/wp-content\/uploads\/2025\/01\/sasun-bughdaryan-EmGF98ckNSU-unsplash-scaled-1.jpg\",\"width\":2560,\"height\":1013,\"caption\":\"Le cashback, c\u2019est quoi?\"},{\"@type\":\"BreadcrumbList\",\"@id\":\"https:\/\/www.rabattcorner.ch\/cashback\/fr\/le-cashback-cest-quoi\/#breadcrumb\",\"itemListElement\":[{\"@type\":\"ListItem\",\"position\":1,\"name\":\"Cashback\",\"item\":\"https:\/\/www.rabattcorner.ch\/cashback\/\"},{\"@type\":\"ListItem\",\"position\":2,\"name\":\"Le cashback, c\u2019est quoi?\"}]},{\"@type\":\"WebSite\",\"@id\":\"https:\/\/www.rabattcorner.ch\/cashback\/#website\",\"url\":\"https:\/\/www.rabattcorner.ch\/cashback\/\",\"name\":\"Rabattcorner - Cashback\",\"description\":\"Erhalte Cashback f\u00fcr deine Online-Eink\u00e4ufe\",\"alternateName\":\"Rabattcorner\",\"potentialAction\":[{\"@type\":\"SearchAction\",\"target\":{\"@type\":\"EntryPoint\",\"urlTemplate\":\"https:\/\/www.rabattcorner.ch\/cashback\/?s={search_term_string}\"},\"query-input\":{\"@type\":\"PropertyValueSpecification\",\"valueRequired\":true,\"valueName\":\"search_term_string\"}}],\"inLanguage\":\"de-CH\"}]}<\/script>\n<!-- \/ Yoast SEO plugin. -->","yoast_head_json":{"title":"Le cashback, c\u2019est quoi? - Rabattcorner - Cashback","description":"Pour chaque achat dans une boutique en ligne, tu r\u00e9cup\u00e8res une partie de ton argent d\u00e9pens\u00e9. C\u2019est le cashback. C\u2019est simple, rapide et 100% gratuit.","robots":{"index":"index","follow":"follow","max-snippet":"max-snippet:-1","max-image-preview":"max-image-preview:large","max-video-preview":"max-video-preview:-1"},"canonical":"https:\/\/www.rabattcorner.ch\/cashback\/fr\/le-cashback-cest-quoi\/","og_locale":"de_DE","og_type":"article","og_title":"Le cashback, c\u2019est quoi? - Rabattcorner - Cashback","og_description":"Pour chaque achat dans une boutique en ligne, tu r\u00e9cup\u00e8res une partie de ton argent d\u00e9pens\u00e9. C\u2019est le cashback. C\u2019est simple, rapide et 100% gratuit.","og_url":"https:\/\/www.rabattcorner.ch\/cashback\/fr\/le-cashback-cest-quoi\/","og_site_name":"Rabattcorner - Cashback","article_publisher":"https:\/\/www.facebook.com\/rabattcorner","article_modified_time":"2026-02-03T13:53:25+00:00","og_image":[{"width":2560,"height":1013,"url":"https:\/\/www.rabattcorner.ch\/cashback\/wp-content\/uploads\/2025\/01\/sasun-bughdaryan-EmGF98ckNSU-unsplash-scaled-1.jpg","type":"image\/jpeg"}],"twitter_card":"summary_large_image","twitter_site":"@rabattcorner","twitter_misc":{"Gesch\u00e4tzte Lesezeit":"5\u00a0Minuten"},"schema":{"@context":"https:\/\/schema.org","@graph":[{"@type":"WebPage","@id":"https:\/\/www.rabattcorner.ch\/cashback\/fr\/le-cashback-cest-quoi\/","url":"https:\/\/www.rabattcorner.ch\/cashback\/fr\/le-cashback-cest-quoi\/","name":"Le cashback, c\u2019est quoi? - Rabattcorner - Cashback","isPartOf":{"@id":"https:\/\/www.rabattcorner.ch\/cashback\/#website"},"primaryImageOfPage":{"@id":"https:\/\/www.rabattcorner.ch\/cashback\/fr\/le-cashback-cest-quoi\/#primaryimage"},"image":{"@id":"https:\/\/www.rabattcorner.ch\/cashback\/fr\/le-cashback-cest-quoi\/#primaryimage"},"thumbnailUrl":"https:\/\/www.rabattcorner.ch\/cashback\/wp-content\/uploads\/2025\/01\/sasun-bughdaryan-EmGF98ckNSU-unsplash-scaled-1.jpg","datePublished":"2019-06-04T07:10:21+00:00","dateModified":"2026-02-03T13:53:25+00:00","description":"Pour chaque achat dans une boutique en ligne, tu r\u00e9cup\u00e8res une partie de ton argent d\u00e9pens\u00e9. C\u2019est le cashback. C\u2019est simple, rapide et 100% gratuit.","breadcrumb":{"@id":"https:\/\/www.rabattcorner.ch\/cashback\/fr\/le-cashback-cest-quoi\/#breadcrumb"},"inLanguage":"de-CH","potentialAction":[{"@type":"ReadAction","target":["https:\/\/www.rabattcorner.ch\/cashback\/fr\/le-cashback-cest-quoi\/"]}]},{"@type":"ImageObject","inLanguage":"de-CH","@id":"https:\/\/www.rabattcorner.ch\/cashback\/fr\/le-cashback-cest-quoi\/#primaryimage","url":"https:\/\/www.rabattcorner.ch\/cashback\/wp-content\/uploads\/2025\/01\/sasun-bughdaryan-EmGF98ckNSU-unsplash-scaled-1.jpg","contentUrl":"https:\/\/www.rabattcorner.ch\/cashback\/wp-content\/uploads\/2025\/01\/sasun-bughdaryan-EmGF98ckNSU-unsplash-scaled-1.jpg","width":2560,"height":1013,"caption":"Le cashback, c\u2019est quoi?"},{"@type":"BreadcrumbList","@id":"https:\/\/www.rabattcorner.ch\/cashback\/fr\/le-cashback-cest-quoi\/#breadcrumb","itemListElement":[{"@type":"ListItem","position":1,"name":"Cashback","item":"https:\/\/www.rabattcorner.ch\/cashback\/"},{"@type":"ListItem","position":2,"name":"Le cashback, c\u2019est quoi?"}]},{"@type":"WebSite","@id":"https:\/\/www.rabattcorner.ch\/cashback\/#website","url":"https:\/\/www.rabattcorner.ch\/cashback\/","name":"Rabattcorner - Cashback","description":"Erhalte Cashback f\u00fcr deine Online-Eink\u00e4ufe","alternateName":"Rabattcorner","potentialAction":[{"@type":"SearchAction","target":{"@type":"EntryPoint","urlTemplate":"https:\/\/www.rabattcorner.ch\/cashback\/?s={search_term_string}"},"query-input":{"@type":"PropertyValueSpecification","valueRequired":true,"valueName":"search_term_string"}}],"inLanguage":"de-CH"}]}},"lang":"fr","translations":{"fr":1267,"de":44,"en":7203},"pll_sync_post":[],"_links":{"self":[{"href":"https:\/\/www.rabattcorner.ch\/cashback\/wp-json\/wp\/v2\/pages\/1267","targetHints":{"allow":["GET"]}}],"collection":[{"href":"https:\/\/www.rabattcorner.ch\/cashback\/wp-json\/wp\/v2\/pages"}],"about":[{"href":"https:\/\/www.rabattcorner.ch\/cashback\/wp-json\/wp\/v2\/types\/page"}],"author":[{"embeddable":true,"href":"https:\/\/www.rabattcorner.ch\/cashback\/wp-json\/wp\/v2\/users\/3"}],"replies":[{"embeddable":true,"href":"https:\/\/www.rabattcorner.ch\/cashback\/wp-json\/wp\/v2\/comments?post=1267"}],"version-history":[{"count":31,"href":"https:\/\/www.rabattcorner.ch\/cashback\/wp-json\/wp\/v2\/pages\/1267\/revisions"}],"predecessor-version":[{"id":6558,"href":"https:\/\/www.rabattcorner.ch\/cashback\/wp-json\/wp\/v2\/pages\/1267\/revisions\/6558"}],"wp:featuredmedia":[{"embeddable":true,"href":"https:\/\/www.rabattcorner.ch\/cashback\/wp-json\/wp\/v2\/media\/6545"}],"wp:attachment":[{"href":"https:\/\/www.rabattcorner.ch\/cashback\/wp-json\/wp\/v2\/media?parent=1267"}],"curies":[{"name":"wp","href":"https:\/\/api.w.org\/{rel}","templated":true}]}}