{"id":1229,"date":"2019-06-03T08:59:47","date_gmt":"2019-06-03T08:59:47","guid":{"rendered":"https:\/\/www.rabattcorner.ch\/cashback\/?page_id=1229"},"modified":"2025-11-03T12:48:29","modified_gmt":"2025-11-03T12:48:29","slug":"je-recupere-du-cash-sur-mes-achats-en-un-clic","status":"publish","type":"page","link":"https:\/\/www.rabattcorner.ch\/cashback\/fr\/je-recupere-du-cash-sur-mes-achats-en-un-clic\/","title":{"rendered":"\u201cJe r\u00e9cup\u00e8re du cash sur mes achats en un clic\u201d"},"content":{"rendered":"\n<h2 class=\"wp-block-heading\">Valentina commande r\u00e9guli\u00e8rement dans des boutiques comme AliExpress, ABOUT YOU ou Manor et r\u00e9serve ses voyages sur ebookers ou Hotels.com. A chaque achat, elle r\u00e9cup\u00e8re du cashback. Elle a d\u00e9j\u00e0 ainsi \u00e9conomis\u00e9 des centaines de francs. Voici comment:<\/h2>\n\n\n\n<figure class=\"wp-block-embed is-type-video is-provider-vimeo wp-block-embed-vimeo wp-embed-aspect-4-3 wp-has-aspect-ratio\"><div class=\"wp-block-embed__wrapper\">\n<iframe loading=\"lazy\" title=\"Comment fonctionne l\u2019extension gratuite de Rabattcorner ?\" src=\"https:\/\/player.vimeo.com\/video\/718608249?dnt=1&amp;app_id=122963\" width=\"500\" height=\"351\" frameborder=\"0\" allow=\"autoplay; fullscreen; picture-in-picture; clipboard-write; encrypted-media; web-share\" referrerpolicy=\"strict-origin-when-cross-origin\"><\/iframe>\n<\/div><\/figure>\n\n\n\n<div class=\"wp-block-button aligncenter\"><a class=\"wp-block-button__link has-background\" href=\"https:\/\/www.rabattcorner.ch\/fr\/register?utm_source=adform&amp;utm_medium=nativead&amp;utm_content=addon&amp;utm_campaign=addon-fr\" style=\"background-color:#36af45\">S&#8217;inscrire gratuitement<\/a><\/div>\n\n\n\n<h3 class=\"wp-block-heading\">1. Tu r\u00e9cup\u00e8res jusqu\u2019\u00e0 25% de cash sur tes achats<\/h3>\n\n\n\n<p>En passant par la plateforme de cashback, tu peux r\u00e9cup\u00e9rer jusqu\u2019\u00e0 25% du montant de tes achats, soit \u00bc de tes d\u00e9penses. Une personne achetant fr\u00e9quemment en ligne peut ainsi se voir rembourser plusieurs centaines de francs par an. <br><\/p>\n\n\n\n<h3 class=\"wp-block-heading\">2. Tu peux profiter de cashback dans des centaines de boutiques en ligne <\/h3>\n\n\n\n<p>Tu b\u00e9n\u00e9ficies de cashback sur tous tes achats dans plus de 790 boutiques en ligne sp\u00e9cialis\u00e9es dans le voyage, la mode, l\u2019high-tech, l\u2019\u00e9lectrom\u00e9nager\u2026 Parmi les boutiques les plus connues, tu retrouves Media Markt, La Redoute, Saranza.ch, Manor ou encore Dosenbach. Tu peux aussi r\u00e9cup\u00e9rer du cash sur tes r\u00e9servations d\u2019h\u00f4tels et de vols sur Booking.com, ebookers.ch, Swiss ou hotels.com.<br><\/p>\n\n\n\n<h3 class=\"wp-block-heading\">3. L\u2019inscription est 100% gratuite<\/h3>\n\n\n\n<p>L\u2019inscription et l\u2019utilisation de la plateforme de cashback Rabattcorner sont gratuites. Celle-ci est financ\u00e9e gr\u00e2ce aux commissions qu\u2019elle re\u00e7oit de ses partenaires lorsqu\u2019une commande est effectu\u00e9e via sa plateforme. L\u2019utilisateur ne paye aucun frais de service.<br><\/p>\n\n\n\n<h3 class=\"wp-block-heading\">4. L\u2019activation du cashback se fait en un clic<\/h3>\n\n\n\n<p>Apr\u00e8s t&#8217;\u00eatre inscrit gratuitement, choisis ta boutique en ligne et effectue tes achats, comme d\u2019habitude. Tu recevras alors automatiquement ton cashback sur ton compte utilisateur. D\u00e8s CHF 20.- cumul\u00e9s, tu peux demander le versement sur ton compte bancaire ou Paypal. <\/p>\n\n\n\n<h3 class=\"wp-block-heading\">5. Tu peux cumuler le cashback avec des bons de r\u00e9duction et promotions <\/h3>\n\n\n\n<p>En plus de cashback, tu peux cumuler des bons de r\u00e9duction et des offres promotionnelles valables dans les boutiques partenaires. Tu profites ainsi des meilleurs prix et \u00e9conomises significativement sur chacune de tes commandes en ligne. <\/p>\n\n\n\n<p><\/p>\n","protected":false},"excerpt":{"rendered":"<p>Valentina commande r\u00e9guli\u00e8rement dans des boutiques comme AliExpress, ABOUT YOU ou Manor et r\u00e9serve ses voyages sur ebookers ou Hotels.com. A chaque achat, elle r\u00e9cup\u00e8re du cashback. Elle a d\u00e9j\u00e0 ainsi \u00e9conomis\u00e9 des centaines de francs. Voici comment: 1. Tu r\u00e9cup\u00e8res jusqu\u2019\u00e0 25% de cash sur tes achats En passant par la plateforme de cashback, [&hellip;]<\/p>\n","protected":false},"author":3,"featured_media":2254,"parent":0,"menu_order":0,"comment_status":"closed","ping_status":"closed","template":"","meta":{"footnotes":""},"class_list":["post-1229","page","type-page","status-publish","has-post-thumbnail","hentry"],"yoast_head":"<!-- This site is optimized with the Yoast SEO plugin v27.1.1 - https:\/\/yoast.com\/product\/yoast-seo-wordpress\/ -->\n<title>\u201cJe r\u00e9cup\u00e8re du cash sur mes achats en un clic\u201d - Rabattcorner - Cashback<\/title>\n<meta name=\"description\" content=\"J\u2019utilise l\u2019extension de la plateforme de cashback Rabattcorner et j\u2019ai pu r\u00e9cup\u00e9rer plus de 300 francs sur mes achats en ligne. Voici comment \u00e7a marche.\" \/>\n<meta name=\"robots\" content=\"index, follow, max-snippet:-1, max-image-preview:large, max-video-preview:-1\" \/>\n<link rel=\"canonical\" href=\"https:\/\/www.rabattcorner.ch\/cashback\/fr\/je-recupere-du-cash-sur-mes-achats-en-un-clic\/\" \/>\n<meta property=\"og:locale\" content=\"de_DE\" \/>\n<meta property=\"og:type\" content=\"article\" \/>\n<meta property=\"og:title\" content=\"\u201cJe r\u00e9cup\u00e8re du cash sur mes achats en un clic\u201d - Rabattcorner - Cashback\" \/>\n<meta property=\"og:description\" content=\"J\u2019utilise l\u2019extension de la plateforme de cashback Rabattcorner et j\u2019ai pu r\u00e9cup\u00e9rer plus de 300 francs sur mes achats en ligne. Voici comment \u00e7a marche.\" \/>\n<meta property=\"og:url\" content=\"https:\/\/www.rabattcorner.ch\/cashback\/fr\/je-recupere-du-cash-sur-mes-achats-en-un-clic\/\" \/>\n<meta property=\"og:site_name\" content=\"Rabattcorner - Cashback\" \/>\n<meta property=\"article:publisher\" content=\"https:\/\/www.facebook.com\/rabattcorner\" \/>\n<meta property=\"article:modified_time\" content=\"2025-11-03T12:48:29+00:00\" \/>\n<meta property=\"og:image\" content=\"https:\/\/www.rabattcorner.ch\/cashback\/wp-content\/uploads\/2019\/10\/valentina-blog.jpg\" \/>\n\t<meta property=\"og:image:width\" content=\"1920\" \/>\n\t<meta property=\"og:image:height\" content=\"1080\" \/>\n\t<meta property=\"og:image:type\" content=\"image\/jpeg\" \/>\n<meta name=\"twitter:card\" content=\"summary_large_image\" \/>\n<meta name=\"twitter:site\" content=\"@rabattcorner\" \/>\n<meta name=\"twitter:label1\" content=\"Gesch\u00e4tzte Lesezeit\" \/>\n\t<meta name=\"twitter:data1\" content=\"2\u00a0Minuten\" \/>\n<script type=\"application\/ld+json\" class=\"yoast-schema-graph\">{\"@context\":\"https:\/\/schema.org\",\"@graph\":[{\"@type\":\"WebPage\",\"@id\":\"https:\/\/www.rabattcorner.ch\/cashback\/fr\/je-recupere-du-cash-sur-mes-achats-en-un-clic\/\",\"url\":\"https:\/\/www.rabattcorner.ch\/cashback\/fr\/je-recupere-du-cash-sur-mes-achats-en-un-clic\/\",\"name\":\"\u201cJe r\u00e9cup\u00e8re du cash sur mes achats en un clic\u201d - Rabattcorner - Cashback\",\"isPartOf\":{\"@id\":\"https:\/\/www.rabattcorner.ch\/cashback\/#website\"},\"primaryImageOfPage\":{\"@id\":\"https:\/\/www.rabattcorner.ch\/cashback\/fr\/je-recupere-du-cash-sur-mes-achats-en-un-clic\/#primaryimage\"},\"image\":{\"@id\":\"https:\/\/www.rabattcorner.ch\/cashback\/fr\/je-recupere-du-cash-sur-mes-achats-en-un-clic\/#primaryimage\"},\"thumbnailUrl\":\"https:\/\/www.rabattcorner.ch\/cashback\/wp-content\/uploads\/2019\/10\/valentina-blog.jpg\",\"datePublished\":\"2019-06-03T08:59:47+00:00\",\"dateModified\":\"2025-11-03T12:48:29+00:00\",\"description\":\"J\u2019utilise l\u2019extension de la plateforme de cashback Rabattcorner et j\u2019ai pu r\u00e9cup\u00e9rer plus de 300 francs sur mes achats en ligne. Voici comment \u00e7a marche.\",\"breadcrumb\":{\"@id\":\"https:\/\/www.rabattcorner.ch\/cashback\/fr\/je-recupere-du-cash-sur-mes-achats-en-un-clic\/#breadcrumb\"},\"inLanguage\":\"de-CH\",\"potentialAction\":[{\"@type\":\"ReadAction\",\"target\":[\"https:\/\/www.rabattcorner.ch\/cashback\/fr\/je-recupere-du-cash-sur-mes-achats-en-un-clic\/\"]}]},{\"@type\":\"ImageObject\",\"inLanguage\":\"de-CH\",\"@id\":\"https:\/\/www.rabattcorner.ch\/cashback\/fr\/je-recupere-du-cash-sur-mes-achats-en-un-clic\/#primaryimage\",\"url\":\"https:\/\/www.rabattcorner.ch\/cashback\/wp-content\/uploads\/2019\/10\/valentina-blog.jpg\",\"contentUrl\":\"https:\/\/www.rabattcorner.ch\/cashback\/wp-content\/uploads\/2019\/10\/valentina-blog.jpg\",\"width\":1920,\"height\":1080},{\"@type\":\"BreadcrumbList\",\"@id\":\"https:\/\/www.rabattcorner.ch\/cashback\/fr\/je-recupere-du-cash-sur-mes-achats-en-un-clic\/#breadcrumb\",\"itemListElement\":[{\"@type\":\"ListItem\",\"position\":1,\"name\":\"Cashback\",\"item\":\"https:\/\/www.rabattcorner.ch\/cashback\/\"},{\"@type\":\"ListItem\",\"position\":2,\"name\":\"\u201cJe r\u00e9cup\u00e8re du cash sur mes achats en un clic\u201d\"}]},{\"@type\":\"WebSite\",\"@id\":\"https:\/\/www.rabattcorner.ch\/cashback\/#website\",\"url\":\"https:\/\/www.rabattcorner.ch\/cashback\/\",\"name\":\"Rabattcorner - Cashback\",\"description\":\"Erhalte Cashback f\u00fcr deine Online-Eink\u00e4ufe\",\"alternateName\":\"Rabattcorner\",\"potentialAction\":[{\"@type\":\"SearchAction\",\"target\":{\"@type\":\"EntryPoint\",\"urlTemplate\":\"https:\/\/www.rabattcorner.ch\/cashback\/?s={search_term_string}\"},\"query-input\":{\"@type\":\"PropertyValueSpecification\",\"valueRequired\":true,\"valueName\":\"search_term_string\"}}],\"inLanguage\":\"de-CH\"}]}<\/script>\n<!-- \/ Yoast SEO plugin. -->","yoast_head_json":{"title":"\u201cJe r\u00e9cup\u00e8re du cash sur mes achats en un clic\u201d - Rabattcorner - Cashback","description":"J\u2019utilise l\u2019extension de la plateforme de cashback Rabattcorner et j\u2019ai pu r\u00e9cup\u00e9rer plus de 300 francs sur mes achats en ligne. Voici comment \u00e7a marche.","robots":{"index":"index","follow":"follow","max-snippet":"max-snippet:-1","max-image-preview":"max-image-preview:large","max-video-preview":"max-video-preview:-1"},"canonical":"https:\/\/www.rabattcorner.ch\/cashback\/fr\/je-recupere-du-cash-sur-mes-achats-en-un-clic\/","og_locale":"de_DE","og_type":"article","og_title":"\u201cJe r\u00e9cup\u00e8re du cash sur mes achats en un clic\u201d - Rabattcorner - Cashback","og_description":"J\u2019utilise l\u2019extension de la plateforme de cashback Rabattcorner et j\u2019ai pu r\u00e9cup\u00e9rer plus de 300 francs sur mes achats en ligne. Voici comment \u00e7a marche.","og_url":"https:\/\/www.rabattcorner.ch\/cashback\/fr\/je-recupere-du-cash-sur-mes-achats-en-un-clic\/","og_site_name":"Rabattcorner - Cashback","article_publisher":"https:\/\/www.facebook.com\/rabattcorner","article_modified_time":"2025-11-03T12:48:29+00:00","og_image":[{"width":1920,"height":1080,"url":"https:\/\/www.rabattcorner.ch\/cashback\/wp-content\/uploads\/2019\/10\/valentina-blog.jpg","type":"image\/jpeg"}],"twitter_card":"summary_large_image","twitter_site":"@rabattcorner","twitter_misc":{"Gesch\u00e4tzte Lesezeit":"2\u00a0Minuten"},"schema":{"@context":"https:\/\/schema.org","@graph":[{"@type":"WebPage","@id":"https:\/\/www.rabattcorner.ch\/cashback\/fr\/je-recupere-du-cash-sur-mes-achats-en-un-clic\/","url":"https:\/\/www.rabattcorner.ch\/cashback\/fr\/je-recupere-du-cash-sur-mes-achats-en-un-clic\/","name":"\u201cJe r\u00e9cup\u00e8re du cash sur mes achats en un clic\u201d - Rabattcorner - Cashback","isPartOf":{"@id":"https:\/\/www.rabattcorner.ch\/cashback\/#website"},"primaryImageOfPage":{"@id":"https:\/\/www.rabattcorner.ch\/cashback\/fr\/je-recupere-du-cash-sur-mes-achats-en-un-clic\/#primaryimage"},"image":{"@id":"https:\/\/www.rabattcorner.ch\/cashback\/fr\/je-recupere-du-cash-sur-mes-achats-en-un-clic\/#primaryimage"},"thumbnailUrl":"https:\/\/www.rabattcorner.ch\/cashback\/wp-content\/uploads\/2019\/10\/valentina-blog.jpg","datePublished":"2019-06-03T08:59:47+00:00","dateModified":"2025-11-03T12:48:29+00:00","description":"J\u2019utilise l\u2019extension de la plateforme de cashback Rabattcorner et j\u2019ai pu r\u00e9cup\u00e9rer plus de 300 francs sur mes achats en ligne. Voici comment \u00e7a marche.","breadcrumb":{"@id":"https:\/\/www.rabattcorner.ch\/cashback\/fr\/je-recupere-du-cash-sur-mes-achats-en-un-clic\/#breadcrumb"},"inLanguage":"de-CH","potentialAction":[{"@type":"ReadAction","target":["https:\/\/www.rabattcorner.ch\/cashback\/fr\/je-recupere-du-cash-sur-mes-achats-en-un-clic\/"]}]},{"@type":"ImageObject","inLanguage":"de-CH","@id":"https:\/\/www.rabattcorner.ch\/cashback\/fr\/je-recupere-du-cash-sur-mes-achats-en-un-clic\/#primaryimage","url":"https:\/\/www.rabattcorner.ch\/cashback\/wp-content\/uploads\/2019\/10\/valentina-blog.jpg","contentUrl":"https:\/\/www.rabattcorner.ch\/cashback\/wp-content\/uploads\/2019\/10\/valentina-blog.jpg","width":1920,"height":1080},{"@type":"BreadcrumbList","@id":"https:\/\/www.rabattcorner.ch\/cashback\/fr\/je-recupere-du-cash-sur-mes-achats-en-un-clic\/#breadcrumb","itemListElement":[{"@type":"ListItem","position":1,"name":"Cashback","item":"https:\/\/www.rabattcorner.ch\/cashback\/"},{"@type":"ListItem","position":2,"name":"\u201cJe r\u00e9cup\u00e8re du cash sur mes achats en un clic\u201d"}]},{"@type":"WebSite","@id":"https:\/\/www.rabattcorner.ch\/cashback\/#website","url":"https:\/\/www.rabattcorner.ch\/cashback\/","name":"Rabattcorner - Cashback","description":"Erhalte Cashback f\u00fcr deine Online-Eink\u00e4ufe","alternateName":"Rabattcorner","potentialAction":[{"@type":"SearchAction","target":{"@type":"EntryPoint","urlTemplate":"https:\/\/www.rabattcorner.ch\/cashback\/?s={search_term_string}"},"query-input":{"@type":"PropertyValueSpecification","valueRequired":true,"valueName":"search_term_string"}}],"inLanguage":"de-CH"}]}},"lang":"fr","translations":{"fr":1229,"de":1189},"pll_sync_post":{},"_links":{"self":[{"href":"https:\/\/www.rabattcorner.ch\/cashback\/wp-json\/wp\/v2\/pages\/1229","targetHints":{"allow":["GET"]}}],"collection":[{"href":"https:\/\/www.rabattcorner.ch\/cashback\/wp-json\/wp\/v2\/pages"}],"about":[{"href":"https:\/\/www.rabattcorner.ch\/cashback\/wp-json\/wp\/v2\/types\/page"}],"author":[{"embeddable":true,"href":"https:\/\/www.rabattcorner.ch\/cashback\/wp-json\/wp\/v2\/users\/3"}],"replies":[{"embeddable":true,"href":"https:\/\/www.rabattcorner.ch\/cashback\/wp-json\/wp\/v2\/comments?post=1229"}],"version-history":[{"count":33,"href":"https:\/\/www.rabattcorner.ch\/cashback\/wp-json\/wp\/v2\/pages\/1229\/revisions"}],"predecessor-version":[{"id":6121,"href":"https:\/\/www.rabattcorner.ch\/cashback\/wp-json\/wp\/v2\/pages\/1229\/revisions\/6121"}],"wp:featuredmedia":[{"embeddable":true,"href":"https:\/\/www.rabattcorner.ch\/cashback\/wp-json\/wp\/v2\/media\/2254"}],"wp:attachment":[{"href":"https:\/\/www.rabattcorner.ch\/cashback\/wp-json\/wp\/v2\/media?parent=1229"}],"curies":[{"name":"wp","href":"https:\/\/api.w.org\/{rel}","templated":true}]}}