{"id":1189,"date":"2019-06-03T08:11:04","date_gmt":"2019-06-03T08:11:04","guid":{"rendered":"https:\/\/www.rabattcorner.ch\/cashback\/?page_id=1189"},"modified":"2026-02-09T16:51:27","modified_gmt":"2026-02-09T16:51:27","slug":"wie-ich-einfach-und-schnell-hunderte-von-franken-spare","status":"publish","type":"page","link":"https:\/\/www.rabattcorner.ch\/cashback\/wie-ich-einfach-und-schnell-hunderte-von-franken-spare\/","title":{"rendered":"\u00abMit einem Klick erhalte ich Geld zur\u00fcck\u00bb"},"content":{"rendered":"\n<h2 class=\"wp-block-heading\">Noch nicht \u00fcberzeugt? F\u00fcnf Gr\u00fcnde warum du Cashback nutzen solltest:<\/h2>\n\n\n\n<h3 class=\"wp-block-heading\">1. Du erh\u00e4ltst bis zu 25% des Einkaufsbetrages zur\u00fcck<\/h3>\n\n\n\n<p>Durch die Nutzung einer Cashback-Plattform kannst du bis zu 25% des Kaufpreises oder \u00bc deiner Ausgaben in Form von Cashback zur\u00fcckerhalten. Wer h\u00e4ufig online kauft, kann so mehrere hundert Franken pro Jahr zur\u00fcckerstattet bekommen. <\/p>\n\n\n\n<h3 class=\"wp-block-heading\">2. Du kannst in mehr als 790 Schweizer Online Shops einkaufen<\/h3>\n\n\n\n<p>Du kannst bei jeder Bestellung in \u00fcber 790 Online Shops im Bereich Reisen, Mode, Technik oder Haushaltsger\u00e4te von Cashback profitieren. Zu den bekanntesten Shops geh\u00f6ren Microspot, Booking.com, Media Markt, Tchibo, ebookers oder AliExpress. <\/p>\n\n\n\n<h3 class=\"wp-block-heading\">3. Deine Anmeldung ist 100% kostenlos<\/h3>\n\n\n\n<p>Die Anmeldung und Nutzung der Rabattcorner Cashback-Plattform ist kostenlos. Sie wird durch die Provisionen finanziert, die sie von ihren Partnern erh\u00e4lt, wenn eine Bestellung \u00fcber die Webseite generiert wird. Der Nutzer zahlt keine Geb\u00fchren.<\/p>\n\n\n\n<h3 class=\"wp-block-heading\">4. Die Aktivierung des Cashbacks kostet dich wenige Sekunden<\/h3>\n\n\n\n<p>Nachdem du dich auf der Plattform registriert und einen Shop ausgew\u00e4hlt hast, kannst du deine Eink\u00e4ufe wie gewohnt online im Shop t\u00e4tigen. Du erh\u00e4ltst dann die R\u00fcckerstattung automatisch auf deinem Benutzerkonto gutgeschrieben. Ab CHF 20.- kannst du den Cashback mit einem Klick auf dein Bank- oder Paypal-Konto auszahlen. &nbsp;&nbsp;<\/p>\n\n\n\n<h3 class=\"wp-block-heading\">5. Du kannst den Cashback auch mit Gutscheinen und Rabattcodes kombinieren<\/h3>\n\n\n\n<p>Zus\u00e4tzlich zum Cashback kannst du Gutscheincodes und Aktionsangebote nutzen, die in Partnershops g\u00fcltig sind. Du profitierst von den besten Preisen und erheblichen Einsparungen bei allen deinen Online-Bestellungen.<\/p>\n\n\n\n<figure class=\"wp-block-embed is-type-video is-provider-vimeo wp-block-embed-vimeo wp-embed-aspect-16-9 wp-has-aspect-ratio\"><div class=\"wp-block-embed__wrapper\">\n<iframe loading=\"lazy\" title=\"Wie funktioniert das gratis Rabattcorner Addon?\" src=\"https:\/\/player.vimeo.com\/video\/706230380?dnt=1&amp;app_id=122963\" width=\"500\" height=\"281\" frameborder=\"0\" allow=\"autoplay; fullscreen; picture-in-picture; clipboard-write; encrypted-media; web-share\" referrerpolicy=\"strict-origin-when-cross-origin\"><\/iframe>\n<\/div><\/figure>\n\n\n\n<p>Noch nie war es so einfach, Geld zu sparen! Durch die Nutzung der Cashback-Plattform wird jeder Kauf zum Schn\u00e4ppchen. Rabattcorner hat seit seiner Gr\u00fcndung im Jahr 2014 bereits mehr als 3 Million Franken an seine Nutzer zur\u00fcckgezahlt. Warum solltest du darauf verzichten?<\/p>\n","protected":false},"excerpt":{"rendered":"<p>Peter bestellt regelm\u00e4ssig in Shops wie AliExpress, ABOUT YOU, Manor oder bucht Reisen bei ebookers oder Hotels.com und erh\u00e4lt dabei jedes Mal Cashback. So hat er bereits mehrere hundert Franken gespart.<br \/>\nEr erkl\u00e4rt im Video wie es mit der Browser-Erweiterung von Rabattcorner ganz einfach funktioniert. <\/p>\n","protected":false},"author":3,"featured_media":1311,"parent":0,"menu_order":0,"comment_status":"closed","ping_status":"closed","template":"templates\/template-additional.php","meta":{"footnotes":""},"class_list":["post-1189","page","type-page","status-publish","has-post-thumbnail","hentry"],"yoast_head":"<!-- This site is optimized with the Yoast SEO plugin v27.1.1 - https:\/\/yoast.com\/product\/yoast-seo-wordpress\/ -->\n<title>\u00abMit einem Klick erhalte ich Geld zur\u00fcck\u00bb - Rabattcorner - Cashback<\/title>\n<meta name=\"description\" content=\"Dank der Cashback-Website Rabattcorner kannst du bis zu 25% Cashback in \u00fcber 790 Shops zur\u00fcckerhalten. Erfahre jetzt wie es funktioniert!\" \/>\n<meta name=\"robots\" content=\"index, follow, max-snippet:-1, max-image-preview:large, max-video-preview:-1\" \/>\n<link rel=\"canonical\" href=\"https:\/\/www.rabattcorner.ch\/cashback\/wie-ich-einfach-und-schnell-hunderte-von-franken-spare\/\" \/>\n<meta property=\"og:locale\" content=\"de_DE\" \/>\n<meta property=\"og:type\" content=\"article\" \/>\n<meta property=\"og:title\" content=\"\u00abMit einem Klick erhalte ich Geld zur\u00fcck\u00bb - Rabattcorner - Cashback\" \/>\n<meta property=\"og:description\" content=\"Dank der Cashback-Website Rabattcorner kannst du bis zu 25% Cashback in \u00fcber 790 Shops zur\u00fcckerhalten. Erfahre jetzt wie es funktioniert!\" \/>\n<meta property=\"og:url\" content=\"https:\/\/www.rabattcorner.ch\/cashback\/wie-ich-einfach-und-schnell-hunderte-von-franken-spare\/\" \/>\n<meta property=\"og:site_name\" content=\"Rabattcorner - Cashback\" \/>\n<meta property=\"article:publisher\" content=\"https:\/\/www.facebook.com\/rabattcorner\" \/>\n<meta property=\"article:modified_time\" content=\"2026-02-09T16:51:27+00:00\" \/>\n<meta property=\"og:image\" content=\"https:\/\/www.rabattcorner.ch\/cashback\/wp-content\/uploads\/2019\/06\/einfach-und-schnell-sparen.jpg\" \/>\n\t<meta property=\"og:image:width\" content=\"1080\" \/>\n\t<meta property=\"og:image:height\" content=\"720\" \/>\n\t<meta property=\"og:image:type\" content=\"image\/jpeg\" \/>\n<meta name=\"twitter:card\" content=\"summary_large_image\" \/>\n<meta name=\"twitter:site\" content=\"@rabattcorner\" \/>\n<meta name=\"twitter:label1\" content=\"Gesch\u00e4tzte Lesezeit\" \/>\n\t<meta name=\"twitter:data1\" content=\"2\u00a0Minuten\" \/>\n<script type=\"application\/ld+json\" class=\"yoast-schema-graph\">{\"@context\":\"https:\/\/schema.org\",\"@graph\":[{\"@type\":\"WebPage\",\"@id\":\"https:\/\/www.rabattcorner.ch\/cashback\/wie-ich-einfach-und-schnell-hunderte-von-franken-spare\/\",\"url\":\"https:\/\/www.rabattcorner.ch\/cashback\/wie-ich-einfach-und-schnell-hunderte-von-franken-spare\/\",\"name\":\"\u00abMit einem Klick erhalte ich Geld zur\u00fcck\u00bb - Rabattcorner - Cashback\",\"isPartOf\":{\"@id\":\"https:\/\/www.rabattcorner.ch\/cashback\/#website\"},\"primaryImageOfPage\":{\"@id\":\"https:\/\/www.rabattcorner.ch\/cashback\/wie-ich-einfach-und-schnell-hunderte-von-franken-spare\/#primaryimage\"},\"image\":{\"@id\":\"https:\/\/www.rabattcorner.ch\/cashback\/wie-ich-einfach-und-schnell-hunderte-von-franken-spare\/#primaryimage\"},\"thumbnailUrl\":\"https:\/\/www.rabattcorner.ch\/cashback\/wp-content\/uploads\/2019\/06\/einfach-und-schnell-sparen.jpg\",\"datePublished\":\"2019-06-03T08:11:04+00:00\",\"dateModified\":\"2026-02-09T16:51:27+00:00\",\"description\":\"Dank der Cashback-Website Rabattcorner kannst du bis zu 25% Cashback in \u00fcber 790 Shops zur\u00fcckerhalten. Erfahre jetzt wie es funktioniert!\",\"breadcrumb\":{\"@id\":\"https:\/\/www.rabattcorner.ch\/cashback\/wie-ich-einfach-und-schnell-hunderte-von-franken-spare\/#breadcrumb\"},\"inLanguage\":\"de-CH\",\"potentialAction\":[{\"@type\":\"ReadAction\",\"target\":[\"https:\/\/www.rabattcorner.ch\/cashback\/wie-ich-einfach-und-schnell-hunderte-von-franken-spare\/\"]}]},{\"@type\":\"ImageObject\",\"inLanguage\":\"de-CH\",\"@id\":\"https:\/\/www.rabattcorner.ch\/cashback\/wie-ich-einfach-und-schnell-hunderte-von-franken-spare\/#primaryimage\",\"url\":\"https:\/\/www.rabattcorner.ch\/cashback\/wp-content\/uploads\/2019\/06\/einfach-und-schnell-sparen.jpg\",\"contentUrl\":\"https:\/\/www.rabattcorner.ch\/cashback\/wp-content\/uploads\/2019\/06\/einfach-und-schnell-sparen.jpg\",\"width\":1080,\"height\":720,\"caption\":\"\u201cWie ich einfach und schnell Hunderte von Franken spare\u201d\"},{\"@type\":\"BreadcrumbList\",\"@id\":\"https:\/\/www.rabattcorner.ch\/cashback\/wie-ich-einfach-und-schnell-hunderte-von-franken-spare\/#breadcrumb\",\"itemListElement\":[{\"@type\":\"ListItem\",\"position\":1,\"name\":\"Cashback\",\"item\":\"https:\/\/www.rabattcorner.ch\/cashback\/\"},{\"@type\":\"ListItem\",\"position\":2,\"name\":\"\u00abMit einem Klick erhalte ich Geld zur\u00fcck\u00bb\"}]},{\"@type\":\"WebSite\",\"@id\":\"https:\/\/www.rabattcorner.ch\/cashback\/#website\",\"url\":\"https:\/\/www.rabattcorner.ch\/cashback\/\",\"name\":\"Rabattcorner - Cashback\",\"description\":\"Erhalte Cashback f\u00fcr deine Online-Eink\u00e4ufe\",\"alternateName\":\"Rabattcorner\",\"potentialAction\":[{\"@type\":\"SearchAction\",\"target\":{\"@type\":\"EntryPoint\",\"urlTemplate\":\"https:\/\/www.rabattcorner.ch\/cashback\/?s={search_term_string}\"},\"query-input\":{\"@type\":\"PropertyValueSpecification\",\"valueRequired\":true,\"valueName\":\"search_term_string\"}}],\"inLanguage\":\"de-CH\"}]}<\/script>\n<!-- \/ Yoast SEO plugin. -->","yoast_head_json":{"title":"\u00abMit einem Klick erhalte ich Geld zur\u00fcck\u00bb - Rabattcorner - Cashback","description":"Dank der Cashback-Website Rabattcorner kannst du bis zu 25% Cashback in \u00fcber 790 Shops zur\u00fcckerhalten. Erfahre jetzt wie es funktioniert!","robots":{"index":"index","follow":"follow","max-snippet":"max-snippet:-1","max-image-preview":"max-image-preview:large","max-video-preview":"max-video-preview:-1"},"canonical":"https:\/\/www.rabattcorner.ch\/cashback\/wie-ich-einfach-und-schnell-hunderte-von-franken-spare\/","og_locale":"de_DE","og_type":"article","og_title":"\u00abMit einem Klick erhalte ich Geld zur\u00fcck\u00bb - Rabattcorner - Cashback","og_description":"Dank der Cashback-Website Rabattcorner kannst du bis zu 25% Cashback in \u00fcber 790 Shops zur\u00fcckerhalten. Erfahre jetzt wie es funktioniert!","og_url":"https:\/\/www.rabattcorner.ch\/cashback\/wie-ich-einfach-und-schnell-hunderte-von-franken-spare\/","og_site_name":"Rabattcorner - Cashback","article_publisher":"https:\/\/www.facebook.com\/rabattcorner","article_modified_time":"2026-02-09T16:51:27+00:00","og_image":[{"width":1080,"height":720,"url":"https:\/\/www.rabattcorner.ch\/cashback\/wp-content\/uploads\/2019\/06\/einfach-und-schnell-sparen.jpg","type":"image\/jpeg"}],"twitter_card":"summary_large_image","twitter_site":"@rabattcorner","twitter_misc":{"Gesch\u00e4tzte Lesezeit":"2\u00a0Minuten"},"schema":{"@context":"https:\/\/schema.org","@graph":[{"@type":"WebPage","@id":"https:\/\/www.rabattcorner.ch\/cashback\/wie-ich-einfach-und-schnell-hunderte-von-franken-spare\/","url":"https:\/\/www.rabattcorner.ch\/cashback\/wie-ich-einfach-und-schnell-hunderte-von-franken-spare\/","name":"\u00abMit einem Klick erhalte ich Geld zur\u00fcck\u00bb - Rabattcorner - Cashback","isPartOf":{"@id":"https:\/\/www.rabattcorner.ch\/cashback\/#website"},"primaryImageOfPage":{"@id":"https:\/\/www.rabattcorner.ch\/cashback\/wie-ich-einfach-und-schnell-hunderte-von-franken-spare\/#primaryimage"},"image":{"@id":"https:\/\/www.rabattcorner.ch\/cashback\/wie-ich-einfach-und-schnell-hunderte-von-franken-spare\/#primaryimage"},"thumbnailUrl":"https:\/\/www.rabattcorner.ch\/cashback\/wp-content\/uploads\/2019\/06\/einfach-und-schnell-sparen.jpg","datePublished":"2019-06-03T08:11:04+00:00","dateModified":"2026-02-09T16:51:27+00:00","description":"Dank der Cashback-Website Rabattcorner kannst du bis zu 25% Cashback in \u00fcber 790 Shops zur\u00fcckerhalten. Erfahre jetzt wie es funktioniert!","breadcrumb":{"@id":"https:\/\/www.rabattcorner.ch\/cashback\/wie-ich-einfach-und-schnell-hunderte-von-franken-spare\/#breadcrumb"},"inLanguage":"de-CH","potentialAction":[{"@type":"ReadAction","target":["https:\/\/www.rabattcorner.ch\/cashback\/wie-ich-einfach-und-schnell-hunderte-von-franken-spare\/"]}]},{"@type":"ImageObject","inLanguage":"de-CH","@id":"https:\/\/www.rabattcorner.ch\/cashback\/wie-ich-einfach-und-schnell-hunderte-von-franken-spare\/#primaryimage","url":"https:\/\/www.rabattcorner.ch\/cashback\/wp-content\/uploads\/2019\/06\/einfach-und-schnell-sparen.jpg","contentUrl":"https:\/\/www.rabattcorner.ch\/cashback\/wp-content\/uploads\/2019\/06\/einfach-und-schnell-sparen.jpg","width":1080,"height":720,"caption":"\u201cWie ich einfach und schnell Hunderte von Franken spare\u201d"},{"@type":"BreadcrumbList","@id":"https:\/\/www.rabattcorner.ch\/cashback\/wie-ich-einfach-und-schnell-hunderte-von-franken-spare\/#breadcrumb","itemListElement":[{"@type":"ListItem","position":1,"name":"Cashback","item":"https:\/\/www.rabattcorner.ch\/cashback\/"},{"@type":"ListItem","position":2,"name":"\u00abMit einem Klick erhalte ich Geld zur\u00fcck\u00bb"}]},{"@type":"WebSite","@id":"https:\/\/www.rabattcorner.ch\/cashback\/#website","url":"https:\/\/www.rabattcorner.ch\/cashback\/","name":"Rabattcorner - Cashback","description":"Erhalte Cashback f\u00fcr deine Online-Eink\u00e4ufe","alternateName":"Rabattcorner","potentialAction":[{"@type":"SearchAction","target":{"@type":"EntryPoint","urlTemplate":"https:\/\/www.rabattcorner.ch\/cashback\/?s={search_term_string}"},"query-input":{"@type":"PropertyValueSpecification","valueRequired":true,"valueName":"search_term_string"}}],"inLanguage":"de-CH"}]}},"lang":"de","translations":{"de":1189,"fr":1229},"pll_sync_post":{},"_links":{"self":[{"href":"https:\/\/www.rabattcorner.ch\/cashback\/wp-json\/wp\/v2\/pages\/1189","targetHints":{"allow":["GET"]}}],"collection":[{"href":"https:\/\/www.rabattcorner.ch\/cashback\/wp-json\/wp\/v2\/pages"}],"about":[{"href":"https:\/\/www.rabattcorner.ch\/cashback\/wp-json\/wp\/v2\/types\/page"}],"author":[{"embeddable":true,"href":"https:\/\/www.rabattcorner.ch\/cashback\/wp-json\/wp\/v2\/users\/3"}],"replies":[{"embeddable":true,"href":"https:\/\/www.rabattcorner.ch\/cashback\/wp-json\/wp\/v2\/comments?post=1189"}],"version-history":[{"count":92,"href":"https:\/\/www.rabattcorner.ch\/cashback\/wp-json\/wp\/v2\/pages\/1189\/revisions"}],"predecessor-version":[{"id":6122,"href":"https:\/\/www.rabattcorner.ch\/cashback\/wp-json\/wp\/v2\/pages\/1189\/revisions\/6122"}],"wp:featuredmedia":[{"embeddable":true,"href":"https:\/\/www.rabattcorner.ch\/cashback\/wp-json\/wp\/v2\/media\/1311"}],"wp:attachment":[{"href":"https:\/\/www.rabattcorner.ch\/cashback\/wp-json\/wp\/v2\/media?parent=1189"}],"curies":[{"name":"wp","href":"https:\/\/api.w.org\/{rel}","templated":true}]}}